{"id":99,"date":"2019-03-26T14:40:50","date_gmt":"2019-03-26T13:40:50","guid":{"rendered":"http:\/\/localhost\/bruzane\/?page_id=99"},"modified":"2025-07-03T16:38:04","modified_gmt":"2025-07-03T14:38:04","slug":"programmazione","status":"publish","type":"page","link":"https:\/\/bru-zane.com\/fr\/programmazione\/","title":{"rendered":"Programmation"},"content":{"rendered":"<p>L'organisation de concerts, d'\u00e9v\u00e9nements et de spectacles de musique classique se trouve au c\u0153ur de l'activit\u00e9 de red\u00e9couverte et de valorisation du r\u00e9pertoire romantique fran\u00e7ais.<\/p>\n<p>Toute la saison 2025\/26 est jalonn\u00e9e de concerts de musique de chambre \u00e0 Venise, et d'op\u00e9ras en versions sc\u00e9nique et concertante \u00e0 Paris, Budapest, mais aussi Munich, Ath\u00e8nes et Dallas, pour ne citer que quelques exemples.<\/p>\n<p>Au cours de la saison 2025\/26, Herv\u00e9, Offenbach et l'op\u00e9rette seront au centre du premier cycle, avec des concerts de musique classique : de la musique \u00ab l\u00e9g\u00e8re \u00bb, valoris\u00e9e \u00e0 Venise par des instruments rarement programm\u00e9s tels que la guitare, la mandoline, l\u2019accord\u00e9on.... Dans la deuxi\u00e8me partie de la saison, la musique compos\u00e9e par Louise Farrenc et ses contemporains sera propos\u00e9e lors de concerts symphoniques, de musique de chambre et d'op\u00e9ra dans plusieurs villes d'Europe et du Canada.<\/p>","protected":false},"excerpt":{"rendered":"<p>L'organisation de concerts, d'\u00e9v\u00e9nements et de spectacles de musique classique se trouve au c\u0153ur de l'activit\u00e9 de red\u00e9couverte et de valorisation du r\u00e9pertoire romantique fran\u00e7ais. Toute la saison 2025\/26 est jalonn\u00e9e de concerts de musique de chambre \u00e0 Venise, et d'op\u00e9ras en versions sc\u00e9nique et concertante \u00e0 Paris, Budapest, mais aussi Munich, Ath\u00e8nes et Dallas, [&hellip;]<\/p>\n","protected":false},"author":1,"featured_media":0,"parent":0,"menu_order":0,"comment_status":"closed","ping_status":"closed","template":"template\/page-programmazione.php","meta":{"footnotes":""},"class_list":["post-99","page","type-page","status-publish","hentry"],"yoast_head":"<!-- This site is optimized with the Yoast SEO plugin v27.3 - https:\/\/yoast.com\/product\/yoast-seo-wordpress\/ -->\n<title>Programmation - Palazzetto Bru Zane<\/title>\n<meta name=\"description\" content=\"D\u00e9couvrez tous les \u00e9v\u00e9nements programm\u00e9s: concerts de musique classique, musique l\u00e9g\u00e8re, musique de chambre, op\u00e9ra, op\u00e9rette, conf\u00e9rences et bien plus encore.\" \/>\n<meta name=\"robots\" content=\"index, follow, max-snippet:-1, max-image-preview:large, max-video-preview:-1\" \/>\n<link rel=\"canonical\" href=\"https:\/\/bru-zane.com\/fr\/programmazione\/\" \/>\n<meta property=\"og:locale\" content=\"fr_FR\" \/>\n<meta property=\"og:type\" content=\"article\" \/>\n<meta property=\"og:title\" content=\"Programmation - Palazzetto Bru Zane\" \/>\n<meta property=\"og:description\" content=\"D\u00e9couvrez tous les \u00e9v\u00e9nements programm\u00e9s: concerts de musique classique, musique l\u00e9g\u00e8re, musique de chambre, op\u00e9ra, op\u00e9rette, conf\u00e9rences et bien plus encore.\" \/>\n<meta property=\"og:url\" content=\"https:\/\/bru-zane.com\/fr\/programmazione\/\" \/>\n<meta property=\"og:site_name\" content=\"Palazzetto Bru Zane\" \/>\n<meta property=\"article:publisher\" content=\"https:\/\/www.facebook.com\/PalazzettoBruZane\/\" \/>\n<meta property=\"article:modified_time\" content=\"2025-07-03T14:38:04+00:00\" \/>\n<meta property=\"og:image\" content=\"https:\/\/bru-zane.com\/wp-content\/uploads\/2020\/06\/PBZ-Giardino-c-Matteo-De-Fina-1024x756.jpg\" \/>\n\t<meta property=\"og:image:width\" content=\"1024\" \/>\n\t<meta property=\"og:image:height\" content=\"756\" \/>\n\t<meta property=\"og:image:type\" content=\"image\/jpeg\" \/>\n<meta name=\"twitter:card\" content=\"summary_large_image\" \/>\n<meta name=\"twitter:site\" content=\"@BruZane\" \/>\n<meta name=\"twitter:label1\" content=\"Dur\u00e9e de lecture estim\u00e9e\" \/>\n\t<meta name=\"twitter:data1\" content=\"1 minute\" \/>\n<script type=\"application\/ld+json\" class=\"yoast-schema-graph\">{\"@context\":\"https:\\\/\\\/schema.org\",\"@graph\":[{\"@type\":\"WebPage\",\"@id\":\"https:\\\/\\\/bru-zane.com\\\/fr\\\/programmazione\\\/\",\"url\":\"https:\\\/\\\/bru-zane.com\\\/fr\\\/programmazione\\\/\",\"name\":\"Programmation - Palazzetto Bru Zane\",\"isPartOf\":{\"@id\":\"https:\\\/\\\/bru-zane.com\\\/fr\\\/#website\"},\"datePublished\":\"2019-03-26T13:40:50+00:00\",\"dateModified\":\"2025-07-03T14:38:04+00:00\",\"description\":\"D\u00e9couvrez tous les \u00e9v\u00e9nements programm\u00e9s: concerts de musique classique, musique l\u00e9g\u00e8re, musique de chambre, op\u00e9ra, op\u00e9rette, conf\u00e9rences et bien plus encore.\",\"breadcrumb\":{\"@id\":\"https:\\\/\\\/bru-zane.com\\\/fr\\\/programmazione\\\/#breadcrumb\"},\"inLanguage\":\"fr-FR\",\"potentialAction\":[{\"@type\":\"ReadAction\",\"target\":[[\"https:\\\/\\\/bru-zane.com\\\/fr\\\/programmazione\\\/\"]]}]},{\"@type\":\"BreadcrumbList\",\"@id\":\"https:\\\/\\\/bru-zane.com\\\/fr\\\/programmazione\\\/#breadcrumb\",\"itemListElement\":[{\"@type\":\"ListItem\",\"position\":1,\"name\":\"Home\",\"item\":\"https:\\\/\\\/bru-zane.com\\\/fr\\\/\"},{\"@type\":\"ListItem\",\"position\":2,\"name\":\"Programmation\"}]},{\"@type\":\"WebSite\",\"@id\":\"https:\\\/\\\/bru-zane.com\\\/fr\\\/#website\",\"url\":\"https:\\\/\\\/bru-zane.com\\\/fr\\\/\",\"name\":\"Palazzetto Bru Zane\",\"description\":\"\",\"publisher\":{\"@id\":\"https:\\\/\\\/bru-zane.com\\\/fr\\\/#organization\"},\"potentialAction\":[{\"@type\":\"SearchAction\",\"target\":{\"@type\":\"EntryPoint\",\"urlTemplate\":\"https:\\\/\\\/bru-zane.com\\\/fr\\\/?s={search_term_string}\"},\"query-input\":{\"@type\":\"PropertyValueSpecification\",\"valueRequired\":true,\"valueName\":\"search_term_string\"}}],\"inLanguage\":\"fr-FR\"},{\"@type\":\"Organization\",\"@id\":\"https:\\\/\\\/bru-zane.com\\\/fr\\\/#organization\",\"name\":\"Palazzetto Bru Zane\",\"url\":\"https:\\\/\\\/bru-zane.com\\\/fr\\\/\",\"logo\":{\"@type\":\"ImageObject\",\"inLanguage\":\"fr-FR\",\"@id\":\"https:\\\/\\\/bru-zane.com\\\/fr\\\/#\\\/schema\\\/logo\\\/image\\\/\",\"url\":\"https:\\\/\\\/bru-zane.com\\\/wp-content\\\/uploads\\\/2019\\\/03\\\/logobruzane.png\",\"contentUrl\":\"https:\\\/\\\/bru-zane.com\\\/wp-content\\\/uploads\\\/2019\\\/03\\\/logobruzane.png\",\"width\":740,\"height\":1458,\"caption\":\"Palazzetto Bru Zane\"},\"image\":{\"@id\":\"https:\\\/\\\/bru-zane.com\\\/fr\\\/#\\\/schema\\\/logo\\\/image\\\/\"},\"sameAs\":[\"https:\\\/\\\/www.facebook.com\\\/PalazzettoBruZane\\\/\",\"https:\\\/\\\/x.com\\\/BruZane\",\"https:\\\/\\\/www.instagram.com\\\/palazzettobruzane\\\/\",\"https:\\\/\\\/it.linkedin.com\\\/company\\\/palazzetto-bru-zane---centre-de-musique-romantique-fran-aise\",\"https:\\\/\\\/www.youtube.com\\\/user\\\/PalazzettoBruZane\",\"https:\\\/\\\/it.wikipedia.org\\\/wiki\\\/Palazzetto_Bru_Zane_-_Centre_de_musique_romantique_fran\u00e7aise\"]}]}<\/script>\n<!-- \/ Yoast SEO plugin. -->","yoast_head_json":{"title":"Programmation - Palazzetto Bru Zane","description":"D\u00e9couvrez tous les \u00e9v\u00e9nements programm\u00e9s: concerts de musique classique, musique l\u00e9g\u00e8re, musique de chambre, op\u00e9ra, op\u00e9rette, conf\u00e9rences et bien plus encore.","robots":{"index":"index","follow":"follow","max-snippet":"max-snippet:-1","max-image-preview":"max-image-preview:large","max-video-preview":"max-video-preview:-1"},"canonical":"https:\/\/bru-zane.com\/fr\/programmazione\/","og_locale":"fr_FR","og_type":"article","og_title":"Programmation - Palazzetto Bru Zane","og_description":"D\u00e9couvrez tous les \u00e9v\u00e9nements programm\u00e9s: concerts de musique classique, musique l\u00e9g\u00e8re, musique de chambre, op\u00e9ra, op\u00e9rette, conf\u00e9rences et bien plus encore.","og_url":"https:\/\/bru-zane.com\/fr\/programmazione\/","og_site_name":"Palazzetto Bru Zane","article_publisher":"https:\/\/www.facebook.com\/PalazzettoBruZane\/","article_modified_time":"2025-07-03T14:38:04+00:00","og_image":[{"width":1024,"height":756,"url":"https:\/\/bru-zane.com\/wp-content\/uploads\/2020\/06\/PBZ-Giardino-c-Matteo-De-Fina-1024x756.jpg","type":"image\/jpeg"}],"twitter_card":"summary_large_image","twitter_site":"@BruZane","twitter_misc":{"Dur\u00e9e de lecture estim\u00e9e":"1 minute"},"schema":{"@context":"https:\/\/schema.org","@graph":[{"@type":"WebPage","@id":"https:\/\/bru-zane.com\/fr\/programmazione\/","url":"https:\/\/bru-zane.com\/fr\/programmazione\/","name":"Programmation - Palazzetto Bru Zane","isPartOf":{"@id":"https:\/\/bru-zane.com\/fr\/#website"},"datePublished":"2019-03-26T13:40:50+00:00","dateModified":"2025-07-03T14:38:04+00:00","description":"D\u00e9couvrez tous les \u00e9v\u00e9nements programm\u00e9s: concerts de musique classique, musique l\u00e9g\u00e8re, musique de chambre, op\u00e9ra, op\u00e9rette, conf\u00e9rences et bien plus encore.","breadcrumb":{"@id":"https:\/\/bru-zane.com\/fr\/programmazione\/#breadcrumb"},"inLanguage":"fr-FR","potentialAction":[{"@type":"ReadAction","target":[["https:\/\/bru-zane.com\/fr\/programmazione\/"]]}]},{"@type":"BreadcrumbList","@id":"https:\/\/bru-zane.com\/fr\/programmazione\/#breadcrumb","itemListElement":[{"@type":"ListItem","position":1,"name":"Home","item":"https:\/\/bru-zane.com\/fr\/"},{"@type":"ListItem","position":2,"name":"Programmation"}]},{"@type":"WebSite","@id":"https:\/\/bru-zane.com\/fr\/#website","url":"https:\/\/bru-zane.com\/fr\/","name":"Palazzetto Bru Zane","description":"","publisher":{"@id":"https:\/\/bru-zane.com\/fr\/#organization"},"potentialAction":[{"@type":"SearchAction","target":{"@type":"EntryPoint","urlTemplate":"https:\/\/bru-zane.com\/fr\/?s={search_term_string}"},"query-input":{"@type":"PropertyValueSpecification","valueRequired":true,"valueName":"search_term_string"}}],"inLanguage":"fr-FR"},{"@type":"Organization","@id":"https:\/\/bru-zane.com\/fr\/#organization","name":"Palazzetto Bru Zane","url":"https:\/\/bru-zane.com\/fr\/","logo":{"@type":"ImageObject","inLanguage":"fr-FR","@id":"https:\/\/bru-zane.com\/fr\/#\/schema\/logo\/image\/","url":"https:\/\/bru-zane.com\/wp-content\/uploads\/2019\/03\/logobruzane.png","contentUrl":"https:\/\/bru-zane.com\/wp-content\/uploads\/2019\/03\/logobruzane.png","width":740,"height":1458,"caption":"Palazzetto Bru Zane"},"image":{"@id":"https:\/\/bru-zane.com\/fr\/#\/schema\/logo\/image\/"},"sameAs":["https:\/\/www.facebook.com\/PalazzettoBruZane\/","https:\/\/x.com\/BruZane","https:\/\/www.instagram.com\/palazzettobruzane\/","https:\/\/it.linkedin.com\/company\/palazzetto-bru-zane---centre-de-musique-romantique-fran-aise","https:\/\/www.youtube.com\/user\/PalazzettoBruZane","https:\/\/it.wikipedia.org\/wiki\/Palazzetto_Bru_Zane_-_Centre_de_musique_romantique_fran\u00e7aise"]}]}},"_links":{"self":[{"href":"https:\/\/bru-zane.com\/fr\/wp-json\/wp\/v2\/pages\/99","targetHints":{"allow":["GET"]}}],"collection":[{"href":"https:\/\/bru-zane.com\/fr\/wp-json\/wp\/v2\/pages"}],"about":[{"href":"https:\/\/bru-zane.com\/fr\/wp-json\/wp\/v2\/types\/page"}],"author":[{"embeddable":true,"href":"https:\/\/bru-zane.com\/fr\/wp-json\/wp\/v2\/users\/1"}],"replies":[{"embeddable":true,"href":"https:\/\/bru-zane.com\/fr\/wp-json\/wp\/v2\/comments?post=99"}],"version-history":[{"count":3,"href":"https:\/\/bru-zane.com\/fr\/wp-json\/wp\/v2\/pages\/99\/revisions"}],"predecessor-version":[{"id":7499,"href":"https:\/\/bru-zane.com\/fr\/wp-json\/wp\/v2\/pages\/99\/revisions\/7499"}],"wp:attachment":[{"href":"https:\/\/bru-zane.com\/fr\/wp-json\/wp\/v2\/media?parent=99"}],"curies":[{"name":"wp","href":"https:\/\/api.w.org\/{rel}","templated":true}]}}