{"id":7177,"date":"2025-05-02T08:59:52","date_gmt":"2025-05-02T06:59:52","guid":{"rendered":"https:\/\/bru-zane.com\/?page_id=7177"},"modified":"2025-10-08T10:29:13","modified_gmt":"2025-10-08T08:29:13","slug":"attivita-per-le-scuole-2025-2026","status":"publish","type":"page","link":"https:\/\/bru-zane.com\/fr\/scopri\/attivita-per-le-scuole-2025-2026\/","title":{"rendered":"Activit\u00e9s pour les \u00e9coles 2025\/2026 (Italie)"},"content":{"rendered":"<p>Depuis son ouverture au public en 2009, le Palazzetto Bru Zane d\u00e9veloppe sa mission de diffusion de la musique romantique fran\u00e7aise en portant une attention particuli\u00e8re \u00e0 la p\u00e9dagogie. Depuis 2012, presque 200 classes d\u2019\u00e9coles primaires de la V\u00e9n\u00e9tie ont particip\u00e9 au projet Romantici in erba ayant pour objectif de rapprocher les plus petits \u00e0 la musique classique \u00e0 travers une approche ludique et amusante. Depuis 2014, le projet a \u00e9t\u00e9 \u00e9tendu aux \u00e9coles maternelles de Venise en adaptant les contenus au jeune \u00e2ge des participants. \u00a0\u00a0<\/p>","protected":false},"excerpt":{"rendered":"<p>Depuis son ouverture au public en 2009, le Palazzetto Bru Zane d\u00e9veloppe sa mission de diffusion de la musique romantique fran\u00e7aise en portant une attention particuli\u00e8re \u00e0 la p\u00e9dagogie. Depuis 2012, presque 200 classes d\u2019\u00e9coles primaires de la V\u00e9n\u00e9tie ont particip\u00e9 au projet Romantici in erba ayant pour objectif de rapprocher les plus petits \u00e0 [&hellip;]<\/p>\n","protected":false},"author":4,"featured_media":7378,"parent":703,"menu_order":0,"comment_status":"closed","ping_status":"closed","template":"template\/page-didattica.php","meta":{"footnotes":""},"class_list":["post-7177","page","type-page","status-publish","has-post-thumbnail","hentry"],"yoast_head":"<!-- This site is optimized with the Yoast SEO plugin v27.3 - https:\/\/yoast.com\/product\/yoast-seo-wordpress\/ -->\n<title>Activit\u00e9s \u00e9ducatives pour les \u00e9coles - Palazzetto Bru Zane<\/title>\n<meta name=\"description\" content=\"Informations sur les activit\u00e9s \u00e9ducatives pour les \u00e9coles organis\u00e9es par le Palazzetto Bru Zane. Activit\u00e9s pour les \u00e9coles maternelles, primaires et secondaires.\" \/>\n<meta name=\"robots\" content=\"index, follow, max-snippet:-1, max-image-preview:large, max-video-preview:-1\" \/>\n<link rel=\"canonical\" href=\"https:\/\/bru-zane.com\/fr\/scopri\/attivita-per-le-scuole-2025-2026\/\" \/>\n<meta property=\"og:locale\" content=\"fr_FR\" \/>\n<meta property=\"og:type\" content=\"article\" \/>\n<meta property=\"og:title\" content=\"Activit\u00e9s \u00e9ducatives pour les \u00e9coles - Palazzetto Bru Zane\" \/>\n<meta property=\"og:description\" content=\"Informations sur les activit\u00e9s \u00e9ducatives pour les \u00e9coles organis\u00e9es par le Palazzetto Bru Zane. Activit\u00e9s pour les \u00e9coles maternelles, primaires et secondaires.\" \/>\n<meta property=\"og:url\" content=\"https:\/\/bru-zane.com\/fr\/scopri\/attivita-per-le-scuole-2025-2026\/\" \/>\n<meta property=\"og:site_name\" content=\"Palazzetto Bru Zane\" \/>\n<meta property=\"article:publisher\" content=\"https:\/\/www.facebook.com\/PalazzettoBruZane\/\" \/>\n<meta property=\"article:modified_time\" content=\"2025-10-08T08:29:13+00:00\" \/>\n<meta property=\"og:image\" content=\"https:\/\/bru-zane.com\/wp-content\/uploads\/2025\/06\/bg_romantici_in_erba_2025.png\" \/>\n\t<meta property=\"og:image:width\" content=\"2400\" \/>\n\t<meta property=\"og:image:height\" content=\"1051\" \/>\n\t<meta property=\"og:image:type\" content=\"image\/png\" \/>\n<meta name=\"twitter:card\" content=\"summary_large_image\" \/>\n<meta name=\"twitter:site\" content=\"@BruZane\" \/>\n<meta name=\"twitter:label1\" content=\"Dur\u00e9e de lecture estim\u00e9e\" \/>\n\t<meta name=\"twitter:data1\" content=\"1 minute\" \/>\n<script type=\"application\/ld+json\" class=\"yoast-schema-graph\">{\"@context\":\"https:\\\/\\\/schema.org\",\"@graph\":[{\"@type\":\"WebPage\",\"@id\":\"https:\\\/\\\/bru-zane.com\\\/fr\\\/scopri\\\/attivita-per-le-scuole-2025-2026\\\/\",\"url\":\"https:\\\/\\\/bru-zane.com\\\/fr\\\/scopri\\\/attivita-per-le-scuole-2025-2026\\\/\",\"name\":\"Activit\u00e9s \u00e9ducatives pour les \u00e9coles - Palazzetto Bru Zane\",\"isPartOf\":{\"@id\":\"https:\\\/\\\/bru-zane.com\\\/fr\\\/#website\"},\"primaryImageOfPage\":{\"@id\":\"https:\\\/\\\/bru-zane.com\\\/fr\\\/scopri\\\/attivita-per-le-scuole-2025-2026\\\/#primaryimage\"},\"image\":{\"@id\":\"https:\\\/\\\/bru-zane.com\\\/scopri\\\/attivita-per-le-scuole-2025-2026\\\/#primaryimage\"},\"thumbnailUrl\":\"https:\\\/\\\/bru-zane.com\\\/wp-content\\\/uploads\\\/2025\\\/06\\\/bg_romantici_in_erba_2025.png\",\"datePublished\":\"2025-05-02T06:59:52+00:00\",\"dateModified\":\"2025-10-08T08:29:13+00:00\",\"description\":\"Informations sur les activit\u00e9s \u00e9ducatives pour les \u00e9coles organis\u00e9es par le Palazzetto Bru Zane. Activit\u00e9s pour les \u00e9coles maternelles, primaires et secondaires.\",\"breadcrumb\":{\"@id\":\"https:\\\/\\\/bru-zane.com\\\/fr\\\/scopri\\\/attivita-per-le-scuole-2025-2026\\\/#breadcrumb\"},\"inLanguage\":\"fr-FR\",\"potentialAction\":[{\"@type\":\"ReadAction\",\"target\":[[\"https:\\\/\\\/bru-zane.com\\\/fr\\\/scopri\\\/attivita-per-le-scuole-2025-2026\\\/\"]]}]},{\"@type\":\"ImageObject\",\"inLanguage\":\"fr-FR\",\"@id\":\"https:\\\/\\\/bru-zane.com\\\/fr\\\/scopri\\\/attivita-per-le-scuole-2025-2026\\\/#primaryimage\",\"url\":\"https:\\\/\\\/bru-zane.com\\\/wp-content\\\/uploads\\\/2025\\\/06\\\/bg_romantici_in_erba_2025.png\",\"contentUrl\":\"https:\\\/\\\/bru-zane.com\\\/wp-content\\\/uploads\\\/2025\\\/06\\\/bg_romantici_in_erba_2025.png\",\"width\":2400,\"height\":1051},{\"@type\":\"BreadcrumbList\",\"@id\":\"https:\\\/\\\/bru-zane.com\\\/fr\\\/scopri\\\/attivita-per-le-scuole-2025-2026\\\/#breadcrumb\",\"itemListElement\":[{\"@type\":\"ListItem\",\"position\":1,\"name\":\"Home\",\"item\":\"https:\\\/\\\/bru-zane.com\\\/fr\\\/\"},{\"@type\":\"ListItem\",\"position\":2,\"name\":\"D\u00e9couvrir\",\"item\":\"https:\\\/\\\/bru-zane.com\\\/fr\\\/scopri\\\/\"},{\"@type\":\"ListItem\",\"position\":3,\"name\":\"Activit\u00e9s pour les \u00e9coles 2025\\\/2026 (Italie)\"}]},{\"@type\":\"WebSite\",\"@id\":\"https:\\\/\\\/bru-zane.com\\\/fr\\\/#website\",\"url\":\"https:\\\/\\\/bru-zane.com\\\/fr\\\/\",\"name\":\"Palazzetto Bru Zane\",\"description\":\"\",\"publisher\":{\"@id\":\"https:\\\/\\\/bru-zane.com\\\/fr\\\/#organization\"},\"potentialAction\":[{\"@type\":\"SearchAction\",\"target\":{\"@type\":\"EntryPoint\",\"urlTemplate\":\"https:\\\/\\\/bru-zane.com\\\/fr\\\/?s={search_term_string}\"},\"query-input\":{\"@type\":\"PropertyValueSpecification\",\"valueRequired\":true,\"valueName\":\"search_term_string\"}}],\"inLanguage\":\"fr-FR\"},{\"@type\":\"Organization\",\"@id\":\"https:\\\/\\\/bru-zane.com\\\/fr\\\/#organization\",\"name\":\"Palazzetto Bru Zane\",\"url\":\"https:\\\/\\\/bru-zane.com\\\/fr\\\/\",\"logo\":{\"@type\":\"ImageObject\",\"inLanguage\":\"fr-FR\",\"@id\":\"https:\\\/\\\/bru-zane.com\\\/fr\\\/#\\\/schema\\\/logo\\\/image\\\/\",\"url\":\"https:\\\/\\\/bru-zane.com\\\/wp-content\\\/uploads\\\/2019\\\/03\\\/logobruzane.png\",\"contentUrl\":\"https:\\\/\\\/bru-zane.com\\\/wp-content\\\/uploads\\\/2019\\\/03\\\/logobruzane.png\",\"width\":740,\"height\":1458,\"caption\":\"Palazzetto Bru Zane\"},\"image\":{\"@id\":\"https:\\\/\\\/bru-zane.com\\\/fr\\\/#\\\/schema\\\/logo\\\/image\\\/\"},\"sameAs\":[\"https:\\\/\\\/www.facebook.com\\\/PalazzettoBruZane\\\/\",\"https:\\\/\\\/x.com\\\/BruZane\",\"https:\\\/\\\/www.instagram.com\\\/palazzettobruzane\\\/\",\"https:\\\/\\\/it.linkedin.com\\\/company\\\/palazzetto-bru-zane---centre-de-musique-romantique-fran-aise\",\"https:\\\/\\\/www.youtube.com\\\/user\\\/PalazzettoBruZane\",\"https:\\\/\\\/it.wikipedia.org\\\/wiki\\\/Palazzetto_Bru_Zane_-_Centre_de_musique_romantique_fran\u00e7aise\"]}]}<\/script>\n<!-- \/ Yoast SEO plugin. -->","yoast_head_json":{"title":"Activit\u00e9s \u00e9ducatives pour les \u00e9coles - Palazzetto Bru Zane","description":"Informations sur les activit\u00e9s \u00e9ducatives pour les \u00e9coles organis\u00e9es par le Palazzetto Bru Zane. Activit\u00e9s pour les \u00e9coles maternelles, primaires et secondaires.","robots":{"index":"index","follow":"follow","max-snippet":"max-snippet:-1","max-image-preview":"max-image-preview:large","max-video-preview":"max-video-preview:-1"},"canonical":"https:\/\/bru-zane.com\/fr\/scopri\/attivita-per-le-scuole-2025-2026\/","og_locale":"fr_FR","og_type":"article","og_title":"Activit\u00e9s \u00e9ducatives pour les \u00e9coles - Palazzetto Bru Zane","og_description":"Informations sur les activit\u00e9s \u00e9ducatives pour les \u00e9coles organis\u00e9es par le Palazzetto Bru Zane. Activit\u00e9s pour les \u00e9coles maternelles, primaires et secondaires.","og_url":"https:\/\/bru-zane.com\/fr\/scopri\/attivita-per-le-scuole-2025-2026\/","og_site_name":"Palazzetto Bru Zane","article_publisher":"https:\/\/www.facebook.com\/PalazzettoBruZane\/","article_modified_time":"2025-10-08T08:29:13+00:00","og_image":[{"width":2400,"height":1051,"url":"https:\/\/bru-zane.com\/wp-content\/uploads\/2025\/06\/bg_romantici_in_erba_2025.png","type":"image\/png"}],"twitter_card":"summary_large_image","twitter_site":"@BruZane","twitter_misc":{"Dur\u00e9e de lecture estim\u00e9e":"1 minute"},"schema":{"@context":"https:\/\/schema.org","@graph":[{"@type":"WebPage","@id":"https:\/\/bru-zane.com\/fr\/scopri\/attivita-per-le-scuole-2025-2026\/","url":"https:\/\/bru-zane.com\/fr\/scopri\/attivita-per-le-scuole-2025-2026\/","name":"Activit\u00e9s \u00e9ducatives pour les \u00e9coles - Palazzetto Bru Zane","isPartOf":{"@id":"https:\/\/bru-zane.com\/fr\/#website"},"primaryImageOfPage":{"@id":"https:\/\/bru-zane.com\/fr\/scopri\/attivita-per-le-scuole-2025-2026\/#primaryimage"},"image":{"@id":"https:\/\/bru-zane.com\/scopri\/attivita-per-le-scuole-2025-2026\/#primaryimage"},"thumbnailUrl":"https:\/\/bru-zane.com\/wp-content\/uploads\/2025\/06\/bg_romantici_in_erba_2025.png","datePublished":"2025-05-02T06:59:52+00:00","dateModified":"2025-10-08T08:29:13+00:00","description":"Informations sur les activit\u00e9s \u00e9ducatives pour les \u00e9coles organis\u00e9es par le Palazzetto Bru Zane. Activit\u00e9s pour les \u00e9coles maternelles, primaires et secondaires.","breadcrumb":{"@id":"https:\/\/bru-zane.com\/fr\/scopri\/attivita-per-le-scuole-2025-2026\/#breadcrumb"},"inLanguage":"fr-FR","potentialAction":[{"@type":"ReadAction","target":[["https:\/\/bru-zane.com\/fr\/scopri\/attivita-per-le-scuole-2025-2026\/"]]}]},{"@type":"ImageObject","inLanguage":"fr-FR","@id":"https:\/\/bru-zane.com\/fr\/scopri\/attivita-per-le-scuole-2025-2026\/#primaryimage","url":"https:\/\/bru-zane.com\/wp-content\/uploads\/2025\/06\/bg_romantici_in_erba_2025.png","contentUrl":"https:\/\/bru-zane.com\/wp-content\/uploads\/2025\/06\/bg_romantici_in_erba_2025.png","width":2400,"height":1051},{"@type":"BreadcrumbList","@id":"https:\/\/bru-zane.com\/fr\/scopri\/attivita-per-le-scuole-2025-2026\/#breadcrumb","itemListElement":[{"@type":"ListItem","position":1,"name":"Home","item":"https:\/\/bru-zane.com\/fr\/"},{"@type":"ListItem","position":2,"name":"D\u00e9couvrir","item":"https:\/\/bru-zane.com\/fr\/scopri\/"},{"@type":"ListItem","position":3,"name":"Activit\u00e9s pour les \u00e9coles 2025\/2026 (Italie)"}]},{"@type":"WebSite","@id":"https:\/\/bru-zane.com\/fr\/#website","url":"https:\/\/bru-zane.com\/fr\/","name":"Palazzetto Bru Zane","description":"","publisher":{"@id":"https:\/\/bru-zane.com\/fr\/#organization"},"potentialAction":[{"@type":"SearchAction","target":{"@type":"EntryPoint","urlTemplate":"https:\/\/bru-zane.com\/fr\/?s={search_term_string}"},"query-input":{"@type":"PropertyValueSpecification","valueRequired":true,"valueName":"search_term_string"}}],"inLanguage":"fr-FR"},{"@type":"Organization","@id":"https:\/\/bru-zane.com\/fr\/#organization","name":"Palazzetto Bru Zane","url":"https:\/\/bru-zane.com\/fr\/","logo":{"@type":"ImageObject","inLanguage":"fr-FR","@id":"https:\/\/bru-zane.com\/fr\/#\/schema\/logo\/image\/","url":"https:\/\/bru-zane.com\/wp-content\/uploads\/2019\/03\/logobruzane.png","contentUrl":"https:\/\/bru-zane.com\/wp-content\/uploads\/2019\/03\/logobruzane.png","width":740,"height":1458,"caption":"Palazzetto Bru Zane"},"image":{"@id":"https:\/\/bru-zane.com\/fr\/#\/schema\/logo\/image\/"},"sameAs":["https:\/\/www.facebook.com\/PalazzettoBruZane\/","https:\/\/x.com\/BruZane","https:\/\/www.instagram.com\/palazzettobruzane\/","https:\/\/it.linkedin.com\/company\/palazzetto-bru-zane---centre-de-musique-romantique-fran-aise","https:\/\/www.youtube.com\/user\/PalazzettoBruZane","https:\/\/it.wikipedia.org\/wiki\/Palazzetto_Bru_Zane_-_Centre_de_musique_romantique_fran\u00e7aise"]}]}},"_links":{"self":[{"href":"https:\/\/bru-zane.com\/fr\/wp-json\/wp\/v2\/pages\/7177","targetHints":{"allow":["GET"]}}],"collection":[{"href":"https:\/\/bru-zane.com\/fr\/wp-json\/wp\/v2\/pages"}],"about":[{"href":"https:\/\/bru-zane.com\/fr\/wp-json\/wp\/v2\/types\/page"}],"author":[{"embeddable":true,"href":"https:\/\/bru-zane.com\/fr\/wp-json\/wp\/v2\/users\/4"}],"replies":[{"embeddable":true,"href":"https:\/\/bru-zane.com\/fr\/wp-json\/wp\/v2\/comments?post=7177"}],"version-history":[{"count":1,"href":"https:\/\/bru-zane.com\/fr\/wp-json\/wp\/v2\/pages\/7177\/revisions"}],"predecessor-version":[{"id":7178,"href":"https:\/\/bru-zane.com\/fr\/wp-json\/wp\/v2\/pages\/7177\/revisions\/7178"}],"up":[{"embeddable":true,"href":"https:\/\/bru-zane.com\/fr\/wp-json\/wp\/v2\/pages\/703"}],"wp:featuredmedia":[{"embeddable":true,"href":"https:\/\/bru-zane.com\/fr\/wp-json\/wp\/v2\/media\/7378"}],"wp:attachment":[{"href":"https:\/\/bru-zane.com\/fr\/wp-json\/wp\/v2\/media?parent=7177"}],"curies":[{"name":"wp","href":"https:\/\/api.w.org\/{rel}","templated":true}]}}