{"id":6810,"date":"2024-07-09T09:58:39","date_gmt":"2024-07-09T07:58:39","guid":{"rendered":"https:\/\/bru-zane.com\/?page_id=6810"},"modified":"2024-10-30T17:47:42","modified_gmt":"2024-10-30T16:47:42","slug":"bizet-carmen","status":"publish","type":"page","link":"https:\/\/bru-zane.com\/fr\/bizet-carmen\/","title":{"rendered":"Carmen"},"content":{"rendered":"<p>Apr\u00e8s la red\u00e9couverte du premier <strong><a href=\"https:\/\/bru-zane.com\/fr\/pubblicazione\/faust\/#\" rel=\"noopener\" target=\"_blank\"><em>Faust<\/em> de Gounod<\/a><\/strong> (2018) et de la version originelle de <strong><a href=\"https:\/\/bru-zane.com\/fr\/pubblicazione\/la-vie-parisienne\/#\" rel=\"noopener\" target=\"_blank\"><em>La Vie parisienne<\/em> d\u2019Offenbach<\/a><\/strong> (2021), le Palazzetto Bru Zane et ses partenaires proposent la restauration \u2013 cette fois visuelle \u2013 d\u2019un autre grand titre lyrique romantique fran\u00e7ais : <em>Carmen<\/em> de Bizet, avec les costumes, les d\u00e9cors et la mise en sc\u00e8ne de sa cr\u00e9ation en 1875.<br \/>\n<\/br><\/p>\n<p><a href=\"https:\/\/bru-zane.com\/pubblicazione\/carmen\/#\" rel=\"noopener\" target=\"_blank\"><strong>Acheter le livre-vid\u00e9o<\/strong><\/a><\/p>\n<p><\/br><\/p>\n<p>Et entrez dans l'envers du d\u00e9cor avec les artistes qui ont rendu possible la (re)cr\u00e9ation de <em>Carmen<\/em> ! Romain Gilbert (metteur en sc\u00e8ne), Antoine Fontaine (d\u00e9cors), Christian Lacroix (costumes), Herv\u00e9 Gary (lumi\u00e8res) et \u00c9tienne Jardin (Palazzetto Bru Zane) expliquent leurs liens avec le chef-d'\u0153uvre de Georges Bizet et comment ils ont travaill\u00e9 ensemble pour restaurer la mise en sc\u00e8ne, les costumes et les d\u00e9cors d'origine, dans le but tout simplement de d\u00e9couvrir ce qu'\u00e9tait <em>Carmen<\/em> \u00e0 sa cr\u00e9ation en 1875.<\/p>\n<div style=\"padding:56.25% 0 0 0;position:relative;margin-top:2rem;\"><iframe src=\"https:\/\/player.vimeo.com\/video\/1016989780?badge=0&amp;autopause=0&amp;player_id=0&amp;app_id=58479\" frameborder=\"0\" allow=\"autoplay; fullscreen; picture-in-picture; clipboard-write\" style=\"position:absolute;top:0;left:0;width:100%;height:100%;\" title=\"BONUS - Dans les coulisses de la (re)cr\u00e9ation - Carmen\"><\/iframe><\/div>\n<p><script src=\"https:\/\/player.vimeo.com\/api\/player.js\"><\/script><\/p>","protected":false},"excerpt":{"rendered":"<p>Apr\u00e8s la red\u00e9couverte du premier Faust de Gounod (2018) et de la version originelle de La Vie parisienne d\u2019Offenbach (2021), le Palazzetto Bru Zane et ses partenaires proposent la restauration \u2013 cette fois visuelle \u2013 d\u2019un autre grand titre lyrique romantique fran\u00e7ais : Carmen de Bizet, avec les costumes, les d\u00e9cors et la mise en [&hellip;]<\/p>\n","protected":false},"author":4,"featured_media":0,"parent":0,"menu_order":0,"comment_status":"closed","ping_status":"closed","template":"template\/page-carmen_bizet.php","meta":{"footnotes":""},"class_list":["post-6810","page","type-page","status-publish","hentry"],"yoast_head":"<!-- This site is optimized with the Yoast SEO plugin v27.3 - https:\/\/yoast.com\/product\/yoast-seo-wordpress\/ -->\n<title>Carmen - Palazzetto Bru Zane<\/title>\n<meta name=\"description\" content=\"Carmen - Historical staging of 1875. Op\u00e9ra-comique in 4 acts by Georges Bizet. Full opera and bonus.\" \/>\n<meta name=\"robots\" content=\"index, follow, max-snippet:-1, max-image-preview:large, max-video-preview:-1\" \/>\n<link rel=\"canonical\" href=\"https:\/\/bru-zane.com\/fr\/bizet-carmen\/\" \/>\n<meta property=\"og:locale\" content=\"fr_FR\" \/>\n<meta property=\"og:type\" content=\"article\" \/>\n<meta property=\"og:title\" content=\"Carmen - Palazzetto Bru Zane\" \/>\n<meta property=\"og:description\" content=\"Carmen - Historical staging of 1875. Op\u00e9ra-comique in 4 acts by Georges Bizet. Full opera and bonus.\" \/>\n<meta property=\"og:url\" content=\"https:\/\/bru-zane.com\/fr\/bizet-carmen\/\" \/>\n<meta property=\"og:site_name\" content=\"Palazzetto Bru Zane\" \/>\n<meta property=\"article:publisher\" content=\"https:\/\/www.facebook.com\/PalazzettoBruZane\/\" \/>\n<meta property=\"article:modified_time\" content=\"2024-10-30T16:47:42+00:00\" \/>\n<meta property=\"og:image\" content=\"https:\/\/bru-zane.com\/wp-content\/uploads\/2020\/06\/PBZ-Giardino-c-Matteo-De-Fina-1024x756.jpg\" \/>\n\t<meta property=\"og:image:width\" content=\"1024\" \/>\n\t<meta property=\"og:image:height\" content=\"756\" \/>\n\t<meta property=\"og:image:type\" content=\"image\/jpeg\" \/>\n<meta name=\"twitter:card\" content=\"summary_large_image\" \/>\n<meta name=\"twitter:site\" content=\"@BruZane\" \/>\n<meta name=\"twitter:label1\" content=\"Dur\u00e9e de lecture estim\u00e9e\" \/>\n\t<meta name=\"twitter:data1\" content=\"1 minute\" \/>\n<script type=\"application\/ld+json\" class=\"yoast-schema-graph\">{\"@context\":\"https:\\\/\\\/schema.org\",\"@graph\":[{\"@type\":\"WebPage\",\"@id\":\"https:\\\/\\\/bru-zane.com\\\/fr\\\/bizet-carmen\\\/\",\"url\":\"https:\\\/\\\/bru-zane.com\\\/fr\\\/bizet-carmen\\\/\",\"name\":\"Carmen - Palazzetto Bru Zane\",\"isPartOf\":{\"@id\":\"https:\\\/\\\/bru-zane.com\\\/fr\\\/#website\"},\"datePublished\":\"2024-07-09T07:58:39+00:00\",\"dateModified\":\"2024-10-30T16:47:42+00:00\",\"description\":\"Carmen - Historical staging of 1875. Op\u00e9ra-comique in 4 acts by Georges Bizet. Full opera and bonus.\",\"breadcrumb\":{\"@id\":\"https:\\\/\\\/bru-zane.com\\\/fr\\\/bizet-carmen\\\/#breadcrumb\"},\"inLanguage\":\"fr-FR\",\"potentialAction\":[{\"@type\":\"ReadAction\",\"target\":[[\"https:\\\/\\\/bru-zane.com\\\/fr\\\/bizet-carmen\\\/\"]]}]},{\"@type\":\"BreadcrumbList\",\"@id\":\"https:\\\/\\\/bru-zane.com\\\/fr\\\/bizet-carmen\\\/#breadcrumb\",\"itemListElement\":[{\"@type\":\"ListItem\",\"position\":1,\"name\":\"Home\",\"item\":\"https:\\\/\\\/bru-zane.com\\\/fr\\\/\"},{\"@type\":\"ListItem\",\"position\":2,\"name\":\"Carmen\"}]},{\"@type\":\"WebSite\",\"@id\":\"https:\\\/\\\/bru-zane.com\\\/fr\\\/#website\",\"url\":\"https:\\\/\\\/bru-zane.com\\\/fr\\\/\",\"name\":\"Palazzetto Bru Zane\",\"description\":\"\",\"publisher\":{\"@id\":\"https:\\\/\\\/bru-zane.com\\\/fr\\\/#organization\"},\"potentialAction\":[{\"@type\":\"SearchAction\",\"target\":{\"@type\":\"EntryPoint\",\"urlTemplate\":\"https:\\\/\\\/bru-zane.com\\\/fr\\\/?s={search_term_string}\"},\"query-input\":{\"@type\":\"PropertyValueSpecification\",\"valueRequired\":true,\"valueName\":\"search_term_string\"}}],\"inLanguage\":\"fr-FR\"},{\"@type\":\"Organization\",\"@id\":\"https:\\\/\\\/bru-zane.com\\\/fr\\\/#organization\",\"name\":\"Palazzetto Bru Zane\",\"url\":\"https:\\\/\\\/bru-zane.com\\\/fr\\\/\",\"logo\":{\"@type\":\"ImageObject\",\"inLanguage\":\"fr-FR\",\"@id\":\"https:\\\/\\\/bru-zane.com\\\/fr\\\/#\\\/schema\\\/logo\\\/image\\\/\",\"url\":\"https:\\\/\\\/bru-zane.com\\\/wp-content\\\/uploads\\\/2019\\\/03\\\/logobruzane.png\",\"contentUrl\":\"https:\\\/\\\/bru-zane.com\\\/wp-content\\\/uploads\\\/2019\\\/03\\\/logobruzane.png\",\"width\":740,\"height\":1458,\"caption\":\"Palazzetto Bru Zane\"},\"image\":{\"@id\":\"https:\\\/\\\/bru-zane.com\\\/fr\\\/#\\\/schema\\\/logo\\\/image\\\/\"},\"sameAs\":[\"https:\\\/\\\/www.facebook.com\\\/PalazzettoBruZane\\\/\",\"https:\\\/\\\/x.com\\\/BruZane\",\"https:\\\/\\\/www.instagram.com\\\/palazzettobruzane\\\/\",\"https:\\\/\\\/it.linkedin.com\\\/company\\\/palazzetto-bru-zane---centre-de-musique-romantique-fran-aise\",\"https:\\\/\\\/www.youtube.com\\\/user\\\/PalazzettoBruZane\",\"https:\\\/\\\/it.wikipedia.org\\\/wiki\\\/Palazzetto_Bru_Zane_-_Centre_de_musique_romantique_fran\u00e7aise\"]}]}<\/script>\n<!-- \/ Yoast SEO plugin. -->","yoast_head_json":{"title":"Carmen - Palazzetto Bru Zane","description":"Carmen - Historical staging of 1875. Op\u00e9ra-comique in 4 acts by Georges Bizet. Full opera and bonus.","robots":{"index":"index","follow":"follow","max-snippet":"max-snippet:-1","max-image-preview":"max-image-preview:large","max-video-preview":"max-video-preview:-1"},"canonical":"https:\/\/bru-zane.com\/fr\/bizet-carmen\/","og_locale":"fr_FR","og_type":"article","og_title":"Carmen - Palazzetto Bru Zane","og_description":"Carmen - Historical staging of 1875. Op\u00e9ra-comique in 4 acts by Georges Bizet. Full opera and bonus.","og_url":"https:\/\/bru-zane.com\/fr\/bizet-carmen\/","og_site_name":"Palazzetto Bru Zane","article_publisher":"https:\/\/www.facebook.com\/PalazzettoBruZane\/","article_modified_time":"2024-10-30T16:47:42+00:00","og_image":[{"width":1024,"height":756,"url":"https:\/\/bru-zane.com\/wp-content\/uploads\/2020\/06\/PBZ-Giardino-c-Matteo-De-Fina-1024x756.jpg","type":"image\/jpeg"}],"twitter_card":"summary_large_image","twitter_site":"@BruZane","twitter_misc":{"Dur\u00e9e de lecture estim\u00e9e":"1 minute"},"schema":{"@context":"https:\/\/schema.org","@graph":[{"@type":"WebPage","@id":"https:\/\/bru-zane.com\/fr\/bizet-carmen\/","url":"https:\/\/bru-zane.com\/fr\/bizet-carmen\/","name":"Carmen - Palazzetto Bru Zane","isPartOf":{"@id":"https:\/\/bru-zane.com\/fr\/#website"},"datePublished":"2024-07-09T07:58:39+00:00","dateModified":"2024-10-30T16:47:42+00:00","description":"Carmen - Historical staging of 1875. Op\u00e9ra-comique in 4 acts by Georges Bizet. Full opera and bonus.","breadcrumb":{"@id":"https:\/\/bru-zane.com\/fr\/bizet-carmen\/#breadcrumb"},"inLanguage":"fr-FR","potentialAction":[{"@type":"ReadAction","target":[["https:\/\/bru-zane.com\/fr\/bizet-carmen\/"]]}]},{"@type":"BreadcrumbList","@id":"https:\/\/bru-zane.com\/fr\/bizet-carmen\/#breadcrumb","itemListElement":[{"@type":"ListItem","position":1,"name":"Home","item":"https:\/\/bru-zane.com\/fr\/"},{"@type":"ListItem","position":2,"name":"Carmen"}]},{"@type":"WebSite","@id":"https:\/\/bru-zane.com\/fr\/#website","url":"https:\/\/bru-zane.com\/fr\/","name":"Palazzetto Bru Zane","description":"","publisher":{"@id":"https:\/\/bru-zane.com\/fr\/#organization"},"potentialAction":[{"@type":"SearchAction","target":{"@type":"EntryPoint","urlTemplate":"https:\/\/bru-zane.com\/fr\/?s={search_term_string}"},"query-input":{"@type":"PropertyValueSpecification","valueRequired":true,"valueName":"search_term_string"}}],"inLanguage":"fr-FR"},{"@type":"Organization","@id":"https:\/\/bru-zane.com\/fr\/#organization","name":"Palazzetto Bru Zane","url":"https:\/\/bru-zane.com\/fr\/","logo":{"@type":"ImageObject","inLanguage":"fr-FR","@id":"https:\/\/bru-zane.com\/fr\/#\/schema\/logo\/image\/","url":"https:\/\/bru-zane.com\/wp-content\/uploads\/2019\/03\/logobruzane.png","contentUrl":"https:\/\/bru-zane.com\/wp-content\/uploads\/2019\/03\/logobruzane.png","width":740,"height":1458,"caption":"Palazzetto Bru Zane"},"image":{"@id":"https:\/\/bru-zane.com\/fr\/#\/schema\/logo\/image\/"},"sameAs":["https:\/\/www.facebook.com\/PalazzettoBruZane\/","https:\/\/x.com\/BruZane","https:\/\/www.instagram.com\/palazzettobruzane\/","https:\/\/it.linkedin.com\/company\/palazzetto-bru-zane---centre-de-musique-romantique-fran-aise","https:\/\/www.youtube.com\/user\/PalazzettoBruZane","https:\/\/it.wikipedia.org\/wiki\/Palazzetto_Bru_Zane_-_Centre_de_musique_romantique_fran\u00e7aise"]}]}},"_links":{"self":[{"href":"https:\/\/bru-zane.com\/fr\/wp-json\/wp\/v2\/pages\/6810","targetHints":{"allow":["GET"]}}],"collection":[{"href":"https:\/\/bru-zane.com\/fr\/wp-json\/wp\/v2\/pages"}],"about":[{"href":"https:\/\/bru-zane.com\/fr\/wp-json\/wp\/v2\/types\/page"}],"author":[{"embeddable":true,"href":"https:\/\/bru-zane.com\/fr\/wp-json\/wp\/v2\/users\/4"}],"replies":[{"embeddable":true,"href":"https:\/\/bru-zane.com\/fr\/wp-json\/wp\/v2\/comments?post=6810"}],"version-history":[{"count":3,"href":"https:\/\/bru-zane.com\/fr\/wp-json\/wp\/v2\/pages\/6810\/revisions"}],"predecessor-version":[{"id":6931,"href":"https:\/\/bru-zane.com\/fr\/wp-json\/wp\/v2\/pages\/6810\/revisions\/6931"}],"wp:attachment":[{"href":"https:\/\/bru-zane.com\/fr\/wp-json\/wp\/v2\/media?parent=6810"}],"curies":[{"name":"wp","href":"https:\/\/api.w.org\/{rel}","templated":true}]}}