{"id":6557,"date":"2024-06-26T14:05:03","date_gmt":"2024-06-26T12:05:03","guid":{"rendered":"https:\/\/bru-zane.com\/?page_id=6557"},"modified":"2024-07-01T14:51:47","modified_gmt":"2024-07-01T12:51:47","slug":"la-stagione-2024-2025","status":"publish","type":"page","link":"https:\/\/bru-zane.com\/fr\/scopri\/la-stagione-2024-2025\/","title":{"rendered":"La Saison 2024-2025"},"content":{"rendered":"<p><em>L\u2019amour est enfant de Boh\u00e8me<\/em> et celui que le Palazzetto Bru Zane porte au r\u00e9pertoire romantique fran\u00e7ais ne fait pas exception\u00a0: il n\u2019a jamais \u2013 jamais\u00a0! \u2013 connu de loi. Il s\u2019attache aussi bien aux figures les plus c\u00e9l\u00e8bres du XIX<sup>e<\/sup> si\u00e8cle qu\u2019aux parfaits inconnus\u00a0; s\u2019entiche de tous les genres\u00a0: s\u00e9rieux ou comiques, lyriques ou instrumentaux\u00a0; et go\u00fbte tout autant les formats intimistes que les productions \u00e0 grands effectifs. La programmation 2024-2025 suit cette ligne de c\u0153ur, avec une passion qui se veut contagieuse.<\/p>","protected":false},"excerpt":{"rendered":"<p>L\u2019amour est enfant de Boh\u00e8me et celui que le Palazzetto Bru Zane porte au r\u00e9pertoire romantique fran\u00e7ais ne fait pas exception\u00a0: il n\u2019a jamais \u2013 jamais\u00a0! \u2013 connu de loi. Il s\u2019attache aussi bien aux figures les plus c\u00e9l\u00e8bres du XIXe si\u00e8cle qu\u2019aux parfaits inconnus\u00a0; s\u2019entiche de tous les genres\u00a0: s\u00e9rieux ou comiques, lyriques ou [&hellip;]<\/p>\n","protected":false},"author":4,"featured_media":6781,"parent":703,"menu_order":0,"comment_status":"closed","ping_status":"closed","template":"template\/page-stagione.php","meta":{"footnotes":""},"class_list":["post-6557","page","type-page","status-publish","has-post-thumbnail","hentry"],"yoast_head":"<!-- This site is optimized with the Yoast SEO plugin v27.3 - https:\/\/yoast.com\/product\/yoast-seo-wordpress\/ -->\n<title>La Stagione al Palazzetto Bru Zane<\/title>\n<meta name=\"description\" content=\"2026 - L\u2019amour est enfant de Boh\u00e8me, e l\u2019amore del Palazzetto Bru Zane per il repertorio romantico francese non fa eccezione: non ha mai \u2013 mai! \u2013 conosciuto\" \/>\n<meta name=\"robots\" content=\"index, follow, max-snippet:-1, max-image-preview:large, max-video-preview:-1\" \/>\n<link rel=\"canonical\" href=\"https:\/\/bru-zane.com\/fr\/scopri\/la-stagione-2024-2025\/\" \/>\n<meta property=\"og:locale\" content=\"fr_FR\" \/>\n<meta property=\"og:type\" content=\"article\" \/>\n<meta property=\"og:title\" content=\"La Stagione al Palazzetto Bru Zane\" \/>\n<meta property=\"og:description\" content=\"2026 - L\u2019amour est enfant de Boh\u00e8me, e l\u2019amore del Palazzetto Bru Zane per il repertorio romantico francese non fa eccezione: non ha mai \u2013 mai! \u2013 conosciuto\" \/>\n<meta property=\"og:url\" content=\"https:\/\/bru-zane.com\/fr\/scopri\/la-stagione-2024-2025\/\" \/>\n<meta property=\"og:site_name\" content=\"Palazzetto Bru Zane\" \/>\n<meta property=\"article:publisher\" content=\"https:\/\/www.facebook.com\/PalazzettoBruZane\/\" \/>\n<meta property=\"article:modified_time\" content=\"2024-07-01T12:51:47+00:00\" \/>\n<meta property=\"og:image\" content=\"https:\/\/bru-zane.com\/wp-content\/uploads\/2024\/06\/banner-24-25.jpg\" \/>\n\t<meta property=\"og:image:width\" content=\"1920\" \/>\n\t<meta property=\"og:image:height\" content=\"1080\" \/>\n\t<meta property=\"og:image:type\" content=\"image\/jpeg\" \/>\n<meta name=\"twitter:card\" content=\"summary_large_image\" \/>\n<meta name=\"twitter:site\" content=\"@BruZane\" \/>\n<meta name=\"twitter:label1\" content=\"Dur\u00e9e de lecture estim\u00e9e\" \/>\n\t<meta name=\"twitter:data1\" content=\"1 minute\" \/>\n<script type=\"application\/ld+json\" class=\"yoast-schema-graph\">{\"@context\":\"https:\\\/\\\/schema.org\",\"@graph\":[{\"@type\":\"WebPage\",\"@id\":\"https:\\\/\\\/bru-zane.com\\\/fr\\\/scopri\\\/la-stagione-2024-2025\\\/\",\"url\":\"https:\\\/\\\/bru-zane.com\\\/fr\\\/scopri\\\/la-stagione-2024-2025\\\/\",\"name\":\"La Stagione al Palazzetto Bru Zane\",\"isPartOf\":{\"@id\":\"https:\\\/\\\/bru-zane.com\\\/fr\\\/#website\"},\"primaryImageOfPage\":{\"@id\":\"https:\\\/\\\/bru-zane.com\\\/fr\\\/scopri\\\/la-stagione-2024-2025\\\/#primaryimage\"},\"image\":{\"@id\":\"https:\\\/\\\/bru-zane.com\\\/scopri\\\/la-stagione-2024-2025\\\/#primaryimage\"},\"thumbnailUrl\":\"https:\\\/\\\/bru-zane.com\\\/wp-content\\\/uploads\\\/2024\\\/06\\\/banner-24-25.jpg\",\"datePublished\":\"2024-06-26T12:05:03+00:00\",\"dateModified\":\"2024-07-01T12:51:47+00:00\",\"description\":\"2026 - L\u2019amour est enfant de Boh\u00e8me, e l\u2019amore del Palazzetto Bru Zane per il repertorio romantico francese non fa eccezione: non ha mai \u2013 mai! \u2013 conosciuto\",\"breadcrumb\":{\"@id\":\"https:\\\/\\\/bru-zane.com\\\/fr\\\/scopri\\\/la-stagione-2024-2025\\\/#breadcrumb\"},\"inLanguage\":\"fr-FR\",\"potentialAction\":[{\"@type\":\"ReadAction\",\"target\":[[\"https:\\\/\\\/bru-zane.com\\\/fr\\\/scopri\\\/la-stagione-2024-2025\\\/\"]]}]},{\"@type\":\"ImageObject\",\"inLanguage\":\"fr-FR\",\"@id\":\"https:\\\/\\\/bru-zane.com\\\/fr\\\/scopri\\\/la-stagione-2024-2025\\\/#primaryimage\",\"url\":\"https:\\\/\\\/bru-zane.com\\\/wp-content\\\/uploads\\\/2024\\\/06\\\/banner-24-25.jpg\",\"contentUrl\":\"https:\\\/\\\/bru-zane.com\\\/wp-content\\\/uploads\\\/2024\\\/06\\\/banner-24-25.jpg\",\"width\":1920,\"height\":1080},{\"@type\":\"BreadcrumbList\",\"@id\":\"https:\\\/\\\/bru-zane.com\\\/fr\\\/scopri\\\/la-stagione-2024-2025\\\/#breadcrumb\",\"itemListElement\":[{\"@type\":\"ListItem\",\"position\":1,\"name\":\"Home\",\"item\":\"https:\\\/\\\/bru-zane.com\\\/fr\\\/\"},{\"@type\":\"ListItem\",\"position\":2,\"name\":\"D\u00e9couvrir\",\"item\":\"https:\\\/\\\/bru-zane.com\\\/fr\\\/scopri\\\/\"},{\"@type\":\"ListItem\",\"position\":3,\"name\":\"La Saison 2024-2025\"}]},{\"@type\":\"WebSite\",\"@id\":\"https:\\\/\\\/bru-zane.com\\\/fr\\\/#website\",\"url\":\"https:\\\/\\\/bru-zane.com\\\/fr\\\/\",\"name\":\"Palazzetto Bru Zane\",\"description\":\"\",\"publisher\":{\"@id\":\"https:\\\/\\\/bru-zane.com\\\/fr\\\/#organization\"},\"potentialAction\":[{\"@type\":\"SearchAction\",\"target\":{\"@type\":\"EntryPoint\",\"urlTemplate\":\"https:\\\/\\\/bru-zane.com\\\/fr\\\/?s={search_term_string}\"},\"query-input\":{\"@type\":\"PropertyValueSpecification\",\"valueRequired\":true,\"valueName\":\"search_term_string\"}}],\"inLanguage\":\"fr-FR\"},{\"@type\":\"Organization\",\"@id\":\"https:\\\/\\\/bru-zane.com\\\/fr\\\/#organization\",\"name\":\"Palazzetto Bru Zane\",\"url\":\"https:\\\/\\\/bru-zane.com\\\/fr\\\/\",\"logo\":{\"@type\":\"ImageObject\",\"inLanguage\":\"fr-FR\",\"@id\":\"https:\\\/\\\/bru-zane.com\\\/fr\\\/#\\\/schema\\\/logo\\\/image\\\/\",\"url\":\"https:\\\/\\\/bru-zane.com\\\/wp-content\\\/uploads\\\/2019\\\/03\\\/logobruzane.png\",\"contentUrl\":\"https:\\\/\\\/bru-zane.com\\\/wp-content\\\/uploads\\\/2019\\\/03\\\/logobruzane.png\",\"width\":740,\"height\":1458,\"caption\":\"Palazzetto Bru Zane\"},\"image\":{\"@id\":\"https:\\\/\\\/bru-zane.com\\\/fr\\\/#\\\/schema\\\/logo\\\/image\\\/\"},\"sameAs\":[\"https:\\\/\\\/www.facebook.com\\\/PalazzettoBruZane\\\/\",\"https:\\\/\\\/x.com\\\/BruZane\",\"https:\\\/\\\/www.instagram.com\\\/palazzettobruzane\\\/\",\"https:\\\/\\\/it.linkedin.com\\\/company\\\/palazzetto-bru-zane---centre-de-musique-romantique-fran-aise\",\"https:\\\/\\\/www.youtube.com\\\/user\\\/PalazzettoBruZane\",\"https:\\\/\\\/it.wikipedia.org\\\/wiki\\\/Palazzetto_Bru_Zane_-_Centre_de_musique_romantique_fran\u00e7aise\"]}]}<\/script>\n<!-- \/ Yoast SEO plugin. -->","yoast_head_json":{"title":"La Stagione al Palazzetto Bru Zane","description":"2026 - L\u2019amour est enfant de Boh\u00e8me, e l\u2019amore del Palazzetto Bru Zane per il repertorio romantico francese non fa eccezione: non ha mai \u2013 mai! \u2013 conosciuto","robots":{"index":"index","follow":"follow","max-snippet":"max-snippet:-1","max-image-preview":"max-image-preview:large","max-video-preview":"max-video-preview:-1"},"canonical":"https:\/\/bru-zane.com\/fr\/scopri\/la-stagione-2024-2025\/","og_locale":"fr_FR","og_type":"article","og_title":"La Stagione al Palazzetto Bru Zane","og_description":"2026 - L\u2019amour est enfant de Boh\u00e8me, e l\u2019amore del Palazzetto Bru Zane per il repertorio romantico francese non fa eccezione: non ha mai \u2013 mai! \u2013 conosciuto","og_url":"https:\/\/bru-zane.com\/fr\/scopri\/la-stagione-2024-2025\/","og_site_name":"Palazzetto Bru Zane","article_publisher":"https:\/\/www.facebook.com\/PalazzettoBruZane\/","article_modified_time":"2024-07-01T12:51:47+00:00","og_image":[{"width":1920,"height":1080,"url":"https:\/\/bru-zane.com\/wp-content\/uploads\/2024\/06\/banner-24-25.jpg","type":"image\/jpeg"}],"twitter_card":"summary_large_image","twitter_site":"@BruZane","twitter_misc":{"Dur\u00e9e de lecture estim\u00e9e":"1 minute"},"schema":{"@context":"https:\/\/schema.org","@graph":[{"@type":"WebPage","@id":"https:\/\/bru-zane.com\/fr\/scopri\/la-stagione-2024-2025\/","url":"https:\/\/bru-zane.com\/fr\/scopri\/la-stagione-2024-2025\/","name":"La Stagione al Palazzetto Bru Zane","isPartOf":{"@id":"https:\/\/bru-zane.com\/fr\/#website"},"primaryImageOfPage":{"@id":"https:\/\/bru-zane.com\/fr\/scopri\/la-stagione-2024-2025\/#primaryimage"},"image":{"@id":"https:\/\/bru-zane.com\/scopri\/la-stagione-2024-2025\/#primaryimage"},"thumbnailUrl":"https:\/\/bru-zane.com\/wp-content\/uploads\/2024\/06\/banner-24-25.jpg","datePublished":"2024-06-26T12:05:03+00:00","dateModified":"2024-07-01T12:51:47+00:00","description":"2026 - L\u2019amour est enfant de Boh\u00e8me, e l\u2019amore del Palazzetto Bru Zane per il repertorio romantico francese non fa eccezione: non ha mai \u2013 mai! \u2013 conosciuto","breadcrumb":{"@id":"https:\/\/bru-zane.com\/fr\/scopri\/la-stagione-2024-2025\/#breadcrumb"},"inLanguage":"fr-FR","potentialAction":[{"@type":"ReadAction","target":[["https:\/\/bru-zane.com\/fr\/scopri\/la-stagione-2024-2025\/"]]}]},{"@type":"ImageObject","inLanguage":"fr-FR","@id":"https:\/\/bru-zane.com\/fr\/scopri\/la-stagione-2024-2025\/#primaryimage","url":"https:\/\/bru-zane.com\/wp-content\/uploads\/2024\/06\/banner-24-25.jpg","contentUrl":"https:\/\/bru-zane.com\/wp-content\/uploads\/2024\/06\/banner-24-25.jpg","width":1920,"height":1080},{"@type":"BreadcrumbList","@id":"https:\/\/bru-zane.com\/fr\/scopri\/la-stagione-2024-2025\/#breadcrumb","itemListElement":[{"@type":"ListItem","position":1,"name":"Home","item":"https:\/\/bru-zane.com\/fr\/"},{"@type":"ListItem","position":2,"name":"D\u00e9couvrir","item":"https:\/\/bru-zane.com\/fr\/scopri\/"},{"@type":"ListItem","position":3,"name":"La Saison 2024-2025"}]},{"@type":"WebSite","@id":"https:\/\/bru-zane.com\/fr\/#website","url":"https:\/\/bru-zane.com\/fr\/","name":"Palazzetto Bru Zane","description":"","publisher":{"@id":"https:\/\/bru-zane.com\/fr\/#organization"},"potentialAction":[{"@type":"SearchAction","target":{"@type":"EntryPoint","urlTemplate":"https:\/\/bru-zane.com\/fr\/?s={search_term_string}"},"query-input":{"@type":"PropertyValueSpecification","valueRequired":true,"valueName":"search_term_string"}}],"inLanguage":"fr-FR"},{"@type":"Organization","@id":"https:\/\/bru-zane.com\/fr\/#organization","name":"Palazzetto Bru Zane","url":"https:\/\/bru-zane.com\/fr\/","logo":{"@type":"ImageObject","inLanguage":"fr-FR","@id":"https:\/\/bru-zane.com\/fr\/#\/schema\/logo\/image\/","url":"https:\/\/bru-zane.com\/wp-content\/uploads\/2019\/03\/logobruzane.png","contentUrl":"https:\/\/bru-zane.com\/wp-content\/uploads\/2019\/03\/logobruzane.png","width":740,"height":1458,"caption":"Palazzetto Bru Zane"},"image":{"@id":"https:\/\/bru-zane.com\/fr\/#\/schema\/logo\/image\/"},"sameAs":["https:\/\/www.facebook.com\/PalazzettoBruZane\/","https:\/\/x.com\/BruZane","https:\/\/www.instagram.com\/palazzettobruzane\/","https:\/\/it.linkedin.com\/company\/palazzetto-bru-zane---centre-de-musique-romantique-fran-aise","https:\/\/www.youtube.com\/user\/PalazzettoBruZane","https:\/\/it.wikipedia.org\/wiki\/Palazzetto_Bru_Zane_-_Centre_de_musique_romantique_fran\u00e7aise"]}]}},"_links":{"self":[{"href":"https:\/\/bru-zane.com\/fr\/wp-json\/wp\/v2\/pages\/6557","targetHints":{"allow":["GET"]}}],"collection":[{"href":"https:\/\/bru-zane.com\/fr\/wp-json\/wp\/v2\/pages"}],"about":[{"href":"https:\/\/bru-zane.com\/fr\/wp-json\/wp\/v2\/types\/page"}],"author":[{"embeddable":true,"href":"https:\/\/bru-zane.com\/fr\/wp-json\/wp\/v2\/users\/4"}],"replies":[{"embeddable":true,"href":"https:\/\/bru-zane.com\/fr\/wp-json\/wp\/v2\/comments?post=6557"}],"version-history":[{"count":3,"href":"https:\/\/bru-zane.com\/fr\/wp-json\/wp\/v2\/pages\/6557\/revisions"}],"predecessor-version":[{"id":6561,"href":"https:\/\/bru-zane.com\/fr\/wp-json\/wp\/v2\/pages\/6557\/revisions\/6561"}],"up":[{"embeddable":true,"href":"https:\/\/bru-zane.com\/fr\/wp-json\/wp\/v2\/pages\/703"}],"wp:featuredmedia":[{"embeddable":true,"href":"https:\/\/bru-zane.com\/fr\/wp-json\/wp\/v2\/media\/6781"}],"wp:attachment":[{"href":"https:\/\/bru-zane.com\/fr\/wp-json\/wp\/v2\/media?parent=6557"}],"curies":[{"name":"wp","href":"https:\/\/api.w.org\/{rel}","templated":true}]}}