{"id":6407,"date":"2024-02-08T16:34:32","date_gmt":"2024-02-08T15:34:32","guid":{"rendered":"https:\/\/bru-zane.com\/?page_id=6407"},"modified":"2024-03-05T09:42:34","modified_gmt":"2024-03-05T08:42:34","slug":"istituzioni-convenzionate","status":"publish","type":"page","link":"https:\/\/bru-zane.com\/fr\/istituzioni-convenzionate\/","title":{"rendered":"Institutions conventionn\u00e9es"},"content":{"rendered":"<p>De nombreuses institutions sont li\u00e9es par un accord avec le Palazzetto Bru Zane.<br \/>\nLa Bru Zane Card que re\u00e7oivent celles et ceux qui souscrivent un abonnement au Palazzetto Bru Zane leur permet de b\u00e9n\u00e9ficier de certains avantages aupr\u00e8s de ces institutions.<br \/>\n<br \/>\nPr\u00e9sentez votre Card \u00e0 l\u2019entr\u00e9e de chacune d\u2019elles et vous pourrez profiter des avantages pr\u00e9vus pour vous ! Pour d\u00e9couvrir ces avantages qui vous sont r\u00e9serv\u00e9s, nous vous invitons \u00e0 consulter les sites internet des institutions concern\u00e9es.<br \/>\n<br \/>\nVoici la liste compl\u00e8te des institutions conventionn\u00e9es :<\/p>\n<ul>\n<li><a href=\"https:\/\/www.unive.it\/pag\/48401\/\" target=\"_blank\" rel=\"noopener\">Teatro Ca'Foscari<\/a><\/li>\n<li><a href=\"https:\/\/ateneoveneto.org\/wp-content\/uploads\/2023\/02\/Convenzioni-SOCIeAMICI.pdf\" target=\"_blank\" rel=\"noopener\">Ateneo Veneto<\/a><\/li>\n<li><a href=\"https:\/\/www.comune.venezia.it\/it\/content\/elenco-riduzioni-biglietti-circuito-cinema-venezia\" target=\"_blank\" rel=\"noopener\">Circuito Cinema Venezia<\/a><\/li>\n<li><a href=\"https:\/\/www.fondazionealberodoro.org\/it\/partner\/\" rel=\"noopener\" target=\"_blank\">Fondazione dell'Albero d'Oro<\/a><\/li>\n<li><a href=\"https:\/\/www.visitmuve.it\/it\/convenzioni\/palazzetto-bru-zane\/\" target=\"_blank\" rel=\"noopener\">Fondazione Musei Civici di Venezia <\/a><\/li>\n<li><a href=\"https:\/\/www.querinistampalia.org\/it\/acquista-biglietto\/\" rel=\"noopener\" target=\"_blank\">Fondazione Scientifica Querini Stampalia Onlus<\/a><\/li>\n<li><a href=\"https:\/\/www.lestanzedellafotografia.it\/it\/attivita\/news\/convenzione-con-palazzetto-bru-zane-centre-de-musique-romantique-francaise\" rel=\"noopener\" target=\"_blank\">Le Stanze della fotografia<\/a><\/li>\n<li><a href=\"https:\/\/www.m9museum.it\/convenzioni\/palazzatto-bru-zane\/\" target=\"_blank\" rel=\"noopener\">M9 \u2013 Museo del 900 <\/a><\/li>\n<li><a href=\"https:\/\/www.pinaultcollection.com\/palazzograssi\/it\/istituzioni-partner\" target=\"_blank\" rel=\"noopener\">Palazzo Grassi &amp; Punta della Dogana <\/a><\/li>\n<li><a href=\"https:\/\/www.guggenheim-venice.it\/it\/sostienici\/membership\/convenzioni\/\" target=\"_blank\" rel=\"noopener\">Peggy Guggenheim Collection <\/a><\/li>\n<\/ul>\n<p><\/p>","protected":false},"excerpt":{"rendered":"<p>De nombreuses institutions sont li\u00e9es par un accord avec le Palazzetto Bru Zane. La Bru Zane Card que re\u00e7oivent celles et ceux qui souscrivent un abonnement au Palazzetto Bru Zane leur permet de b\u00e9n\u00e9ficier de certains avantages aupr\u00e8s de ces institutions. Pr\u00e9sentez votre Card \u00e0 l\u2019entr\u00e9e de chacune d\u2019elles et vous pourrez profiter des avantages [&hellip;]<\/p>\n","protected":false},"author":3,"featured_media":0,"parent":0,"menu_order":0,"comment_status":"closed","ping_status":"closed","template":"","meta":{"footnotes":""},"class_list":["post-6407","page","type-page","status-publish","hentry"],"yoast_head":"<!-- This site is optimized with the Yoast SEO plugin v27.3 - https:\/\/yoast.com\/product\/yoast-seo-wordpress\/ -->\n<title>Institutions conventionn\u00e9es - Palazzetto Bru Zane<\/title>\n<meta name=\"robots\" content=\"index, follow, max-snippet:-1, max-image-preview:large, max-video-preview:-1\" \/>\n<link rel=\"canonical\" href=\"https:\/\/bru-zane.com\/fr\/istituzioni-convenzionate\/\" \/>\n<meta property=\"og:locale\" content=\"fr_FR\" \/>\n<meta property=\"og:type\" content=\"article\" \/>\n<meta property=\"og:title\" content=\"Institutions conventionn\u00e9es - Palazzetto Bru Zane\" \/>\n<meta property=\"og:description\" content=\"De nombreuses institutions sont li\u00e9es par un accord avec le Palazzetto Bru Zane. La Bru Zane Card que re\u00e7oivent celles et ceux qui souscrivent un abonnement au Palazzetto Bru Zane leur permet de b\u00e9n\u00e9ficier de certains avantages aupr\u00e8s de ces institutions. Pr\u00e9sentez votre Card \u00e0 l\u2019entr\u00e9e de chacune d\u2019elles et vous pourrez profiter des avantages [&hellip;]\" \/>\n<meta property=\"og:url\" content=\"https:\/\/bru-zane.com\/fr\/istituzioni-convenzionate\/\" \/>\n<meta property=\"og:site_name\" content=\"Palazzetto Bru Zane\" \/>\n<meta property=\"article:publisher\" content=\"https:\/\/www.facebook.com\/PalazzettoBruZane\/\" \/>\n<meta property=\"article:modified_time\" content=\"2024-03-05T08:42:34+00:00\" \/>\n<meta property=\"og:image\" content=\"https:\/\/bru-zane.com\/wp-content\/uploads\/2020\/06\/PBZ-Giardino-c-Matteo-De-Fina-1024x756.jpg\" \/>\n\t<meta property=\"og:image:width\" content=\"1024\" \/>\n\t<meta property=\"og:image:height\" content=\"756\" \/>\n\t<meta property=\"og:image:type\" content=\"image\/jpeg\" \/>\n<meta name=\"twitter:card\" content=\"summary_large_image\" \/>\n<meta name=\"twitter:site\" content=\"@BruZane\" \/>\n<meta name=\"twitter:label1\" content=\"Dur\u00e9e de lecture estim\u00e9e\" \/>\n\t<meta name=\"twitter:data1\" content=\"1 minute\" \/>\n<script type=\"application\/ld+json\" class=\"yoast-schema-graph\">{\"@context\":\"https:\\\/\\\/schema.org\",\"@graph\":[{\"@type\":\"WebPage\",\"@id\":\"https:\\\/\\\/bru-zane.com\\\/fr\\\/istituzioni-convenzionate\\\/\",\"url\":\"https:\\\/\\\/bru-zane.com\\\/fr\\\/istituzioni-convenzionate\\\/\",\"name\":\"Institutions conventionn\u00e9es - Palazzetto Bru Zane\",\"isPartOf\":{\"@id\":\"https:\\\/\\\/bru-zane.com\\\/fr\\\/#website\"},\"datePublished\":\"2024-02-08T15:34:32+00:00\",\"dateModified\":\"2024-03-05T08:42:34+00:00\",\"breadcrumb\":{\"@id\":\"https:\\\/\\\/bru-zane.com\\\/fr\\\/istituzioni-convenzionate\\\/#breadcrumb\"},\"inLanguage\":\"fr-FR\",\"potentialAction\":[{\"@type\":\"ReadAction\",\"target\":[[\"https:\\\/\\\/bru-zane.com\\\/fr\\\/istituzioni-convenzionate\\\/\"]]}]},{\"@type\":\"BreadcrumbList\",\"@id\":\"https:\\\/\\\/bru-zane.com\\\/fr\\\/istituzioni-convenzionate\\\/#breadcrumb\",\"itemListElement\":[{\"@type\":\"ListItem\",\"position\":1,\"name\":\"Home\",\"item\":\"https:\\\/\\\/bru-zane.com\\\/fr\\\/\"},{\"@type\":\"ListItem\",\"position\":2,\"name\":\"Institutions conventionn\u00e9es\"}]},{\"@type\":\"WebSite\",\"@id\":\"https:\\\/\\\/bru-zane.com\\\/fr\\\/#website\",\"url\":\"https:\\\/\\\/bru-zane.com\\\/fr\\\/\",\"name\":\"Palazzetto Bru Zane\",\"description\":\"\",\"publisher\":{\"@id\":\"https:\\\/\\\/bru-zane.com\\\/fr\\\/#organization\"},\"potentialAction\":[{\"@type\":\"SearchAction\",\"target\":{\"@type\":\"EntryPoint\",\"urlTemplate\":\"https:\\\/\\\/bru-zane.com\\\/fr\\\/?s={search_term_string}\"},\"query-input\":{\"@type\":\"PropertyValueSpecification\",\"valueRequired\":true,\"valueName\":\"search_term_string\"}}],\"inLanguage\":\"fr-FR\"},{\"@type\":\"Organization\",\"@id\":\"https:\\\/\\\/bru-zane.com\\\/fr\\\/#organization\",\"name\":\"Palazzetto Bru Zane\",\"url\":\"https:\\\/\\\/bru-zane.com\\\/fr\\\/\",\"logo\":{\"@type\":\"ImageObject\",\"inLanguage\":\"fr-FR\",\"@id\":\"https:\\\/\\\/bru-zane.com\\\/fr\\\/#\\\/schema\\\/logo\\\/image\\\/\",\"url\":\"https:\\\/\\\/bru-zane.com\\\/wp-content\\\/uploads\\\/2019\\\/03\\\/logobruzane.png\",\"contentUrl\":\"https:\\\/\\\/bru-zane.com\\\/wp-content\\\/uploads\\\/2019\\\/03\\\/logobruzane.png\",\"width\":740,\"height\":1458,\"caption\":\"Palazzetto Bru Zane\"},\"image\":{\"@id\":\"https:\\\/\\\/bru-zane.com\\\/fr\\\/#\\\/schema\\\/logo\\\/image\\\/\"},\"sameAs\":[\"https:\\\/\\\/www.facebook.com\\\/PalazzettoBruZane\\\/\",\"https:\\\/\\\/x.com\\\/BruZane\",\"https:\\\/\\\/www.instagram.com\\\/palazzettobruzane\\\/\",\"https:\\\/\\\/it.linkedin.com\\\/company\\\/palazzetto-bru-zane---centre-de-musique-romantique-fran-aise\",\"https:\\\/\\\/www.youtube.com\\\/user\\\/PalazzettoBruZane\",\"https:\\\/\\\/it.wikipedia.org\\\/wiki\\\/Palazzetto_Bru_Zane_-_Centre_de_musique_romantique_fran\u00e7aise\"]}]}<\/script>\n<!-- \/ Yoast SEO plugin. -->","yoast_head_json":{"title":"Institutions conventionn\u00e9es - Palazzetto Bru Zane","robots":{"index":"index","follow":"follow","max-snippet":"max-snippet:-1","max-image-preview":"max-image-preview:large","max-video-preview":"max-video-preview:-1"},"canonical":"https:\/\/bru-zane.com\/fr\/istituzioni-convenzionate\/","og_locale":"fr_FR","og_type":"article","og_title":"Institutions conventionn\u00e9es - Palazzetto Bru Zane","og_description":"De nombreuses institutions sont li\u00e9es par un accord avec le Palazzetto Bru Zane. La Bru Zane Card que re\u00e7oivent celles et ceux qui souscrivent un abonnement au Palazzetto Bru Zane leur permet de b\u00e9n\u00e9ficier de certains avantages aupr\u00e8s de ces institutions. Pr\u00e9sentez votre Card \u00e0 l\u2019entr\u00e9e de chacune d\u2019elles et vous pourrez profiter des avantages [&hellip;]","og_url":"https:\/\/bru-zane.com\/fr\/istituzioni-convenzionate\/","og_site_name":"Palazzetto Bru Zane","article_publisher":"https:\/\/www.facebook.com\/PalazzettoBruZane\/","article_modified_time":"2024-03-05T08:42:34+00:00","og_image":[{"width":1024,"height":756,"url":"https:\/\/bru-zane.com\/wp-content\/uploads\/2020\/06\/PBZ-Giardino-c-Matteo-De-Fina-1024x756.jpg","type":"image\/jpeg"}],"twitter_card":"summary_large_image","twitter_site":"@BruZane","twitter_misc":{"Dur\u00e9e de lecture estim\u00e9e":"1 minute"},"schema":{"@context":"https:\/\/schema.org","@graph":[{"@type":"WebPage","@id":"https:\/\/bru-zane.com\/fr\/istituzioni-convenzionate\/","url":"https:\/\/bru-zane.com\/fr\/istituzioni-convenzionate\/","name":"Institutions conventionn\u00e9es - Palazzetto Bru Zane","isPartOf":{"@id":"https:\/\/bru-zane.com\/fr\/#website"},"datePublished":"2024-02-08T15:34:32+00:00","dateModified":"2024-03-05T08:42:34+00:00","breadcrumb":{"@id":"https:\/\/bru-zane.com\/fr\/istituzioni-convenzionate\/#breadcrumb"},"inLanguage":"fr-FR","potentialAction":[{"@type":"ReadAction","target":[["https:\/\/bru-zane.com\/fr\/istituzioni-convenzionate\/"]]}]},{"@type":"BreadcrumbList","@id":"https:\/\/bru-zane.com\/fr\/istituzioni-convenzionate\/#breadcrumb","itemListElement":[{"@type":"ListItem","position":1,"name":"Home","item":"https:\/\/bru-zane.com\/fr\/"},{"@type":"ListItem","position":2,"name":"Institutions conventionn\u00e9es"}]},{"@type":"WebSite","@id":"https:\/\/bru-zane.com\/fr\/#website","url":"https:\/\/bru-zane.com\/fr\/","name":"Palazzetto Bru Zane","description":"","publisher":{"@id":"https:\/\/bru-zane.com\/fr\/#organization"},"potentialAction":[{"@type":"SearchAction","target":{"@type":"EntryPoint","urlTemplate":"https:\/\/bru-zane.com\/fr\/?s={search_term_string}"},"query-input":{"@type":"PropertyValueSpecification","valueRequired":true,"valueName":"search_term_string"}}],"inLanguage":"fr-FR"},{"@type":"Organization","@id":"https:\/\/bru-zane.com\/fr\/#organization","name":"Palazzetto Bru Zane","url":"https:\/\/bru-zane.com\/fr\/","logo":{"@type":"ImageObject","inLanguage":"fr-FR","@id":"https:\/\/bru-zane.com\/fr\/#\/schema\/logo\/image\/","url":"https:\/\/bru-zane.com\/wp-content\/uploads\/2019\/03\/logobruzane.png","contentUrl":"https:\/\/bru-zane.com\/wp-content\/uploads\/2019\/03\/logobruzane.png","width":740,"height":1458,"caption":"Palazzetto Bru Zane"},"image":{"@id":"https:\/\/bru-zane.com\/fr\/#\/schema\/logo\/image\/"},"sameAs":["https:\/\/www.facebook.com\/PalazzettoBruZane\/","https:\/\/x.com\/BruZane","https:\/\/www.instagram.com\/palazzettobruzane\/","https:\/\/it.linkedin.com\/company\/palazzetto-bru-zane---centre-de-musique-romantique-fran-aise","https:\/\/www.youtube.com\/user\/PalazzettoBruZane","https:\/\/it.wikipedia.org\/wiki\/Palazzetto_Bru_Zane_-_Centre_de_musique_romantique_fran\u00e7aise"]}]}},"_links":{"self":[{"href":"https:\/\/bru-zane.com\/fr\/wp-json\/wp\/v2\/pages\/6407","targetHints":{"allow":["GET"]}}],"collection":[{"href":"https:\/\/bru-zane.com\/fr\/wp-json\/wp\/v2\/pages"}],"about":[{"href":"https:\/\/bru-zane.com\/fr\/wp-json\/wp\/v2\/types\/page"}],"author":[{"embeddable":true,"href":"https:\/\/bru-zane.com\/fr\/wp-json\/wp\/v2\/users\/3"}],"replies":[{"embeddable":true,"href":"https:\/\/bru-zane.com\/fr\/wp-json\/wp\/v2\/comments?post=6407"}],"version-history":[{"count":3,"href":"https:\/\/bru-zane.com\/fr\/wp-json\/wp\/v2\/pages\/6407\/revisions"}],"predecessor-version":[{"id":6460,"href":"https:\/\/bru-zane.com\/fr\/wp-json\/wp\/v2\/pages\/6407\/revisions\/6460"}],"wp:attachment":[{"href":"https:\/\/bru-zane.com\/fr\/wp-json\/wp\/v2\/media?parent=6407"}],"curies":[{"name":"wp","href":"https:\/\/api.w.org\/{rel}","templated":true}]}}