{"id":6022,"date":"2023-07-21T12:10:21","date_gmt":"2023-07-21T10:10:21","guid":{"rendered":"https:\/\/bru-zane.com\/?page_id=6022"},"modified":"2025-06-24T16:59:35","modified_gmt":"2025-06-24T14:59:35","slug":"la-stagione-2023-2024","status":"publish","type":"page","link":"https:\/\/bru-zane.com\/fr\/scopri\/la-stagione-2023-2024\/","title":{"rendered":"La Saison 2023-2024"},"content":{"rendered":"<p>La saison 2023-2024 du Palazzetto Bru Zane sera faite de voyages et d\u2019hommages. Ces deux tendances s\u2019exprimeront aussi bien au travers de nos festivals v\u00e9nitiens qu\u2019\u00e0 l\u2019occasion de plusieurs rendez-vous internationaux : les ouvrages nous feront parcourir le globe \u00e0 la fois par leurs livrets et par leurs lieux de repr\u00e9sentation; et nous comm\u00e9morerons <strong>le bicentenaire de la naissance d\u2019\u00c9douard Lalo<\/strong> (1823), ainsi que <strong>le centenaire des d\u00e9c\u00e8s de Gabriel Faur\u00e9 et de Th\u00e9odore Dubois<\/strong> (1924).<\/p>","protected":false},"excerpt":{"rendered":"<p>La saison 2023-2024 du Palazzetto Bru Zane sera faite de voyages et d\u2019hommages. Ces deux tendances s\u2019exprimeront aussi bien au travers de nos festivals v\u00e9nitiens qu\u2019\u00e0 l\u2019occasion de plusieurs rendez-vous internationaux : les ouvrages nous feront parcourir le globe \u00e0 la fois par leurs livrets et par leurs lieux de repr\u00e9sentation; et nous comm\u00e9morerons le [&hellip;]<\/p>\n","protected":false},"author":4,"featured_media":6025,"parent":703,"menu_order":0,"comment_status":"closed","ping_status":"closed","template":"template\/page-stagione.php","meta":{"footnotes":""},"class_list":["post-6022","page","type-page","status-publish","has-post-thumbnail","hentry"],"yoast_head":"<!-- This site is optimized with the Yoast SEO plugin v27.3 - https:\/\/yoast.com\/product\/yoast-seo-wordpress\/ -->\n<title>La Stagione al Palazzetto Bru Zane<\/title>\n<meta name=\"description\" content=\"2026 - La stagione 2023-2024 del Palazzetto Bru Zane sar\u00e0 fatta di viaggi e di celebrazioni, che troveranno espressione sia attraverso i nostri festival\" \/>\n<meta name=\"robots\" content=\"index, follow, max-snippet:-1, max-image-preview:large, max-video-preview:-1\" \/>\n<link rel=\"canonical\" href=\"https:\/\/bru-zane.com\/fr\/scopri\/la-stagione-2023-2024\/\" \/>\n<meta property=\"og:locale\" content=\"fr_FR\" \/>\n<meta property=\"og:type\" content=\"article\" \/>\n<meta property=\"og:title\" content=\"La Stagione al Palazzetto Bru Zane\" \/>\n<meta property=\"og:description\" content=\"2026 - La stagione 2023-2024 del Palazzetto Bru Zane sar\u00e0 fatta di viaggi e di celebrazioni, che troveranno espressione sia attraverso i nostri festival\" \/>\n<meta property=\"og:url\" content=\"https:\/\/bru-zane.com\/fr\/scopri\/la-stagione-2023-2024\/\" \/>\n<meta property=\"og:site_name\" content=\"Palazzetto Bru Zane\" \/>\n<meta property=\"article:publisher\" content=\"https:\/\/www.facebook.com\/PalazzettoBruZane\/\" \/>\n<meta property=\"article:modified_time\" content=\"2025-06-24T14:59:35+00:00\" \/>\n<meta property=\"og:image\" content=\"https:\/\/bru-zane.com\/wp-content\/uploads\/2023\/07\/2324.jpg\" \/>\n\t<meta property=\"og:image:width\" content=\"1920\" \/>\n\t<meta property=\"og:image:height\" content=\"1080\" \/>\n\t<meta property=\"og:image:type\" content=\"image\/jpeg\" \/>\n<meta name=\"twitter:card\" content=\"summary_large_image\" \/>\n<meta name=\"twitter:site\" content=\"@BruZane\" \/>\n<meta name=\"twitter:label1\" content=\"Dur\u00e9e de lecture estim\u00e9e\" \/>\n\t<meta name=\"twitter:data1\" content=\"1 minute\" \/>\n<script type=\"application\/ld+json\" class=\"yoast-schema-graph\">{\"@context\":\"https:\\\/\\\/schema.org\",\"@graph\":[{\"@type\":\"WebPage\",\"@id\":\"https:\\\/\\\/bru-zane.com\\\/fr\\\/scopri\\\/la-stagione-2023-2024\\\/\",\"url\":\"https:\\\/\\\/bru-zane.com\\\/fr\\\/scopri\\\/la-stagione-2023-2024\\\/\",\"name\":\"La Stagione al Palazzetto Bru Zane\",\"isPartOf\":{\"@id\":\"https:\\\/\\\/bru-zane.com\\\/fr\\\/#website\"},\"primaryImageOfPage\":{\"@id\":\"https:\\\/\\\/bru-zane.com\\\/fr\\\/scopri\\\/la-stagione-2023-2024\\\/#primaryimage\"},\"image\":{\"@id\":\"https:\\\/\\\/bru-zane.com\\\/scopri\\\/la-stagione-2023-2024\\\/#primaryimage\"},\"thumbnailUrl\":\"https:\\\/\\\/bru-zane.com\\\/wp-content\\\/uploads\\\/2023\\\/07\\\/2324.jpg\",\"datePublished\":\"2023-07-21T10:10:21+00:00\",\"dateModified\":\"2025-06-24T14:59:35+00:00\",\"description\":\"2026 - La stagione 2023-2024 del Palazzetto Bru Zane sar\u00e0 fatta di viaggi e di celebrazioni, che troveranno espressione sia attraverso i nostri festival\",\"breadcrumb\":{\"@id\":\"https:\\\/\\\/bru-zane.com\\\/fr\\\/scopri\\\/la-stagione-2023-2024\\\/#breadcrumb\"},\"inLanguage\":\"fr-FR\",\"potentialAction\":[{\"@type\":\"ReadAction\",\"target\":[[\"https:\\\/\\\/bru-zane.com\\\/fr\\\/scopri\\\/la-stagione-2023-2024\\\/\"]]}]},{\"@type\":\"ImageObject\",\"inLanguage\":\"fr-FR\",\"@id\":\"https:\\\/\\\/bru-zane.com\\\/fr\\\/scopri\\\/la-stagione-2023-2024\\\/#primaryimage\",\"url\":\"https:\\\/\\\/bru-zane.com\\\/wp-content\\\/uploads\\\/2023\\\/07\\\/2324.jpg\",\"contentUrl\":\"https:\\\/\\\/bru-zane.com\\\/wp-content\\\/uploads\\\/2023\\\/07\\\/2324.jpg\",\"width\":1920,\"height\":1080},{\"@type\":\"BreadcrumbList\",\"@id\":\"https:\\\/\\\/bru-zane.com\\\/fr\\\/scopri\\\/la-stagione-2023-2024\\\/#breadcrumb\",\"itemListElement\":[{\"@type\":\"ListItem\",\"position\":1,\"name\":\"Home\",\"item\":\"https:\\\/\\\/bru-zane.com\\\/fr\\\/\"},{\"@type\":\"ListItem\",\"position\":2,\"name\":\"D\u00e9couvrir\",\"item\":\"https:\\\/\\\/bru-zane.com\\\/fr\\\/scopri\\\/\"},{\"@type\":\"ListItem\",\"position\":3,\"name\":\"La Stagione 2023-2024\"}]},{\"@type\":\"WebSite\",\"@id\":\"https:\\\/\\\/bru-zane.com\\\/fr\\\/#website\",\"url\":\"https:\\\/\\\/bru-zane.com\\\/fr\\\/\",\"name\":\"Palazzetto Bru Zane\",\"description\":\"\",\"publisher\":{\"@id\":\"https:\\\/\\\/bru-zane.com\\\/fr\\\/#organization\"},\"potentialAction\":[{\"@type\":\"SearchAction\",\"target\":{\"@type\":\"EntryPoint\",\"urlTemplate\":\"https:\\\/\\\/bru-zane.com\\\/fr\\\/?s={search_term_string}\"},\"query-input\":{\"@type\":\"PropertyValueSpecification\",\"valueRequired\":true,\"valueName\":\"search_term_string\"}}],\"inLanguage\":\"fr-FR\"},{\"@type\":\"Organization\",\"@id\":\"https:\\\/\\\/bru-zane.com\\\/fr\\\/#organization\",\"name\":\"Palazzetto Bru Zane\",\"url\":\"https:\\\/\\\/bru-zane.com\\\/fr\\\/\",\"logo\":{\"@type\":\"ImageObject\",\"inLanguage\":\"fr-FR\",\"@id\":\"https:\\\/\\\/bru-zane.com\\\/fr\\\/#\\\/schema\\\/logo\\\/image\\\/\",\"url\":\"https:\\\/\\\/bru-zane.com\\\/wp-content\\\/uploads\\\/2019\\\/03\\\/logobruzane.png\",\"contentUrl\":\"https:\\\/\\\/bru-zane.com\\\/wp-content\\\/uploads\\\/2019\\\/03\\\/logobruzane.png\",\"width\":740,\"height\":1458,\"caption\":\"Palazzetto Bru Zane\"},\"image\":{\"@id\":\"https:\\\/\\\/bru-zane.com\\\/fr\\\/#\\\/schema\\\/logo\\\/image\\\/\"},\"sameAs\":[\"https:\\\/\\\/www.facebook.com\\\/PalazzettoBruZane\\\/\",\"https:\\\/\\\/x.com\\\/BruZane\",\"https:\\\/\\\/www.instagram.com\\\/palazzettobruzane\\\/\",\"https:\\\/\\\/it.linkedin.com\\\/company\\\/palazzetto-bru-zane---centre-de-musique-romantique-fran-aise\",\"https:\\\/\\\/www.youtube.com\\\/user\\\/PalazzettoBruZane\",\"https:\\\/\\\/it.wikipedia.org\\\/wiki\\\/Palazzetto_Bru_Zane_-_Centre_de_musique_romantique_fran\u00e7aise\"]}]}<\/script>\n<!-- \/ Yoast SEO plugin. -->","yoast_head_json":{"title":"La Stagione al Palazzetto Bru Zane","description":"2026 - La stagione 2023-2024 del Palazzetto Bru Zane sar\u00e0 fatta di viaggi e di celebrazioni, che troveranno espressione sia attraverso i nostri festival","robots":{"index":"index","follow":"follow","max-snippet":"max-snippet:-1","max-image-preview":"max-image-preview:large","max-video-preview":"max-video-preview:-1"},"canonical":"https:\/\/bru-zane.com\/fr\/scopri\/la-stagione-2023-2024\/","og_locale":"fr_FR","og_type":"article","og_title":"La Stagione al Palazzetto Bru Zane","og_description":"2026 - La stagione 2023-2024 del Palazzetto Bru Zane sar\u00e0 fatta di viaggi e di celebrazioni, che troveranno espressione sia attraverso i nostri festival","og_url":"https:\/\/bru-zane.com\/fr\/scopri\/la-stagione-2023-2024\/","og_site_name":"Palazzetto Bru Zane","article_publisher":"https:\/\/www.facebook.com\/PalazzettoBruZane\/","article_modified_time":"2025-06-24T14:59:35+00:00","og_image":[{"width":1920,"height":1080,"url":"https:\/\/bru-zane.com\/wp-content\/uploads\/2023\/07\/2324.jpg","type":"image\/jpeg"}],"twitter_card":"summary_large_image","twitter_site":"@BruZane","twitter_misc":{"Dur\u00e9e de lecture estim\u00e9e":"1 minute"},"schema":{"@context":"https:\/\/schema.org","@graph":[{"@type":"WebPage","@id":"https:\/\/bru-zane.com\/fr\/scopri\/la-stagione-2023-2024\/","url":"https:\/\/bru-zane.com\/fr\/scopri\/la-stagione-2023-2024\/","name":"La Stagione al Palazzetto Bru Zane","isPartOf":{"@id":"https:\/\/bru-zane.com\/fr\/#website"},"primaryImageOfPage":{"@id":"https:\/\/bru-zane.com\/fr\/scopri\/la-stagione-2023-2024\/#primaryimage"},"image":{"@id":"https:\/\/bru-zane.com\/scopri\/la-stagione-2023-2024\/#primaryimage"},"thumbnailUrl":"https:\/\/bru-zane.com\/wp-content\/uploads\/2023\/07\/2324.jpg","datePublished":"2023-07-21T10:10:21+00:00","dateModified":"2025-06-24T14:59:35+00:00","description":"2026 - La stagione 2023-2024 del Palazzetto Bru Zane sar\u00e0 fatta di viaggi e di celebrazioni, che troveranno espressione sia attraverso i nostri festival","breadcrumb":{"@id":"https:\/\/bru-zane.com\/fr\/scopri\/la-stagione-2023-2024\/#breadcrumb"},"inLanguage":"fr-FR","potentialAction":[{"@type":"ReadAction","target":[["https:\/\/bru-zane.com\/fr\/scopri\/la-stagione-2023-2024\/"]]}]},{"@type":"ImageObject","inLanguage":"fr-FR","@id":"https:\/\/bru-zane.com\/fr\/scopri\/la-stagione-2023-2024\/#primaryimage","url":"https:\/\/bru-zane.com\/wp-content\/uploads\/2023\/07\/2324.jpg","contentUrl":"https:\/\/bru-zane.com\/wp-content\/uploads\/2023\/07\/2324.jpg","width":1920,"height":1080},{"@type":"BreadcrumbList","@id":"https:\/\/bru-zane.com\/fr\/scopri\/la-stagione-2023-2024\/#breadcrumb","itemListElement":[{"@type":"ListItem","position":1,"name":"Home","item":"https:\/\/bru-zane.com\/fr\/"},{"@type":"ListItem","position":2,"name":"D\u00e9couvrir","item":"https:\/\/bru-zane.com\/fr\/scopri\/"},{"@type":"ListItem","position":3,"name":"La Stagione 2023-2024"}]},{"@type":"WebSite","@id":"https:\/\/bru-zane.com\/fr\/#website","url":"https:\/\/bru-zane.com\/fr\/","name":"Palazzetto Bru Zane","description":"","publisher":{"@id":"https:\/\/bru-zane.com\/fr\/#organization"},"potentialAction":[{"@type":"SearchAction","target":{"@type":"EntryPoint","urlTemplate":"https:\/\/bru-zane.com\/fr\/?s={search_term_string}"},"query-input":{"@type":"PropertyValueSpecification","valueRequired":true,"valueName":"search_term_string"}}],"inLanguage":"fr-FR"},{"@type":"Organization","@id":"https:\/\/bru-zane.com\/fr\/#organization","name":"Palazzetto Bru Zane","url":"https:\/\/bru-zane.com\/fr\/","logo":{"@type":"ImageObject","inLanguage":"fr-FR","@id":"https:\/\/bru-zane.com\/fr\/#\/schema\/logo\/image\/","url":"https:\/\/bru-zane.com\/wp-content\/uploads\/2019\/03\/logobruzane.png","contentUrl":"https:\/\/bru-zane.com\/wp-content\/uploads\/2019\/03\/logobruzane.png","width":740,"height":1458,"caption":"Palazzetto Bru Zane"},"image":{"@id":"https:\/\/bru-zane.com\/fr\/#\/schema\/logo\/image\/"},"sameAs":["https:\/\/www.facebook.com\/PalazzettoBruZane\/","https:\/\/x.com\/BruZane","https:\/\/www.instagram.com\/palazzettobruzane\/","https:\/\/it.linkedin.com\/company\/palazzetto-bru-zane---centre-de-musique-romantique-fran-aise","https:\/\/www.youtube.com\/user\/PalazzettoBruZane","https:\/\/it.wikipedia.org\/wiki\/Palazzetto_Bru_Zane_-_Centre_de_musique_romantique_fran\u00e7aise"]}]}},"_links":{"self":[{"href":"https:\/\/bru-zane.com\/fr\/wp-json\/wp\/v2\/pages\/6022","targetHints":{"allow":["GET"]}}],"collection":[{"href":"https:\/\/bru-zane.com\/fr\/wp-json\/wp\/v2\/pages"}],"about":[{"href":"https:\/\/bru-zane.com\/fr\/wp-json\/wp\/v2\/types\/page"}],"author":[{"embeddable":true,"href":"https:\/\/bru-zane.com\/fr\/wp-json\/wp\/v2\/users\/4"}],"replies":[{"embeddable":true,"href":"https:\/\/bru-zane.com\/fr\/wp-json\/wp\/v2\/comments?post=6022"}],"version-history":[{"count":3,"href":"https:\/\/bru-zane.com\/fr\/wp-json\/wp\/v2\/pages\/6022\/revisions"}],"predecessor-version":[{"id":6065,"href":"https:\/\/bru-zane.com\/fr\/wp-json\/wp\/v2\/pages\/6022\/revisions\/6065"}],"up":[{"embeddable":true,"href":"https:\/\/bru-zane.com\/fr\/wp-json\/wp\/v2\/pages\/703"}],"wp:featuredmedia":[{"embeddable":true,"href":"https:\/\/bru-zane.com\/fr\/wp-json\/wp\/v2\/media\/6025"}],"wp:attachment":[{"href":"https:\/\/bru-zane.com\/fr\/wp-json\/wp\/v2\/media?parent=6022"}],"curies":[{"name":"wp","href":"https:\/\/api.w.org\/{rel}","templated":true}]}}