{"id":5333,"date":"2022-07-11T17:42:32","date_gmt":"2022-07-11T15:42:32","guid":{"rendered":"https:\/\/bru-zane.com\/?page_id=5333"},"modified":"2025-10-17T16:56:20","modified_gmt":"2025-10-17T14:56:20","slug":"biglietteria-degli-eventi-a-venezia","status":"publish","type":"page","link":"https:\/\/bru-zane.com\/fr\/biglietteria-degli-eventi-a-venezia\/","title":{"rendered":"Billetterie des \u00e9v\u00e9nements \u00e0 Venise"},"content":{"rendered":"<p>Le Palazzetto Bru Zane organise des concerts de musique classique tout au long de la saison \u00e0 Venise dans ses murs et \u00e0 la Scuola Grande San Giovanni Evangelista.<\/p>\n<p>Des r\u00e9citals de piano, des quatuors et quintettes \u00e0 cordes, ainsi que des m\u00e9lodies et divers ensembles musicaux ponctuent la saison de musique classique \u00e0 Venise.<\/p>\n<p>Des concerts de musique de chambre du r\u00e9pertoire romantique fran\u00e7ais sont organis\u00e9s dans le cadre de deux festivals. \u00c0 l'automne, le festival de musique classique permet de red\u00e9couvrir des pi\u00e8ces peu connues jou\u00e9es par des instruments rarement programm\u00e9s \u00e0 Venise, tels que l'accord\u00e9on, la mandoline et la guitare romantique.<br \/>\nAu printemps, le festival de musique classique permet de d\u00e9couvrir la musique de la compositrice romantique fran\u00e7aise Louise Farrenc et de certains de ses contemporains. D'autres concerts de musique classique rythment la saison des \u00e9v\u00e9nements \u00e0 Venise.<\/p>","protected":false},"excerpt":{"rendered":"<p>Le Palazzetto Bru Zane organise des concerts de musique classique tout au long de la saison \u00e0 Venise dans ses murs et \u00e0 la Scuola Grande San Giovanni Evangelista. Des r\u00e9citals de piano, des quatuors et quintettes \u00e0 cordes, ainsi que des m\u00e9lodies et divers ensembles musicaux ponctuent la saison de musique classique \u00e0 Venise. [&hellip;]<\/p>\n","protected":false},"author":4,"featured_media":0,"parent":0,"menu_order":0,"comment_status":"closed","ping_status":"closed","template":"template\/page-biglietteria.php","meta":{"footnotes":""},"class_list":["post-5333","page","type-page","status-publish","hentry"],"yoast_head":"<!-- This site is optimized with the Yoast SEO plugin v27.3 - https:\/\/yoast.com\/product\/yoast-seo-wordpress\/ -->\n<title>Billetterie des \u00e9v\u00e9nements \u00e0 Venise - Palazzetto Bru Zane<\/title>\n<meta name=\"robots\" content=\"index, follow, max-snippet:-1, max-image-preview:large, max-video-preview:-1\" \/>\n<link rel=\"canonical\" href=\"https:\/\/bru-zane.com\/fr\/biglietteria-degli-eventi-a-venezia\/\" \/>\n<meta property=\"og:locale\" content=\"fr_FR\" \/>\n<meta property=\"og:type\" content=\"article\" \/>\n<meta property=\"og:title\" content=\"Billetterie des \u00e9v\u00e9nements \u00e0 Venise - Palazzetto Bru Zane\" \/>\n<meta property=\"og:description\" content=\"Le Palazzetto Bru Zane organise des concerts de musique classique tout au long de la saison \u00e0 Venise dans ses murs et \u00e0 la Scuola Grande San Giovanni Evangelista. Des r\u00e9citals de piano, des quatuors et quintettes \u00e0 cordes, ainsi que des m\u00e9lodies et divers ensembles musicaux ponctuent la saison de musique classique \u00e0 Venise. [&hellip;]\" \/>\n<meta property=\"og:url\" content=\"https:\/\/bru-zane.com\/fr\/biglietteria-degli-eventi-a-venezia\/\" \/>\n<meta property=\"og:site_name\" content=\"Palazzetto Bru Zane\" \/>\n<meta property=\"article:publisher\" content=\"https:\/\/www.facebook.com\/PalazzettoBruZane\/\" \/>\n<meta property=\"article:modified_time\" content=\"2025-10-17T14:56:20+00:00\" \/>\n<meta property=\"og:image\" content=\"https:\/\/bru-zane.com\/wp-content\/uploads\/2020\/06\/PBZ-Giardino-c-Matteo-De-Fina-1024x756.jpg\" \/>\n\t<meta property=\"og:image:width\" content=\"1024\" \/>\n\t<meta property=\"og:image:height\" content=\"756\" \/>\n\t<meta property=\"og:image:type\" content=\"image\/jpeg\" \/>\n<meta name=\"twitter:card\" content=\"summary_large_image\" \/>\n<meta name=\"twitter:site\" content=\"@BruZane\" \/>\n<meta name=\"twitter:label1\" content=\"Dur\u00e9e de lecture estim\u00e9e\" \/>\n\t<meta name=\"twitter:data1\" content=\"1 minute\" \/>\n<script type=\"application\/ld+json\" class=\"yoast-schema-graph\">{\"@context\":\"https:\\\/\\\/schema.org\",\"@graph\":[{\"@type\":\"WebPage\",\"@id\":\"https:\\\/\\\/bru-zane.com\\\/fr\\\/biglietteria-degli-eventi-a-venezia\\\/\",\"url\":\"https:\\\/\\\/bru-zane.com\\\/fr\\\/biglietteria-degli-eventi-a-venezia\\\/\",\"name\":\"Billetterie des \u00e9v\u00e9nements \u00e0 Venise - Palazzetto Bru Zane\",\"isPartOf\":{\"@id\":\"https:\\\/\\\/bru-zane.com\\\/fr\\\/#website\"},\"datePublished\":\"2022-07-11T15:42:32+00:00\",\"dateModified\":\"2025-10-17T14:56:20+00:00\",\"breadcrumb\":{\"@id\":\"https:\\\/\\\/bru-zane.com\\\/fr\\\/biglietteria-degli-eventi-a-venezia\\\/#breadcrumb\"},\"inLanguage\":\"fr-FR\",\"potentialAction\":[{\"@type\":\"ReadAction\",\"target\":[[\"https:\\\/\\\/bru-zane.com\\\/fr\\\/biglietteria-degli-eventi-a-venezia\\\/\"]]}]},{\"@type\":\"BreadcrumbList\",\"@id\":\"https:\\\/\\\/bru-zane.com\\\/fr\\\/biglietteria-degli-eventi-a-venezia\\\/#breadcrumb\",\"itemListElement\":[{\"@type\":\"ListItem\",\"position\":1,\"name\":\"Home\",\"item\":\"https:\\\/\\\/bru-zane.com\\\/fr\\\/\"},{\"@type\":\"ListItem\",\"position\":2,\"name\":\"Biglietteria degli eventi a Venezia\"}]},{\"@type\":\"WebSite\",\"@id\":\"https:\\\/\\\/bru-zane.com\\\/fr\\\/#website\",\"url\":\"https:\\\/\\\/bru-zane.com\\\/fr\\\/\",\"name\":\"Palazzetto Bru Zane\",\"description\":\"\",\"publisher\":{\"@id\":\"https:\\\/\\\/bru-zane.com\\\/fr\\\/#organization\"},\"potentialAction\":[{\"@type\":\"SearchAction\",\"target\":{\"@type\":\"EntryPoint\",\"urlTemplate\":\"https:\\\/\\\/bru-zane.com\\\/fr\\\/?s={search_term_string}\"},\"query-input\":{\"@type\":\"PropertyValueSpecification\",\"valueRequired\":true,\"valueName\":\"search_term_string\"}}],\"inLanguage\":\"fr-FR\"},{\"@type\":\"Organization\",\"@id\":\"https:\\\/\\\/bru-zane.com\\\/fr\\\/#organization\",\"name\":\"Palazzetto Bru Zane\",\"url\":\"https:\\\/\\\/bru-zane.com\\\/fr\\\/\",\"logo\":{\"@type\":\"ImageObject\",\"inLanguage\":\"fr-FR\",\"@id\":\"https:\\\/\\\/bru-zane.com\\\/fr\\\/#\\\/schema\\\/logo\\\/image\\\/\",\"url\":\"https:\\\/\\\/bru-zane.com\\\/wp-content\\\/uploads\\\/2019\\\/03\\\/logobruzane.png\",\"contentUrl\":\"https:\\\/\\\/bru-zane.com\\\/wp-content\\\/uploads\\\/2019\\\/03\\\/logobruzane.png\",\"width\":740,\"height\":1458,\"caption\":\"Palazzetto Bru Zane\"},\"image\":{\"@id\":\"https:\\\/\\\/bru-zane.com\\\/fr\\\/#\\\/schema\\\/logo\\\/image\\\/\"},\"sameAs\":[\"https:\\\/\\\/www.facebook.com\\\/PalazzettoBruZane\\\/\",\"https:\\\/\\\/x.com\\\/BruZane\",\"https:\\\/\\\/www.instagram.com\\\/palazzettobruzane\\\/\",\"https:\\\/\\\/it.linkedin.com\\\/company\\\/palazzetto-bru-zane---centre-de-musique-romantique-fran-aise\",\"https:\\\/\\\/www.youtube.com\\\/user\\\/PalazzettoBruZane\",\"https:\\\/\\\/it.wikipedia.org\\\/wiki\\\/Palazzetto_Bru_Zane_-_Centre_de_musique_romantique_fran\u00e7aise\"]}]}<\/script>\n<!-- \/ Yoast SEO plugin. -->","yoast_head_json":{"title":"Billetterie des \u00e9v\u00e9nements \u00e0 Venise - Palazzetto Bru Zane","robots":{"index":"index","follow":"follow","max-snippet":"max-snippet:-1","max-image-preview":"max-image-preview:large","max-video-preview":"max-video-preview:-1"},"canonical":"https:\/\/bru-zane.com\/fr\/biglietteria-degli-eventi-a-venezia\/","og_locale":"fr_FR","og_type":"article","og_title":"Billetterie des \u00e9v\u00e9nements \u00e0 Venise - Palazzetto Bru Zane","og_description":"Le Palazzetto Bru Zane organise des concerts de musique classique tout au long de la saison \u00e0 Venise dans ses murs et \u00e0 la Scuola Grande San Giovanni Evangelista. Des r\u00e9citals de piano, des quatuors et quintettes \u00e0 cordes, ainsi que des m\u00e9lodies et divers ensembles musicaux ponctuent la saison de musique classique \u00e0 Venise. [&hellip;]","og_url":"https:\/\/bru-zane.com\/fr\/biglietteria-degli-eventi-a-venezia\/","og_site_name":"Palazzetto Bru Zane","article_publisher":"https:\/\/www.facebook.com\/PalazzettoBruZane\/","article_modified_time":"2025-10-17T14:56:20+00:00","og_image":[{"width":1024,"height":756,"url":"https:\/\/bru-zane.com\/wp-content\/uploads\/2020\/06\/PBZ-Giardino-c-Matteo-De-Fina-1024x756.jpg","type":"image\/jpeg"}],"twitter_card":"summary_large_image","twitter_site":"@BruZane","twitter_misc":{"Dur\u00e9e de lecture estim\u00e9e":"1 minute"},"schema":{"@context":"https:\/\/schema.org","@graph":[{"@type":"WebPage","@id":"https:\/\/bru-zane.com\/fr\/biglietteria-degli-eventi-a-venezia\/","url":"https:\/\/bru-zane.com\/fr\/biglietteria-degli-eventi-a-venezia\/","name":"Billetterie des \u00e9v\u00e9nements \u00e0 Venise - Palazzetto Bru Zane","isPartOf":{"@id":"https:\/\/bru-zane.com\/fr\/#website"},"datePublished":"2022-07-11T15:42:32+00:00","dateModified":"2025-10-17T14:56:20+00:00","breadcrumb":{"@id":"https:\/\/bru-zane.com\/fr\/biglietteria-degli-eventi-a-venezia\/#breadcrumb"},"inLanguage":"fr-FR","potentialAction":[{"@type":"ReadAction","target":[["https:\/\/bru-zane.com\/fr\/biglietteria-degli-eventi-a-venezia\/"]]}]},{"@type":"BreadcrumbList","@id":"https:\/\/bru-zane.com\/fr\/biglietteria-degli-eventi-a-venezia\/#breadcrumb","itemListElement":[{"@type":"ListItem","position":1,"name":"Home","item":"https:\/\/bru-zane.com\/fr\/"},{"@type":"ListItem","position":2,"name":"Biglietteria degli eventi a Venezia"}]},{"@type":"WebSite","@id":"https:\/\/bru-zane.com\/fr\/#website","url":"https:\/\/bru-zane.com\/fr\/","name":"Palazzetto Bru Zane","description":"","publisher":{"@id":"https:\/\/bru-zane.com\/fr\/#organization"},"potentialAction":[{"@type":"SearchAction","target":{"@type":"EntryPoint","urlTemplate":"https:\/\/bru-zane.com\/fr\/?s={search_term_string}"},"query-input":{"@type":"PropertyValueSpecification","valueRequired":true,"valueName":"search_term_string"}}],"inLanguage":"fr-FR"},{"@type":"Organization","@id":"https:\/\/bru-zane.com\/fr\/#organization","name":"Palazzetto Bru Zane","url":"https:\/\/bru-zane.com\/fr\/","logo":{"@type":"ImageObject","inLanguage":"fr-FR","@id":"https:\/\/bru-zane.com\/fr\/#\/schema\/logo\/image\/","url":"https:\/\/bru-zane.com\/wp-content\/uploads\/2019\/03\/logobruzane.png","contentUrl":"https:\/\/bru-zane.com\/wp-content\/uploads\/2019\/03\/logobruzane.png","width":740,"height":1458,"caption":"Palazzetto Bru Zane"},"image":{"@id":"https:\/\/bru-zane.com\/fr\/#\/schema\/logo\/image\/"},"sameAs":["https:\/\/www.facebook.com\/PalazzettoBruZane\/","https:\/\/x.com\/BruZane","https:\/\/www.instagram.com\/palazzettobruzane\/","https:\/\/it.linkedin.com\/company\/palazzetto-bru-zane---centre-de-musique-romantique-fran-aise","https:\/\/www.youtube.com\/user\/PalazzettoBruZane","https:\/\/it.wikipedia.org\/wiki\/Palazzetto_Bru_Zane_-_Centre_de_musique_romantique_fran\u00e7aise"]}]}},"_links":{"self":[{"href":"https:\/\/bru-zane.com\/fr\/wp-json\/wp\/v2\/pages\/5333","targetHints":{"allow":["GET"]}}],"collection":[{"href":"https:\/\/bru-zane.com\/fr\/wp-json\/wp\/v2\/pages"}],"about":[{"href":"https:\/\/bru-zane.com\/fr\/wp-json\/wp\/v2\/types\/page"}],"author":[{"embeddable":true,"href":"https:\/\/bru-zane.com\/fr\/wp-json\/wp\/v2\/users\/4"}],"replies":[{"embeddable":true,"href":"https:\/\/bru-zane.com\/fr\/wp-json\/wp\/v2\/comments?post=5333"}],"version-history":[{"count":3,"href":"https:\/\/bru-zane.com\/fr\/wp-json\/wp\/v2\/pages\/5333\/revisions"}],"predecessor-version":[{"id":7573,"href":"https:\/\/bru-zane.com\/fr\/wp-json\/wp\/v2\/pages\/5333\/revisions\/7573"}],"wp:attachment":[{"href":"https:\/\/bru-zane.com\/fr\/wp-json\/wp\/v2\/media?parent=5333"}],"curies":[{"name":"wp","href":"https:\/\/api.w.org\/{rel}","templated":true}]}}