{"id":4940,"date":"2021-12-01T15:05:29","date_gmt":"2021-12-01T14:05:29","guid":{"rendered":"https:\/\/bru-zane.com\/?page_id=4940"},"modified":"2026-03-11T10:45:44","modified_gmt":"2026-03-11T09:45:44","slug":"bru-zane-label","status":"publish","type":"page","link":"https:\/\/bru-zane.com\/fr\/bru-zane-label\/","title":{"rendered":"Bru Zane Label"},"content":{"rendered":"","protected":false},"excerpt":{"rendered":"","protected":false},"author":4,"featured_media":4960,"parent":0,"menu_order":0,"comment_status":"closed","ping_status":"closed","template":"template\/page-bru-zane-label.php","meta":{"footnotes":""},"class_list":["post-4940","page","type-page","status-publish","has-post-thumbnail","hentry"],"yoast_head":"<!-- This site is optimized with the Yoast SEO plugin v27.3 - https:\/\/yoast.com\/product\/yoast-seo-wordpress\/ -->\n<title>Bru Zane Label - Palazzetto Bru Zane<\/title>\n<meta name=\"description\" content=\"Le label discographique qui fait revivre les raret\u00e9s de la musique classique issues du r\u00e9pertoire romantique fran\u00e7ais : CD, coffret, livre-disque... D\u00e9couvrez tout le catalogue !\" \/>\n<meta name=\"robots\" content=\"index, follow, max-snippet:-1, max-image-preview:large, max-video-preview:-1\" \/>\n<link rel=\"canonical\" href=\"https:\/\/bru-zane.com\/fr\/bru-zane-label\/\" \/>\n<meta property=\"og:locale\" content=\"fr_FR\" \/>\n<meta property=\"og:type\" content=\"article\" \/>\n<meta property=\"og:title\" content=\"Bru Zane Label - Palazzetto Bru Zane\" \/>\n<meta property=\"og:description\" content=\"Le label discographique qui fait revivre les raret\u00e9s de la musique classique issues du r\u00e9pertoire romantique fran\u00e7ais : CD, coffret, livre-disque... D\u00e9couvrez tout le catalogue !\" \/>\n<meta property=\"og:url\" content=\"https:\/\/bru-zane.com\/fr\/bru-zane-label\/\" \/>\n<meta property=\"og:site_name\" content=\"Palazzetto Bru Zane\" \/>\n<meta property=\"article:publisher\" content=\"https:\/\/www.facebook.com\/PalazzettoBruZane\/\" \/>\n<meta property=\"article:modified_time\" content=\"2026-03-11T09:45:44+00:00\" \/>\n<meta property=\"og:image\" content=\"https:\/\/bru-zane.com\/wp-content\/uploads\/2021\/12\/BRU-ZANE-LIBRI-CD-RGB-e1651498315944.jpg\" \/>\n\t<meta property=\"og:image:width\" content=\"1939\" \/>\n\t<meta property=\"og:image:height\" content=\"1343\" \/>\n\t<meta property=\"og:image:type\" content=\"image\/jpeg\" \/>\n<meta name=\"twitter:card\" content=\"summary_large_image\" \/>\n<meta name=\"twitter:site\" content=\"@BruZane\" \/>\n<meta name=\"twitter:label1\" content=\"Dur\u00e9e de lecture estim\u00e9e\" \/>\n\t<meta name=\"twitter:data1\" content=\"1 minute\" \/>\n<script type=\"application\/ld+json\" class=\"yoast-schema-graph\">{\"@context\":\"https:\\\/\\\/schema.org\",\"@graph\":[{\"@type\":\"WebPage\",\"@id\":\"https:\\\/\\\/bru-zane.com\\\/fr\\\/bru-zane-label\\\/\",\"url\":\"https:\\\/\\\/bru-zane.com\\\/fr\\\/bru-zane-label\\\/\",\"name\":\"Bru Zane Label - Palazzetto Bru Zane\",\"isPartOf\":{\"@id\":\"https:\\\/\\\/bru-zane.com\\\/fr\\\/#website\"},\"primaryImageOfPage\":{\"@id\":\"https:\\\/\\\/bru-zane.com\\\/fr\\\/bru-zane-label\\\/#primaryimage\"},\"image\":{\"@id\":\"https:\\\/\\\/bru-zane.com\\\/bru-zane-label\\\/#primaryimage\"},\"thumbnailUrl\":\"https:\\\/\\\/bru-zane.com\\\/wp-content\\\/uploads\\\/2021\\\/12\\\/BRU-ZANE-LIBRI-CD-RGB-e1651498315944.jpg\",\"datePublished\":\"2021-12-01T14:05:29+00:00\",\"dateModified\":\"2026-03-11T09:45:44+00:00\",\"description\":\"Le label discographique qui fait revivre les raret\u00e9s de la musique classique issues du r\u00e9pertoire romantique fran\u00e7ais : CD, coffret, livre-disque... D\u00e9couvrez tout le catalogue !\",\"breadcrumb\":{\"@id\":\"https:\\\/\\\/bru-zane.com\\\/fr\\\/bru-zane-label\\\/#breadcrumb\"},\"inLanguage\":\"fr-FR\",\"potentialAction\":[{\"@type\":\"ReadAction\",\"target\":[[\"https:\\\/\\\/bru-zane.com\\\/fr\\\/bru-zane-label\\\/\"]]}]},{\"@type\":\"ImageObject\",\"inLanguage\":\"fr-FR\",\"@id\":\"https:\\\/\\\/bru-zane.com\\\/fr\\\/bru-zane-label\\\/#primaryimage\",\"url\":\"https:\\\/\\\/bru-zane.com\\\/wp-content\\\/uploads\\\/2021\\\/12\\\/BRU-ZANE-LIBRI-CD-RGB-e1651498315944.jpg\",\"contentUrl\":\"https:\\\/\\\/bru-zane.com\\\/wp-content\\\/uploads\\\/2021\\\/12\\\/BRU-ZANE-LIBRI-CD-RGB-e1651498315944.jpg\",\"width\":1939,\"height\":1343},{\"@type\":\"BreadcrumbList\",\"@id\":\"https:\\\/\\\/bru-zane.com\\\/fr\\\/bru-zane-label\\\/#breadcrumb\",\"itemListElement\":[{\"@type\":\"ListItem\",\"position\":1,\"name\":\"Home\",\"item\":\"https:\\\/\\\/bru-zane.com\\\/fr\\\/\"},{\"@type\":\"ListItem\",\"position\":2,\"name\":\"Bru Zane Label\"}]},{\"@type\":\"WebSite\",\"@id\":\"https:\\\/\\\/bru-zane.com\\\/fr\\\/#website\",\"url\":\"https:\\\/\\\/bru-zane.com\\\/fr\\\/\",\"name\":\"Palazzetto Bru Zane\",\"description\":\"\",\"publisher\":{\"@id\":\"https:\\\/\\\/bru-zane.com\\\/fr\\\/#organization\"},\"potentialAction\":[{\"@type\":\"SearchAction\",\"target\":{\"@type\":\"EntryPoint\",\"urlTemplate\":\"https:\\\/\\\/bru-zane.com\\\/fr\\\/?s={search_term_string}\"},\"query-input\":{\"@type\":\"PropertyValueSpecification\",\"valueRequired\":true,\"valueName\":\"search_term_string\"}}],\"inLanguage\":\"fr-FR\"},{\"@type\":\"Organization\",\"@id\":\"https:\\\/\\\/bru-zane.com\\\/fr\\\/#organization\",\"name\":\"Palazzetto Bru Zane\",\"url\":\"https:\\\/\\\/bru-zane.com\\\/fr\\\/\",\"logo\":{\"@type\":\"ImageObject\",\"inLanguage\":\"fr-FR\",\"@id\":\"https:\\\/\\\/bru-zane.com\\\/fr\\\/#\\\/schema\\\/logo\\\/image\\\/\",\"url\":\"https:\\\/\\\/bru-zane.com\\\/wp-content\\\/uploads\\\/2019\\\/03\\\/logobruzane.png\",\"contentUrl\":\"https:\\\/\\\/bru-zane.com\\\/wp-content\\\/uploads\\\/2019\\\/03\\\/logobruzane.png\",\"width\":740,\"height\":1458,\"caption\":\"Palazzetto Bru Zane\"},\"image\":{\"@id\":\"https:\\\/\\\/bru-zane.com\\\/fr\\\/#\\\/schema\\\/logo\\\/image\\\/\"},\"sameAs\":[\"https:\\\/\\\/www.facebook.com\\\/PalazzettoBruZane\\\/\",\"https:\\\/\\\/x.com\\\/BruZane\",\"https:\\\/\\\/www.instagram.com\\\/palazzettobruzane\\\/\",\"https:\\\/\\\/it.linkedin.com\\\/company\\\/palazzetto-bru-zane---centre-de-musique-romantique-fran-aise\",\"https:\\\/\\\/www.youtube.com\\\/user\\\/PalazzettoBruZane\",\"https:\\\/\\\/it.wikipedia.org\\\/wiki\\\/Palazzetto_Bru_Zane_-_Centre_de_musique_romantique_fran\u00e7aise\"]}]}<\/script>\n<!-- \/ Yoast SEO plugin. -->","yoast_head_json":{"title":"Bru Zane Label - Palazzetto Bru Zane","description":"Le label discographique qui fait revivre les raret\u00e9s de la musique classique issues du r\u00e9pertoire romantique fran\u00e7ais : CD, coffret, livre-disque... D\u00e9couvrez tout le catalogue !","robots":{"index":"index","follow":"follow","max-snippet":"max-snippet:-1","max-image-preview":"max-image-preview:large","max-video-preview":"max-video-preview:-1"},"canonical":"https:\/\/bru-zane.com\/fr\/bru-zane-label\/","og_locale":"fr_FR","og_type":"article","og_title":"Bru Zane Label - Palazzetto Bru Zane","og_description":"Le label discographique qui fait revivre les raret\u00e9s de la musique classique issues du r\u00e9pertoire romantique fran\u00e7ais : CD, coffret, livre-disque... D\u00e9couvrez tout le catalogue !","og_url":"https:\/\/bru-zane.com\/fr\/bru-zane-label\/","og_site_name":"Palazzetto Bru Zane","article_publisher":"https:\/\/www.facebook.com\/PalazzettoBruZane\/","article_modified_time":"2026-03-11T09:45:44+00:00","og_image":[{"width":1939,"height":1343,"url":"https:\/\/bru-zane.com\/wp-content\/uploads\/2021\/12\/BRU-ZANE-LIBRI-CD-RGB-e1651498315944.jpg","type":"image\/jpeg"}],"twitter_card":"summary_large_image","twitter_site":"@BruZane","twitter_misc":{"Dur\u00e9e de lecture estim\u00e9e":"1 minute"},"schema":{"@context":"https:\/\/schema.org","@graph":[{"@type":"WebPage","@id":"https:\/\/bru-zane.com\/fr\/bru-zane-label\/","url":"https:\/\/bru-zane.com\/fr\/bru-zane-label\/","name":"Bru Zane Label - Palazzetto Bru Zane","isPartOf":{"@id":"https:\/\/bru-zane.com\/fr\/#website"},"primaryImageOfPage":{"@id":"https:\/\/bru-zane.com\/fr\/bru-zane-label\/#primaryimage"},"image":{"@id":"https:\/\/bru-zane.com\/bru-zane-label\/#primaryimage"},"thumbnailUrl":"https:\/\/bru-zane.com\/wp-content\/uploads\/2021\/12\/BRU-ZANE-LIBRI-CD-RGB-e1651498315944.jpg","datePublished":"2021-12-01T14:05:29+00:00","dateModified":"2026-03-11T09:45:44+00:00","description":"Le label discographique qui fait revivre les raret\u00e9s de la musique classique issues du r\u00e9pertoire romantique fran\u00e7ais : CD, coffret, livre-disque... D\u00e9couvrez tout le catalogue !","breadcrumb":{"@id":"https:\/\/bru-zane.com\/fr\/bru-zane-label\/#breadcrumb"},"inLanguage":"fr-FR","potentialAction":[{"@type":"ReadAction","target":[["https:\/\/bru-zane.com\/fr\/bru-zane-label\/"]]}]},{"@type":"ImageObject","inLanguage":"fr-FR","@id":"https:\/\/bru-zane.com\/fr\/bru-zane-label\/#primaryimage","url":"https:\/\/bru-zane.com\/wp-content\/uploads\/2021\/12\/BRU-ZANE-LIBRI-CD-RGB-e1651498315944.jpg","contentUrl":"https:\/\/bru-zane.com\/wp-content\/uploads\/2021\/12\/BRU-ZANE-LIBRI-CD-RGB-e1651498315944.jpg","width":1939,"height":1343},{"@type":"BreadcrumbList","@id":"https:\/\/bru-zane.com\/fr\/bru-zane-label\/#breadcrumb","itemListElement":[{"@type":"ListItem","position":1,"name":"Home","item":"https:\/\/bru-zane.com\/fr\/"},{"@type":"ListItem","position":2,"name":"Bru Zane Label"}]},{"@type":"WebSite","@id":"https:\/\/bru-zane.com\/fr\/#website","url":"https:\/\/bru-zane.com\/fr\/","name":"Palazzetto Bru Zane","description":"","publisher":{"@id":"https:\/\/bru-zane.com\/fr\/#organization"},"potentialAction":[{"@type":"SearchAction","target":{"@type":"EntryPoint","urlTemplate":"https:\/\/bru-zane.com\/fr\/?s={search_term_string}"},"query-input":{"@type":"PropertyValueSpecification","valueRequired":true,"valueName":"search_term_string"}}],"inLanguage":"fr-FR"},{"@type":"Organization","@id":"https:\/\/bru-zane.com\/fr\/#organization","name":"Palazzetto Bru Zane","url":"https:\/\/bru-zane.com\/fr\/","logo":{"@type":"ImageObject","inLanguage":"fr-FR","@id":"https:\/\/bru-zane.com\/fr\/#\/schema\/logo\/image\/","url":"https:\/\/bru-zane.com\/wp-content\/uploads\/2019\/03\/logobruzane.png","contentUrl":"https:\/\/bru-zane.com\/wp-content\/uploads\/2019\/03\/logobruzane.png","width":740,"height":1458,"caption":"Palazzetto Bru Zane"},"image":{"@id":"https:\/\/bru-zane.com\/fr\/#\/schema\/logo\/image\/"},"sameAs":["https:\/\/www.facebook.com\/PalazzettoBruZane\/","https:\/\/x.com\/BruZane","https:\/\/www.instagram.com\/palazzettobruzane\/","https:\/\/it.linkedin.com\/company\/palazzetto-bru-zane---centre-de-musique-romantique-fran-aise","https:\/\/www.youtube.com\/user\/PalazzettoBruZane","https:\/\/it.wikipedia.org\/wiki\/Palazzetto_Bru_Zane_-_Centre_de_musique_romantique_fran\u00e7aise"]}]}},"_links":{"self":[{"href":"https:\/\/bru-zane.com\/fr\/wp-json\/wp\/v2\/pages\/4940","targetHints":{"allow":["GET"]}}],"collection":[{"href":"https:\/\/bru-zane.com\/fr\/wp-json\/wp\/v2\/pages"}],"about":[{"href":"https:\/\/bru-zane.com\/fr\/wp-json\/wp\/v2\/types\/page"}],"author":[{"embeddable":true,"href":"https:\/\/bru-zane.com\/fr\/wp-json\/wp\/v2\/users\/4"}],"replies":[{"embeddable":true,"href":"https:\/\/bru-zane.com\/fr\/wp-json\/wp\/v2\/comments?post=4940"}],"version-history":[{"count":2,"href":"https:\/\/bru-zane.com\/fr\/wp-json\/wp\/v2\/pages\/4940\/revisions"}],"predecessor-version":[{"id":5028,"href":"https:\/\/bru-zane.com\/fr\/wp-json\/wp\/v2\/pages\/4940\/revisions\/5028"}],"wp:featuredmedia":[{"embeddable":true,"href":"https:\/\/bru-zane.com\/fr\/wp-json\/wp\/v2\/media\/4960"}],"wp:attachment":[{"href":"https:\/\/bru-zane.com\/fr\/wp-json\/wp\/v2\/media?parent=4940"}],"curies":[{"name":"wp","href":"https:\/\/api.w.org\/{rel}","templated":true}]}}