{"id":3950,"date":"2020-05-04T20:25:48","date_gmt":"2020-05-04T18:25:48","guid":{"rendered":"https:\/\/bru-zane.com\/?page_id=3950"},"modified":"2025-11-03T10:09:45","modified_gmt":"2025-11-03T09:09:45","slug":"replay","status":"publish","type":"page","link":"https:\/\/bru-zane.com\/fr\/replay\/","title":{"rendered":"Bru Zane Replay"},"content":{"rendered":"<p>Bru Zane Replay propose des captations de spectacles et de concerts r\u00e9alis\u00e9es ces derni\u00e8res ann\u00e9es par le Palazzetto Bru Zane ou par des institutions partenaires. Malice de l\u2019op\u00e9rette, connivence de la musique de chambre, recueillement du r\u00e9pertoire sacr\u00e9, puissance de l\u2019op\u00e9ra\u2026 embarquez pour un voyage \u00e0 la d\u00e9couverte de la musique romantique fran\u00e7aise, qui fera notamment escales \u00e0 Venise, Paris, Munich ou Budapest. Pr\u00e9parez ou approfondissez votre s\u00e9ance sur <a href=\"http:\/\/www.bruzanemediabase.com\/fre\/\" target=\"_blank\" rel=\"noopener noreferrer\">Bru Zane Mediabase<\/a>, le site de ressources en ligne, gr\u00e2ce aux fiches th\u00e9matiques, aux notices biographiques, aux livrets et aux synopsis disponibles pour une \u00e9coute active et document\u00e9e des replay vid\u00e9os.<\/p>","protected":false},"excerpt":{"rendered":"<p>Bru Zane Replay propose des captations de spectacles et de concerts r\u00e9alis\u00e9es ces derni\u00e8res ann\u00e9es par le Palazzetto Bru Zane ou par des institutions partenaires. Malice de l\u2019op\u00e9rette, connivence de la musique de chambre, recueillement du r\u00e9pertoire sacr\u00e9, puissance de l\u2019op\u00e9ra\u2026 embarquez pour un voyage \u00e0 la d\u00e9couverte de la musique romantique fran\u00e7aise, qui fera [&hellip;]<\/p>\n","protected":false},"author":4,"featured_media":0,"parent":0,"menu_order":0,"comment_status":"closed","ping_status":"closed","template":"template\/page-video.php","meta":{"footnotes":""},"class_list":["post-3950","page","type-page","status-publish","hentry"],"yoast_head":"<!-- This site is optimized with the Yoast SEO plugin v27.3 - https:\/\/yoast.com\/product\/yoast-seo-wordpress\/ -->\n<title>Bru Zane Replay<\/title>\n<meta name=\"description\" content=\"Bru Zane Replay propone video integrali di spettacoli e concerti registrati negli ultimi anni dal Palazzetto Bru Zane o da istituzioni partner.\" \/>\n<meta name=\"robots\" content=\"index, follow, max-snippet:-1, max-image-preview:large, max-video-preview:-1\" \/>\n<link rel=\"canonical\" href=\"https:\/\/bru-zane.com\/fr\/replay\/\" \/>\n<meta property=\"og:locale\" content=\"fr_FR\" \/>\n<meta property=\"og:type\" content=\"article\" \/>\n<meta property=\"og:title\" content=\"Bru Zane Replay\" \/>\n<meta property=\"og:description\" content=\"Bru Zane Replay offers videos of performances and concerts recorded in recent years by the Palazzetto Bru Zane or by partner institutions...\" \/>\n<meta property=\"og:url\" content=\"https:\/\/bru-zane.com\/fr\/replay\/\" \/>\n<meta property=\"og:site_name\" content=\"Palazzetto Bru Zane\" \/>\n<meta property=\"article:publisher\" content=\"https:\/\/www.facebook.com\/PalazzettoBruZane\/\" \/>\n<meta property=\"article:modified_time\" content=\"2025-11-03T09:09:45+00:00\" \/>\n<meta property=\"og:image\" content=\"https:\/\/bru-zane.com\/wp-content\/uploads\/2020\/06\/2019-02-23-concerto-Palazzetto-Bru-Zane-\u00a9-Matteo-De-Fina-1024x739.jpg\" \/>\n\t<meta property=\"og:image:width\" content=\"1024\" \/>\n\t<meta property=\"og:image:height\" content=\"739\" \/>\n\t<meta property=\"og:image:type\" content=\"image\/jpeg\" \/>\n<meta name=\"twitter:card\" content=\"summary_large_image\" \/>\n<meta name=\"twitter:title\" content=\"Bru Zane Replay\" \/>\n<meta name=\"twitter:description\" content=\"Bru Zane Replay offers videos of performances and concerts recorded in recent years by the Palazzetto Bru Zane or by partner institutions...\" \/>\n<meta name=\"twitter:site\" content=\"@BruZane\" \/>\n<meta name=\"twitter:label1\" content=\"Dur\u00e9e de lecture estim\u00e9e\" \/>\n\t<meta name=\"twitter:data1\" content=\"1 minute\" \/>\n<script type=\"application\/ld+json\" class=\"yoast-schema-graph\">{\"@context\":\"https:\\\/\\\/schema.org\",\"@graph\":[{\"@type\":\"WebPage\",\"@id\":\"https:\\\/\\\/bru-zane.com\\\/fr\\\/replay\\\/\",\"url\":\"https:\\\/\\\/bru-zane.com\\\/fr\\\/replay\\\/\",\"name\":\"Bru Zane Replay\",\"isPartOf\":{\"@id\":\"https:\\\/\\\/bru-zane.com\\\/fr\\\/#website\"},\"datePublished\":\"2020-05-04T18:25:48+00:00\",\"dateModified\":\"2025-11-03T09:09:45+00:00\",\"description\":\"Bru Zane Replay propone video integrali di spettacoli e concerti registrati negli ultimi anni dal Palazzetto Bru Zane o da istituzioni partner.\",\"breadcrumb\":{\"@id\":\"https:\\\/\\\/bru-zane.com\\\/fr\\\/replay\\\/#breadcrumb\"},\"inLanguage\":\"fr-FR\",\"potentialAction\":[{\"@type\":\"ReadAction\",\"target\":[[\"https:\\\/\\\/bru-zane.com\\\/fr\\\/replay\\\/\"]]}]},{\"@type\":\"BreadcrumbList\",\"@id\":\"https:\\\/\\\/bru-zane.com\\\/fr\\\/replay\\\/#breadcrumb\",\"itemListElement\":[{\"@type\":\"ListItem\",\"position\":1,\"name\":\"Home\",\"item\":\"https:\\\/\\\/bru-zane.com\\\/fr\\\/\"},{\"@type\":\"ListItem\",\"position\":2,\"name\":\"Bru Zane Replay\"}]},{\"@type\":\"WebSite\",\"@id\":\"https:\\\/\\\/bru-zane.com\\\/fr\\\/#website\",\"url\":\"https:\\\/\\\/bru-zane.com\\\/fr\\\/\",\"name\":\"Palazzetto Bru Zane\",\"description\":\"\",\"publisher\":{\"@id\":\"https:\\\/\\\/bru-zane.com\\\/fr\\\/#organization\"},\"potentialAction\":[{\"@type\":\"SearchAction\",\"target\":{\"@type\":\"EntryPoint\",\"urlTemplate\":\"https:\\\/\\\/bru-zane.com\\\/fr\\\/?s={search_term_string}\"},\"query-input\":{\"@type\":\"PropertyValueSpecification\",\"valueRequired\":true,\"valueName\":\"search_term_string\"}}],\"inLanguage\":\"fr-FR\"},{\"@type\":\"Organization\",\"@id\":\"https:\\\/\\\/bru-zane.com\\\/fr\\\/#organization\",\"name\":\"Palazzetto Bru Zane\",\"url\":\"https:\\\/\\\/bru-zane.com\\\/fr\\\/\",\"logo\":{\"@type\":\"ImageObject\",\"inLanguage\":\"fr-FR\",\"@id\":\"https:\\\/\\\/bru-zane.com\\\/fr\\\/#\\\/schema\\\/logo\\\/image\\\/\",\"url\":\"https:\\\/\\\/bru-zane.com\\\/wp-content\\\/uploads\\\/2019\\\/03\\\/logobruzane.png\",\"contentUrl\":\"https:\\\/\\\/bru-zane.com\\\/wp-content\\\/uploads\\\/2019\\\/03\\\/logobruzane.png\",\"width\":740,\"height\":1458,\"caption\":\"Palazzetto Bru Zane\"},\"image\":{\"@id\":\"https:\\\/\\\/bru-zane.com\\\/fr\\\/#\\\/schema\\\/logo\\\/image\\\/\"},\"sameAs\":[\"https:\\\/\\\/www.facebook.com\\\/PalazzettoBruZane\\\/\",\"https:\\\/\\\/x.com\\\/BruZane\",\"https:\\\/\\\/www.instagram.com\\\/palazzettobruzane\\\/\",\"https:\\\/\\\/it.linkedin.com\\\/company\\\/palazzetto-bru-zane---centre-de-musique-romantique-fran-aise\",\"https:\\\/\\\/www.youtube.com\\\/user\\\/PalazzettoBruZane\",\"https:\\\/\\\/it.wikipedia.org\\\/wiki\\\/Palazzetto_Bru_Zane_-_Centre_de_musique_romantique_fran\u00e7aise\"]}]}<\/script>\n<!-- \/ Yoast SEO plugin. -->","yoast_head_json":{"title":"Bru Zane Replay","description":"Bru Zane Replay propone video integrali di spettacoli e concerti registrati negli ultimi anni dal Palazzetto Bru Zane o da istituzioni partner.","robots":{"index":"index","follow":"follow","max-snippet":"max-snippet:-1","max-image-preview":"max-image-preview:large","max-video-preview":"max-video-preview:-1"},"canonical":"https:\/\/bru-zane.com\/fr\/replay\/","og_locale":"fr_FR","og_type":"article","og_title":"Bru Zane Replay","og_description":"Bru Zane Replay offers videos of performances and concerts recorded in recent years by the Palazzetto Bru Zane or by partner institutions...","og_url":"https:\/\/bru-zane.com\/fr\/replay\/","og_site_name":"Palazzetto Bru Zane","article_publisher":"https:\/\/www.facebook.com\/PalazzettoBruZane\/","article_modified_time":"2025-11-03T09:09:45+00:00","og_image":[{"width":1024,"height":739,"url":"https:\/\/bru-zane.com\/wp-content\/uploads\/2020\/06\/2019-02-23-concerto-Palazzetto-Bru-Zane-\u00a9-Matteo-De-Fina-1024x739.jpg","type":"image\/jpeg"}],"twitter_card":"summary_large_image","twitter_title":"Bru Zane Replay","twitter_description":"Bru Zane Replay offers videos of performances and concerts recorded in recent years by the Palazzetto Bru Zane or by partner institutions...","twitter_site":"@BruZane","twitter_misc":{"Dur\u00e9e de lecture estim\u00e9e":"1 minute"},"schema":{"@context":"https:\/\/schema.org","@graph":[{"@type":"WebPage","@id":"https:\/\/bru-zane.com\/fr\/replay\/","url":"https:\/\/bru-zane.com\/fr\/replay\/","name":"Bru Zane Replay","isPartOf":{"@id":"https:\/\/bru-zane.com\/fr\/#website"},"datePublished":"2020-05-04T18:25:48+00:00","dateModified":"2025-11-03T09:09:45+00:00","description":"Bru Zane Replay propone video integrali di spettacoli e concerti registrati negli ultimi anni dal Palazzetto Bru Zane o da istituzioni partner.","breadcrumb":{"@id":"https:\/\/bru-zane.com\/fr\/replay\/#breadcrumb"},"inLanguage":"fr-FR","potentialAction":[{"@type":"ReadAction","target":[["https:\/\/bru-zane.com\/fr\/replay\/"]]}]},{"@type":"BreadcrumbList","@id":"https:\/\/bru-zane.com\/fr\/replay\/#breadcrumb","itemListElement":[{"@type":"ListItem","position":1,"name":"Home","item":"https:\/\/bru-zane.com\/fr\/"},{"@type":"ListItem","position":2,"name":"Bru Zane Replay"}]},{"@type":"WebSite","@id":"https:\/\/bru-zane.com\/fr\/#website","url":"https:\/\/bru-zane.com\/fr\/","name":"Palazzetto Bru Zane","description":"","publisher":{"@id":"https:\/\/bru-zane.com\/fr\/#organization"},"potentialAction":[{"@type":"SearchAction","target":{"@type":"EntryPoint","urlTemplate":"https:\/\/bru-zane.com\/fr\/?s={search_term_string}"},"query-input":{"@type":"PropertyValueSpecification","valueRequired":true,"valueName":"search_term_string"}}],"inLanguage":"fr-FR"},{"@type":"Organization","@id":"https:\/\/bru-zane.com\/fr\/#organization","name":"Palazzetto Bru Zane","url":"https:\/\/bru-zane.com\/fr\/","logo":{"@type":"ImageObject","inLanguage":"fr-FR","@id":"https:\/\/bru-zane.com\/fr\/#\/schema\/logo\/image\/","url":"https:\/\/bru-zane.com\/wp-content\/uploads\/2019\/03\/logobruzane.png","contentUrl":"https:\/\/bru-zane.com\/wp-content\/uploads\/2019\/03\/logobruzane.png","width":740,"height":1458,"caption":"Palazzetto Bru Zane"},"image":{"@id":"https:\/\/bru-zane.com\/fr\/#\/schema\/logo\/image\/"},"sameAs":["https:\/\/www.facebook.com\/PalazzettoBruZane\/","https:\/\/x.com\/BruZane","https:\/\/www.instagram.com\/palazzettobruzane\/","https:\/\/it.linkedin.com\/company\/palazzetto-bru-zane---centre-de-musique-romantique-fran-aise","https:\/\/www.youtube.com\/user\/PalazzettoBruZane","https:\/\/it.wikipedia.org\/wiki\/Palazzetto_Bru_Zane_-_Centre_de_musique_romantique_fran\u00e7aise"]}]}},"_links":{"self":[{"href":"https:\/\/bru-zane.com\/fr\/wp-json\/wp\/v2\/pages\/3950","targetHints":{"allow":["GET"]}}],"collection":[{"href":"https:\/\/bru-zane.com\/fr\/wp-json\/wp\/v2\/pages"}],"about":[{"href":"https:\/\/bru-zane.com\/fr\/wp-json\/wp\/v2\/types\/page"}],"author":[{"embeddable":true,"href":"https:\/\/bru-zane.com\/fr\/wp-json\/wp\/v2\/users\/4"}],"replies":[{"embeddable":true,"href":"https:\/\/bru-zane.com\/fr\/wp-json\/wp\/v2\/comments?post=3950"}],"version-history":[{"count":3,"href":"https:\/\/bru-zane.com\/fr\/wp-json\/wp\/v2\/pages\/3950\/revisions"}],"predecessor-version":[{"id":5601,"href":"https:\/\/bru-zane.com\/fr\/wp-json\/wp\/v2\/pages\/3950\/revisions\/5601"}],"wp:attachment":[{"href":"https:\/\/bru-zane.com\/fr\/wp-json\/wp\/v2\/media?parent=3950"}],"curies":[{"name":"wp","href":"https:\/\/api.w.org\/{rel}","templated":true}]}}