{"id":3365,"date":"2019-07-10T13:16:06","date_gmt":"2019-07-10T11:16:06","guid":{"rendered":"https:\/\/bru-zane.com\/?page_id=3365"},"modified":"2022-11-16T15:00:28","modified_gmt":"2022-11-16T14:00:28","slug":"il-romanticismo-musicale-francese","status":"publish","type":"page","link":"https:\/\/bru-zane.com\/fr\/il-romanticismo-musicale-francese\/","title":{"rendered":"Le romantisme musical fran\u00e7ais"},"content":{"rendered":"<p><cite>\u00ab Gluck et Louis XVI vont faire de nouveaux Fran\u00e7ais \u00bb<br \/>\nVoltaire, 1774<br \/>\n<\/cite><br \/>\nC\u2019est par cette affirmation aux allures de proph\u00e9tie que Voltaire exprime d\u00e9j\u00e0, en 1774, la sensation diffuse d\u2019une \u00e8re nouvelle : un bouleversement profond des m\u0153urs et des go\u00fbts se pr\u00e9pare. Pour autant, la notion de \"romantisme\" ne s\u2019impose pas imm\u00e9diatement \u2013 ni \u00e0 l\u2019\u00e9poque, ni aujourd\u2019hui \u2013 pour caract\u00e9riser la musique fran\u00e7aise compos\u00e9e entre 1780 et 1830.<\/p>\n<p>&nbsp;<\/p>\n<p>Quoique <em>La Nouvelle H\u00e9lo\u00efse<\/em> de Rousseau (1760), les <em>Po\u00e8mes d\u2019Ossian<\/em> de Macpherson (1765) ou les <em>Souffrances du jeune Werther <\/em>de Goethe (1774) annoncent une nouvelle sensibilit\u00e9, \"pr\u00e9romantique\", il faut attendre la g\u00e9n\u00e9ration de Berlioz et de ses contemporains pour que, brandissant la <em>Symphonie fantastique <\/em>(1830) en guise de manifeste, on affirme l\u2019existence d\u2019un \"romantisme\" musical fran\u00e7ais. Et pourtant, se plonger dans les \u00e9crits du premier XIX<sup>e<\/sup> si\u00e8cle (celui de l\u2019Empire et de la Restauration) r\u00e9v\u00e8le que le terme y est utilis\u00e9 sans r\u00e9serve pour d\u00e9finir le style des \"derniers classiques\", contemporains germaniques de Beethoven. Voyez Stendhal, pour qui la musique de Haydn est \"pleine d\u2019une imagination romantique\". Voyez Hoffmann parlant de Mozart ; \u00e9coutez Berlioz conclure : \"Gluck est le premier des romantiques\"\u2026 \u00c0 bien y regarder, le court r\u00e8gne de Louis XVI (1774-1792) porte d\u00e9j\u00e0 en lui les caract\u00e9ristiques essentielles du XIX<sup>e<\/sup> si\u00e8cle : dans tous les domaines de l\u2019art, d\u2019innombrables trouvailles et exp\u00e9riences \u2013 tant\u00f4t anecdotiques, tant\u00f4t visionnaires \u2013 pr\u00e9parent le go\u00fbt du si\u00e8cle suivant.<\/p>\n<p>&nbsp;<\/p>\n<p>Y eut-il v\u00e9ritablement un classicisme \"\u00e0 la mani\u00e8re de Mozart\" en France ? En musique, il n\u2019est pas une fiert\u00e9 de la \"g\u00e9n\u00e9ration romantique\" dont on ne puisse d\u00e9j\u00e0 trouver l\u2019exemple dans des pages compos\u00e9es bien avant la R\u00e9volution. Le th\u00e9\u00e2tre lyrique rejette le merveilleux et les passions caract\u00e9ristiques du baroque pour se plonger au c\u0153ur du \"sentiment\", notion romantique par excellence. <em>Iphig\u00e9nie en Tauride<\/em> de Gluck (1779), <em><a href=\"https:\/\/bru-zane.com\/fr\/pubblicazione\/les-danaides\/\" rel=\"noopener\" target=\"_blank\">Les Dana\u00efdes<\/a><\/em> de Salieri (1784) ou <em>\u0152dipe \u00e0 Colone<\/em> de Sacchini (1786) s\u2019inscrivent ainsi durablement au r\u00e9pertoire de l\u2019Op\u00e9ra, comme autant d\u2019ouvrages fondateurs d\u2019une nouvelle esth\u00e9tique. Parall\u00e8lement, le souffle symphonique qui balaie Paris voit na\u00eetre les premi\u00e8res symphonies ambitieuses qui, de Gossec \u00e0 M\u00e9hul, conduisent \u00e0 Reber ou David. La virtuosit\u00e9 des concertos de Saint-George, Kreutzer ou Davaux est bient\u00f4t \"transcend\u00e9e\" par Jadin, H\u00e9rold, Liszt ou Alkan, tandis que les genres intimistes \u2013 romances, sonates, trios, quatuors \u2013 fleurissent dans les salons et font toute la gloire d\u2019Onslow ou Panseron. Autant d\u2019aspects qui rattachent bien plus cette p\u00e9riode de gen\u00e8se \u00e0 l\u2019avenir plut\u00f4t qu\u2019au pass\u00e9.<\/p>\n<p>&nbsp;<\/p>\n<p>1830 marque une \u00e9tape qui n\u2019est pas seulement symbolique. \u00c0 l\u2019heure de la Monarchie de Juillet, le romantisme \u2013 jusqu\u2019alors tenu en bride \u2013 enfante ses plus \u00e9clatantes r\u00e9alisations : citer <em>Hernani<\/em> de Victor Hugo, <em>La Mort de Sardanapale<\/em> de Delacroix, <em><a href=\"https:\/\/bru-zane.com\/fr\/pubblicazione\/robert-le-diable\/\" rel=\"noopener\" target=\"_blank\">Robert le Diable<\/a><\/em> de Meyerbeer, <em>Giselle <\/em>de Adam et la <em>Symphonie fantastique<\/em> de Berlioz est certes r\u00e9ducteur, mais suffisamment \u00e9loquent. Troublante et singuli\u00e8re simultan\u00e9it\u00e9. Paris, terre d\u2019accueil, devient le mod\u00e8le de l\u2019Europe. Chopin, Liszt, Paganini, Rossini, Meyerbeer y croisent Berlioz, Hal\u00e9vy ou Auber. Cette \u00e9mulation, unique dans l\u2019histoire musicale, ouvre au romantisme de nouveaux horizons. Le Grand Op\u00e9ra fran\u00e7ais se veut le creuset de la mixit\u00e9 stylistique. Le spectacle parisien est d\u00e9sormais pluriel, synth\u00e8se de m\u00e9lodies italianisantes, d\u2019harmonies germaniques, de d\u00e9clamation, de machineries et de ballets \u00e0 la fran\u00e7aise. Son fr\u00e8re de sang, l\u2019op\u00e9ra-comique, r\u00e9pond aux m\u00eames exigences, cultivant le demicaract\u00e8re sous la plume d\u2019un Boieldieu et la franche dr\u00f4lerie entre les mains d\u2019Offenbach.<\/p>\n<p>&nbsp;<\/p>\n<p>Dans le m\u00eame temps, soutenue par le d\u00e9veloppement de la facture des instruments (\u00c9rard, Sax\u2026), la musique instrumentale devient le vecteur d\u2019une expression jusqu\u2019alors insoup\u00e7onn\u00e9e, \u00e0 l\u2019origine de nouvelles pratiques comme le r\u00e9cital de soliste. Pour certains, elle est d\u00e9sormais apte \u00e0 surpasser la musique sc\u00e9nique dans l\u2019\u00e9vocation des sentiments et des atmosph\u00e8res, elle doit \u00eatre \"parlante\". Cette perception th\u00e9\u00e2trale de la musique instrumentale sera \u00e0 l\u2019origine de nouveaux genres, comme le fameux \"po\u00e8me symphonique\".<br \/>\nEn 1905,<em> La Mer<\/em> de Debussy couronne tardivement un demi-si\u00e8cle de recherches en ce sens. Un jalon important est pos\u00e9 : la musique est devenue un art \"s\u00e9rieux\". Loin du divertissement d\u2019agr\u00e9ment, elle veut qu\u2019on l\u2019\u00e9coute et ne se contente plus d\u2019\u00eatre entendue. Pass\u00e9es les ann\u00e9es 1850, le terme de \"romantisme\" est chose acquise dans le vocabulaire musical. Avec Gounod, Saint-Sa\u00ebns, Massenet et Bizet, une g\u00e9n\u00e9ration enti\u00e8re de compositeurs affermit le style, cis\u00e8le le langage et raffine l\u2019expression. <em><a href=\"https:\/\/bru-zane.com\/fr\/pubblicazione\/faust\/\" rel=\"noopener\" target=\"_blank\">Faust<\/a><\/em>,<em> Samson &amp; Dalila<\/em>, <em>Manon<\/em> et <em>Carmen<\/em> \u2013 ce \"rayon de lumi\u00e8re m\u00e9diterran\u00e9en dissipant le brouillard de l\u2019id\u00e9al wagn\u00e9rien\" dont parle Nietzsche \u2013 sont autant de st\u00e8les dress\u00e9es \u00e0 la gloire du go\u00fbt national. Simultan\u00e9ment, le statut du compositeur \u00e9volue puisque les femmes peuvent d\u00e9sormais revendiquer leur appartenance \u00e0 ce monde jusqu\u2019alors r\u00e9serv\u00e9 : Louise Farrenc, C\u00e9cile Chaminade, Augusta Holm\u00e8s et Pauline Viardot sont jou\u00e9es publiquement et largement \u00e9dit\u00e9es.<\/p>\n<p>&nbsp;<\/p>\n<p>Pourtant, le conflit franco-germanique de 1870 s\u00e8me le trouble dans les esprits et inqui\u00e8te l\u2019art lui-m\u00eame. Malmen\u00e9 par le symbolisme d\u2019un Debussy ou le wagn\u00e9risme d\u2019un Vincent d\u2019Indy, le postromantisme profite encore quelque temps du soutien des soci\u00e9t\u00e9s de concerts, du Conservatoire et de l\u2019Acad\u00e9mie des beaux-arts, se crispant dans l\u2019affirmation v\u00e9h\u00e9mente d\u2019un \"style national\" paradoxalement tr\u00e8s influenc\u00e9 par Wagner et ses compatriotes. Aux abords du XX<sup>e<\/sup> si\u00e8cle, il s\u2019essouffle insensiblement et doit c\u00e9der la place \u00e0 une modernit\u00e9 plurielle : \u00e9mouvoir et surprendre, ces valeurs si \u00e2prement d\u00e9fendues un si\u00e8cle auparavant, imposent d\u00e9sormais d\u2019autres langages. Une page se tourne \u00e0 l\u2019heure o\u00f9 l\u2019Europe, d\u00e9chir\u00e9e, plonge dans le premier conflit mondial.<\/p>\n<p>&nbsp;<\/p>\n<h2 style=\"line-height: 2.5rem;\">Romantisme musical fran\u00e7ais : <br \/>publications et ressources<\/h2>\n<p>&nbsp;<\/p>\n<p>- <a href=\"https:\/\/bru-zane.com\/fr\/dischi\/\">CD et livres-disques<\/a><br \/>\n- <a href=\"https:\/\/bru-zane.com\/fr\/libri\/\">Livres<\/a><br \/>\n- <a href=\"https:\/\/bru-zane.com\/fr\/partiture\/\">Partitions<\/a><\/p>\n<p>&nbsp;<\/p>\n<p>Davantage de ressources sur le patrimoine musical fran\u00e7ais du grand XIX<sup>e<\/sup> si\u00e8cle sont disponibles sur le site <a href=\"http:\/\/www.bruzanemediabase.com\/\">bruzanemediabase.com<\/a>.<\/p>","protected":false},"excerpt":{"rendered":"<p>\u00ab Gluck et Louis XVI vont faire de nouveaux Fran\u00e7ais \u00bb Voltaire, 1774 C\u2019est par cette affirmation aux allures de proph\u00e9tie que Voltaire exprime d\u00e9j\u00e0, en 1774, la sensation diffuse d\u2019une \u00e8re nouvelle : un bouleversement profond des m\u0153urs et des go\u00fbts se pr\u00e9pare. Pour autant, la notion de \"romantisme\" ne s\u2019impose pas imm\u00e9diatement \u2013 [&hellip;]<\/p>\n","protected":false},"author":1,"featured_media":3589,"parent":0,"menu_order":0,"comment_status":"closed","ping_status":"closed","template":"","meta":{"footnotes":""},"class_list":["post-3365","page","type-page","status-publish","has-post-thumbnail","hentry"],"yoast_head":"<!-- This site is optimized with the Yoast SEO plugin v27.4 - https:\/\/yoast.com\/product\/yoast-seo-wordpress\/ -->\n<title>Le romantisme musical fran\u00e7ais - Bru Zane<\/title>\n<meta name=\"description\" content=\"Le romantisme musical fran\u00e7ais. Histoire, compositeurs et autres informations sur la musique romantique fran\u00e7aise compos\u00e9e entre 1780 et 1830.\" \/>\n<meta name=\"robots\" content=\"index, follow, max-snippet:-1, max-image-preview:large, max-video-preview:-1\" \/>\n<link rel=\"canonical\" href=\"https:\/\/bru-zane.com\/fr\/il-romanticismo-musicale-francese\/\" \/>\n<meta property=\"og:locale\" content=\"fr_FR\" \/>\n<meta property=\"og:type\" content=\"article\" \/>\n<meta property=\"og:title\" content=\"Le romantisme musical fran\u00e7ais - Bru Zane\" \/>\n<meta property=\"og:description\" content=\"Le romantisme musical fran\u00e7ais. Histoire, compositeurs et autres informations sur la musique romantique fran\u00e7aise compos\u00e9e entre 1780 et 1830.\" \/>\n<meta property=\"og:url\" content=\"https:\/\/bru-zane.com\/fr\/il-romanticismo-musicale-francese\/\" \/>\n<meta property=\"og:site_name\" content=\"Palazzetto Bru Zane\" \/>\n<meta property=\"article:publisher\" content=\"https:\/\/www.facebook.com\/PalazzettoBruZane\/\" \/>\n<meta property=\"article:modified_time\" content=\"2022-11-16T14:00:28+00:00\" \/>\n<meta property=\"og:image\" content=\"https:\/\/bru-zane.com\/wp-content\/uploads\/2019\/08\/Romantisme-musical-fran\u00e7ais-Interieur-du-Theatre-Italien-Archives-Leduc.jpg\" \/>\n\t<meta property=\"og:image:width\" content=\"1363\" \/>\n\t<meta property=\"og:image:height\" content=\"870\" \/>\n\t<meta property=\"og:image:type\" content=\"image\/jpeg\" \/>\n<meta name=\"twitter:card\" content=\"summary_large_image\" \/>\n<meta name=\"twitter:site\" content=\"@BruZane\" \/>\n<meta name=\"twitter:label1\" content=\"Dur\u00e9e de lecture estim\u00e9e\" \/>\n\t<meta name=\"twitter:data1\" content=\"5 minutes\" \/>\n<script type=\"application\/ld+json\" class=\"yoast-schema-graph\">{\"@context\":\"https:\\\/\\\/schema.org\",\"@graph\":[{\"@type\":\"WebPage\",\"@id\":\"https:\\\/\\\/bru-zane.com\\\/fr\\\/il-romanticismo-musicale-francese\\\/\",\"url\":\"https:\\\/\\\/bru-zane.com\\\/fr\\\/il-romanticismo-musicale-francese\\\/\",\"name\":\"Le romantisme musical fran\u00e7ais - Bru Zane\",\"isPartOf\":{\"@id\":\"https:\\\/\\\/bru-zane.com\\\/fr\\\/#website\"},\"primaryImageOfPage\":{\"@id\":\"https:\\\/\\\/bru-zane.com\\\/fr\\\/il-romanticismo-musicale-francese\\\/#primaryimage\"},\"image\":{\"@id\":\"https:\\\/\\\/bru-zane.com\\\/il-romanticismo-musicale-francese\\\/#primaryimage\"},\"thumbnailUrl\":\"https:\\\/\\\/bru-zane.com\\\/wp-content\\\/uploads\\\/2019\\\/08\\\/Romantisme-musical-fran\u00e7ais-Interieur-du-Theatre-Italien-Archives-Leduc.jpg\",\"datePublished\":\"2019-07-10T11:16:06+00:00\",\"dateModified\":\"2022-11-16T14:00:28+00:00\",\"description\":\"Le romantisme musical fran\u00e7ais. Histoire, compositeurs et autres informations sur la musique romantique fran\u00e7aise compos\u00e9e entre 1780 et 1830.\",\"breadcrumb\":{\"@id\":\"https:\\\/\\\/bru-zane.com\\\/fr\\\/il-romanticismo-musicale-francese\\\/#breadcrumb\"},\"inLanguage\":\"fr-FR\",\"potentialAction\":[{\"@type\":\"ReadAction\",\"target\":[[\"https:\\\/\\\/bru-zane.com\\\/fr\\\/il-romanticismo-musicale-francese\\\/\"]]}]},{\"@type\":\"ImageObject\",\"inLanguage\":\"fr-FR\",\"@id\":\"https:\\\/\\\/bru-zane.com\\\/fr\\\/il-romanticismo-musicale-francese\\\/#primaryimage\",\"url\":\"https:\\\/\\\/bru-zane.com\\\/wp-content\\\/uploads\\\/2019\\\/08\\\/Romantisme-musical-fran\u00e7ais-Interieur-du-Theatre-Italien-Archives-Leduc.jpg\",\"contentUrl\":\"https:\\\/\\\/bru-zane.com\\\/wp-content\\\/uploads\\\/2019\\\/08\\\/Romantisme-musical-fran\u00e7ais-Interieur-du-Theatre-Italien-Archives-Leduc.jpg\",\"width\":1363,\"height\":870,\"caption\":\"Romanticismo Musicale Francese: Theatre Italien, Archives Leduc\"},{\"@type\":\"BreadcrumbList\",\"@id\":\"https:\\\/\\\/bru-zane.com\\\/fr\\\/il-romanticismo-musicale-francese\\\/#breadcrumb\",\"itemListElement\":[{\"@type\":\"ListItem\",\"position\":1,\"name\":\"Home\",\"item\":\"https:\\\/\\\/bru-zane.com\\\/fr\\\/\"},{\"@type\":\"ListItem\",\"position\":2,\"name\":\"Il romanticismo musicale francese\"}]},{\"@type\":\"WebSite\",\"@id\":\"https:\\\/\\\/bru-zane.com\\\/fr\\\/#website\",\"url\":\"https:\\\/\\\/bru-zane.com\\\/fr\\\/\",\"name\":\"Palazzetto Bru Zane\",\"description\":\"\",\"publisher\":{\"@id\":\"https:\\\/\\\/bru-zane.com\\\/fr\\\/#organization\"},\"potentialAction\":[{\"@type\":\"SearchAction\",\"target\":{\"@type\":\"EntryPoint\",\"urlTemplate\":\"https:\\\/\\\/bru-zane.com\\\/fr\\\/?s={search_term_string}\"},\"query-input\":{\"@type\":\"PropertyValueSpecification\",\"valueRequired\":true,\"valueName\":\"search_term_string\"}}],\"inLanguage\":\"fr-FR\"},{\"@type\":\"Organization\",\"@id\":\"https:\\\/\\\/bru-zane.com\\\/fr\\\/#organization\",\"name\":\"Palazzetto Bru Zane\",\"url\":\"https:\\\/\\\/bru-zane.com\\\/fr\\\/\",\"logo\":{\"@type\":\"ImageObject\",\"inLanguage\":\"fr-FR\",\"@id\":\"https:\\\/\\\/bru-zane.com\\\/fr\\\/#\\\/schema\\\/logo\\\/image\\\/\",\"url\":\"https:\\\/\\\/bru-zane.com\\\/wp-content\\\/uploads\\\/2019\\\/03\\\/logobruzane.png\",\"contentUrl\":\"https:\\\/\\\/bru-zane.com\\\/wp-content\\\/uploads\\\/2019\\\/03\\\/logobruzane.png\",\"width\":740,\"height\":1458,\"caption\":\"Palazzetto Bru Zane\"},\"image\":{\"@id\":\"https:\\\/\\\/bru-zane.com\\\/fr\\\/#\\\/schema\\\/logo\\\/image\\\/\"},\"sameAs\":[\"https:\\\/\\\/www.facebook.com\\\/PalazzettoBruZane\\\/\",\"https:\\\/\\\/x.com\\\/BruZane\",\"https:\\\/\\\/www.instagram.com\\\/palazzettobruzane\\\/\",\"https:\\\/\\\/it.linkedin.com\\\/company\\\/palazzetto-bru-zane---centre-de-musique-romantique-fran-aise\",\"https:\\\/\\\/www.youtube.com\\\/user\\\/PalazzettoBruZane\",\"https:\\\/\\\/it.wikipedia.org\\\/wiki\\\/Palazzetto_Bru_Zane_-_Centre_de_musique_romantique_fran\u00e7aise\"]}]}<\/script>\n<!-- \/ Yoast SEO plugin. -->","yoast_head_json":{"title":"Le romantisme musical fran\u00e7ais - Bru Zane","description":"Le romantisme musical fran\u00e7ais. Histoire, compositeurs et autres informations sur la musique romantique fran\u00e7aise compos\u00e9e entre 1780 et 1830.","robots":{"index":"index","follow":"follow","max-snippet":"max-snippet:-1","max-image-preview":"max-image-preview:large","max-video-preview":"max-video-preview:-1"},"canonical":"https:\/\/bru-zane.com\/fr\/il-romanticismo-musicale-francese\/","og_locale":"fr_FR","og_type":"article","og_title":"Le romantisme musical fran\u00e7ais - Bru Zane","og_description":"Le romantisme musical fran\u00e7ais. Histoire, compositeurs et autres informations sur la musique romantique fran\u00e7aise compos\u00e9e entre 1780 et 1830.","og_url":"https:\/\/bru-zane.com\/fr\/il-romanticismo-musicale-francese\/","og_site_name":"Palazzetto Bru Zane","article_publisher":"https:\/\/www.facebook.com\/PalazzettoBruZane\/","article_modified_time":"2022-11-16T14:00:28+00:00","og_image":[{"width":1363,"height":870,"url":"https:\/\/bru-zane.com\/wp-content\/uploads\/2019\/08\/Romantisme-musical-fran\u00e7ais-Interieur-du-Theatre-Italien-Archives-Leduc.jpg","type":"image\/jpeg"}],"twitter_card":"summary_large_image","twitter_site":"@BruZane","twitter_misc":{"Dur\u00e9e de lecture estim\u00e9e":"5 minutes"},"schema":{"@context":"https:\/\/schema.org","@graph":[{"@type":"WebPage","@id":"https:\/\/bru-zane.com\/fr\/il-romanticismo-musicale-francese\/","url":"https:\/\/bru-zane.com\/fr\/il-romanticismo-musicale-francese\/","name":"Le romantisme musical fran\u00e7ais - Bru Zane","isPartOf":{"@id":"https:\/\/bru-zane.com\/fr\/#website"},"primaryImageOfPage":{"@id":"https:\/\/bru-zane.com\/fr\/il-romanticismo-musicale-francese\/#primaryimage"},"image":{"@id":"https:\/\/bru-zane.com\/il-romanticismo-musicale-francese\/#primaryimage"},"thumbnailUrl":"https:\/\/bru-zane.com\/wp-content\/uploads\/2019\/08\/Romantisme-musical-fran\u00e7ais-Interieur-du-Theatre-Italien-Archives-Leduc.jpg","datePublished":"2019-07-10T11:16:06+00:00","dateModified":"2022-11-16T14:00:28+00:00","description":"Le romantisme musical fran\u00e7ais. Histoire, compositeurs et autres informations sur la musique romantique fran\u00e7aise compos\u00e9e entre 1780 et 1830.","breadcrumb":{"@id":"https:\/\/bru-zane.com\/fr\/il-romanticismo-musicale-francese\/#breadcrumb"},"inLanguage":"fr-FR","potentialAction":[{"@type":"ReadAction","target":[["https:\/\/bru-zane.com\/fr\/il-romanticismo-musicale-francese\/"]]}]},{"@type":"ImageObject","inLanguage":"fr-FR","@id":"https:\/\/bru-zane.com\/fr\/il-romanticismo-musicale-francese\/#primaryimage","url":"https:\/\/bru-zane.com\/wp-content\/uploads\/2019\/08\/Romantisme-musical-fran\u00e7ais-Interieur-du-Theatre-Italien-Archives-Leduc.jpg","contentUrl":"https:\/\/bru-zane.com\/wp-content\/uploads\/2019\/08\/Romantisme-musical-fran\u00e7ais-Interieur-du-Theatre-Italien-Archives-Leduc.jpg","width":1363,"height":870,"caption":"Romanticismo Musicale Francese: Theatre Italien, Archives Leduc"},{"@type":"BreadcrumbList","@id":"https:\/\/bru-zane.com\/fr\/il-romanticismo-musicale-francese\/#breadcrumb","itemListElement":[{"@type":"ListItem","position":1,"name":"Home","item":"https:\/\/bru-zane.com\/fr\/"},{"@type":"ListItem","position":2,"name":"Il romanticismo musicale francese"}]},{"@type":"WebSite","@id":"https:\/\/bru-zane.com\/fr\/#website","url":"https:\/\/bru-zane.com\/fr\/","name":"Palazzetto Bru Zane","description":"","publisher":{"@id":"https:\/\/bru-zane.com\/fr\/#organization"},"potentialAction":[{"@type":"SearchAction","target":{"@type":"EntryPoint","urlTemplate":"https:\/\/bru-zane.com\/fr\/?s={search_term_string}"},"query-input":{"@type":"PropertyValueSpecification","valueRequired":true,"valueName":"search_term_string"}}],"inLanguage":"fr-FR"},{"@type":"Organization","@id":"https:\/\/bru-zane.com\/fr\/#organization","name":"Palazzetto Bru Zane","url":"https:\/\/bru-zane.com\/fr\/","logo":{"@type":"ImageObject","inLanguage":"fr-FR","@id":"https:\/\/bru-zane.com\/fr\/#\/schema\/logo\/image\/","url":"https:\/\/bru-zane.com\/wp-content\/uploads\/2019\/03\/logobruzane.png","contentUrl":"https:\/\/bru-zane.com\/wp-content\/uploads\/2019\/03\/logobruzane.png","width":740,"height":1458,"caption":"Palazzetto Bru Zane"},"image":{"@id":"https:\/\/bru-zane.com\/fr\/#\/schema\/logo\/image\/"},"sameAs":["https:\/\/www.facebook.com\/PalazzettoBruZane\/","https:\/\/x.com\/BruZane","https:\/\/www.instagram.com\/palazzettobruzane\/","https:\/\/it.linkedin.com\/company\/palazzetto-bru-zane---centre-de-musique-romantique-fran-aise","https:\/\/www.youtube.com\/user\/PalazzettoBruZane","https:\/\/it.wikipedia.org\/wiki\/Palazzetto_Bru_Zane_-_Centre_de_musique_romantique_fran\u00e7aise"]}]}},"_links":{"self":[{"href":"https:\/\/bru-zane.com\/fr\/wp-json\/wp\/v2\/pages\/3365","targetHints":{"allow":["GET"]}}],"collection":[{"href":"https:\/\/bru-zane.com\/fr\/wp-json\/wp\/v2\/pages"}],"about":[{"href":"https:\/\/bru-zane.com\/fr\/wp-json\/wp\/v2\/types\/page"}],"author":[{"embeddable":true,"href":"https:\/\/bru-zane.com\/fr\/wp-json\/wp\/v2\/users\/1"}],"replies":[{"embeddable":true,"href":"https:\/\/bru-zane.com\/fr\/wp-json\/wp\/v2\/comments?post=3365"}],"version-history":[{"count":3,"href":"https:\/\/bru-zane.com\/fr\/wp-json\/wp\/v2\/pages\/3365\/revisions"}],"predecessor-version":[{"id":5510,"href":"https:\/\/bru-zane.com\/fr\/wp-json\/wp\/v2\/pages\/3365\/revisions\/5510"}],"wp:featuredmedia":[{"embeddable":true,"href":"https:\/\/bru-zane.com\/fr\/wp-json\/wp\/v2\/media\/3589"}],"wp:attachment":[{"href":"https:\/\/bru-zane.com\/fr\/wp-json\/wp\/v2\/media?parent=3365"}],"curies":[{"name":"wp","href":"https:\/\/api.w.org\/{rel}","templated":true}]}}