{"id":1865,"date":"2019-06-24T17:16:15","date_gmt":"2019-06-24T15:16:15","guid":{"rendered":"https:\/\/bru-zane.com\/?page_id=1865"},"modified":"2020-10-19T09:42:11","modified_gmt":"2020-10-19T07:42:11","slug":"partiture","status":"publish","type":"page","link":"https:\/\/bru-zane.com\/fr\/partiture\/","title":{"rendered":"Partitions"},"content":{"rendered":"<p>Une grande partie du r\u00e9pertoire d\u00e9fendu par le Palazzetto Bru Zane est conserv\u00e9 aujourd\u2019hui \u00e0 l\u2019\u00e9tat de manuscrits dans des collections priv\u00e9es ou dans les fonds peu accessibles de grandes biblioth\u00e8ques internationales. L\u2019\u00e9dition en partitions et mat\u00e9riels d\u2019orchestre et, parfois, en r\u00e9duction pour voix et piano demeure la condition n\u00e9cessaire \u00e0 toute ex\u00e9cution publique. Sont d\u00e9j\u00e0 au catalogue des \u0153uvres d\u2019Offenbach, Lemoyne, Herv\u00e9, Isouard, Massenet, La Tombelle, Saint-Sa\u00ebns\u2026 <\/p>","protected":false},"excerpt":{"rendered":"<p>Une grande partie du r\u00e9pertoire d\u00e9fendu par le Palazzetto Bru Zane est conserv\u00e9 aujourd\u2019hui \u00e0 l\u2019\u00e9tat de manuscrits dans des collections priv\u00e9es ou dans les fonds peu accessibles de grandes biblioth\u00e8ques internationales. L\u2019\u00e9dition en partitions et mat\u00e9riels d\u2019orchestre et, parfois, en r\u00e9duction pour voix et piano demeure la condition n\u00e9cessaire \u00e0 toute ex\u00e9cution publique. Sont [&hellip;]<\/p>\n","protected":false},"author":1,"featured_media":4365,"parent":0,"menu_order":0,"comment_status":"closed","ping_status":"closed","template":"template\/page-partiture.php","meta":{"footnotes":""},"class_list":["post-1865","page","type-page","status-publish","has-post-thumbnail","hentry"],"yoast_head":"<!-- This site is optimized with the Yoast SEO plugin v27.3 - https:\/\/yoast.com\/product\/yoast-seo-wordpress\/ -->\n<title>Partitions du Palazzetto Bru Zane<\/title>\n<meta name=\"description\" content=\"Partitions, partitions d&#039;orchestre et r\u00e9ductions pour voix et piano. Oeuvres disponibles de Gounod, Dukas, David, Godard, H\u00e9rold, Plantade, Saint-Sa\u00ebns et autres.\" \/>\n<meta name=\"robots\" content=\"index, follow, max-snippet:-1, max-image-preview:large, max-video-preview:-1\" \/>\n<link rel=\"canonical\" href=\"https:\/\/bru-zane.com\/fr\/partiture\/\" \/>\n<meta property=\"og:locale\" content=\"fr_FR\" \/>\n<meta property=\"og:type\" content=\"article\" \/>\n<meta property=\"og:title\" content=\"Partitions du Palazzetto Bru Zane\" \/>\n<meta property=\"og:description\" content=\"Partitions, partitions d&#039;orchestre et r\u00e9ductions pour voix et piano. Oeuvres disponibles de Gounod, Dukas, David, Godard, H\u00e9rold, Plantade, Saint-Sa\u00ebns et autres.\" \/>\n<meta property=\"og:url\" content=\"https:\/\/bru-zane.com\/fr\/partiture\/\" \/>\n<meta property=\"og:site_name\" content=\"Palazzetto Bru Zane\" \/>\n<meta property=\"article:publisher\" content=\"https:\/\/www.facebook.com\/PalazzettoBruZane\/\" \/>\n<meta property=\"article:modified_time\" content=\"2020-10-19T07:42:11+00:00\" \/>\n<meta property=\"og:image\" content=\"https:\/\/bru-zane.com\/wp-content\/uploads\/2020\/10\/bru-zane-partiture.jpg\" \/>\n\t<meta property=\"og:image:width\" content=\"2016\" \/>\n\t<meta property=\"og:image:height\" content=\"1344\" \/>\n\t<meta property=\"og:image:type\" content=\"image\/jpeg\" \/>\n<meta name=\"twitter:card\" content=\"summary_large_image\" \/>\n<meta name=\"twitter:site\" content=\"@BruZane\" \/>\n<meta name=\"twitter:label1\" content=\"Dur\u00e9e de lecture estim\u00e9e\" \/>\n\t<meta name=\"twitter:data1\" content=\"1 minute\" \/>\n<script type=\"application\/ld+json\" class=\"yoast-schema-graph\">{\"@context\":\"https:\\\/\\\/schema.org\",\"@graph\":[{\"@type\":\"WebPage\",\"@id\":\"https:\\\/\\\/bru-zane.com\\\/fr\\\/partiture\\\/\",\"url\":\"https:\\\/\\\/bru-zane.com\\\/fr\\\/partiture\\\/\",\"name\":\"Partitions du Palazzetto Bru Zane\",\"isPartOf\":{\"@id\":\"https:\\\/\\\/bru-zane.com\\\/fr\\\/#website\"},\"primaryImageOfPage\":{\"@id\":\"https:\\\/\\\/bru-zane.com\\\/fr\\\/partiture\\\/#primaryimage\"},\"image\":{\"@id\":\"https:\\\/\\\/bru-zane.com\\\/partiture\\\/#primaryimage\"},\"thumbnailUrl\":\"https:\\\/\\\/bru-zane.com\\\/wp-content\\\/uploads\\\/2020\\\/10\\\/bru-zane-partiture.jpg\",\"datePublished\":\"2019-06-24T15:16:15+00:00\",\"dateModified\":\"2020-10-19T07:42:11+00:00\",\"description\":\"Partitions, partitions d'orchestre et r\u00e9ductions pour voix et piano. Oeuvres disponibles de Gounod, Dukas, David, Godard, H\u00e9rold, Plantade, Saint-Sa\u00ebns et autres.\",\"breadcrumb\":{\"@id\":\"https:\\\/\\\/bru-zane.com\\\/fr\\\/partiture\\\/#breadcrumb\"},\"inLanguage\":\"fr-FR\",\"potentialAction\":[{\"@type\":\"ReadAction\",\"target\":[[\"https:\\\/\\\/bru-zane.com\\\/fr\\\/partiture\\\/\"]]}]},{\"@type\":\"ImageObject\",\"inLanguage\":\"fr-FR\",\"@id\":\"https:\\\/\\\/bru-zane.com\\\/fr\\\/partiture\\\/#primaryimage\",\"url\":\"https:\\\/\\\/bru-zane.com\\\/wp-content\\\/uploads\\\/2020\\\/10\\\/bru-zane-partiture.jpg\",\"contentUrl\":\"https:\\\/\\\/bru-zane.com\\\/wp-content\\\/uploads\\\/2020\\\/10\\\/bru-zane-partiture.jpg\",\"width\":2016,\"height\":1344},{\"@type\":\"BreadcrumbList\",\"@id\":\"https:\\\/\\\/bru-zane.com\\\/fr\\\/partiture\\\/#breadcrumb\",\"itemListElement\":[{\"@type\":\"ListItem\",\"position\":1,\"name\":\"Home\",\"item\":\"https:\\\/\\\/bru-zane.com\\\/fr\\\/\"},{\"@type\":\"ListItem\",\"position\":2,\"name\":\"Partiture\"}]},{\"@type\":\"WebSite\",\"@id\":\"https:\\\/\\\/bru-zane.com\\\/fr\\\/#website\",\"url\":\"https:\\\/\\\/bru-zane.com\\\/fr\\\/\",\"name\":\"Palazzetto Bru Zane\",\"description\":\"\",\"publisher\":{\"@id\":\"https:\\\/\\\/bru-zane.com\\\/fr\\\/#organization\"},\"potentialAction\":[{\"@type\":\"SearchAction\",\"target\":{\"@type\":\"EntryPoint\",\"urlTemplate\":\"https:\\\/\\\/bru-zane.com\\\/fr\\\/?s={search_term_string}\"},\"query-input\":{\"@type\":\"PropertyValueSpecification\",\"valueRequired\":true,\"valueName\":\"search_term_string\"}}],\"inLanguage\":\"fr-FR\"},{\"@type\":\"Organization\",\"@id\":\"https:\\\/\\\/bru-zane.com\\\/fr\\\/#organization\",\"name\":\"Palazzetto Bru Zane\",\"url\":\"https:\\\/\\\/bru-zane.com\\\/fr\\\/\",\"logo\":{\"@type\":\"ImageObject\",\"inLanguage\":\"fr-FR\",\"@id\":\"https:\\\/\\\/bru-zane.com\\\/fr\\\/#\\\/schema\\\/logo\\\/image\\\/\",\"url\":\"https:\\\/\\\/bru-zane.com\\\/wp-content\\\/uploads\\\/2019\\\/03\\\/logobruzane.png\",\"contentUrl\":\"https:\\\/\\\/bru-zane.com\\\/wp-content\\\/uploads\\\/2019\\\/03\\\/logobruzane.png\",\"width\":740,\"height\":1458,\"caption\":\"Palazzetto Bru Zane\"},\"image\":{\"@id\":\"https:\\\/\\\/bru-zane.com\\\/fr\\\/#\\\/schema\\\/logo\\\/image\\\/\"},\"sameAs\":[\"https:\\\/\\\/www.facebook.com\\\/PalazzettoBruZane\\\/\",\"https:\\\/\\\/x.com\\\/BruZane\",\"https:\\\/\\\/www.instagram.com\\\/palazzettobruzane\\\/\",\"https:\\\/\\\/it.linkedin.com\\\/company\\\/palazzetto-bru-zane---centre-de-musique-romantique-fran-aise\",\"https:\\\/\\\/www.youtube.com\\\/user\\\/PalazzettoBruZane\",\"https:\\\/\\\/it.wikipedia.org\\\/wiki\\\/Palazzetto_Bru_Zane_-_Centre_de_musique_romantique_fran\u00e7aise\"]}]}<\/script>\n<!-- \/ Yoast SEO plugin. -->","yoast_head_json":{"title":"Partitions du Palazzetto Bru Zane","description":"Partitions, partitions d'orchestre et r\u00e9ductions pour voix et piano. Oeuvres disponibles de Gounod, Dukas, David, Godard, H\u00e9rold, Plantade, Saint-Sa\u00ebns et autres.","robots":{"index":"index","follow":"follow","max-snippet":"max-snippet:-1","max-image-preview":"max-image-preview:large","max-video-preview":"max-video-preview:-1"},"canonical":"https:\/\/bru-zane.com\/fr\/partiture\/","og_locale":"fr_FR","og_type":"article","og_title":"Partitions du Palazzetto Bru Zane","og_description":"Partitions, partitions d'orchestre et r\u00e9ductions pour voix et piano. Oeuvres disponibles de Gounod, Dukas, David, Godard, H\u00e9rold, Plantade, Saint-Sa\u00ebns et autres.","og_url":"https:\/\/bru-zane.com\/fr\/partiture\/","og_site_name":"Palazzetto Bru Zane","article_publisher":"https:\/\/www.facebook.com\/PalazzettoBruZane\/","article_modified_time":"2020-10-19T07:42:11+00:00","og_image":[{"width":2016,"height":1344,"url":"https:\/\/bru-zane.com\/wp-content\/uploads\/2020\/10\/bru-zane-partiture.jpg","type":"image\/jpeg"}],"twitter_card":"summary_large_image","twitter_site":"@BruZane","twitter_misc":{"Dur\u00e9e de lecture estim\u00e9e":"1 minute"},"schema":{"@context":"https:\/\/schema.org","@graph":[{"@type":"WebPage","@id":"https:\/\/bru-zane.com\/fr\/partiture\/","url":"https:\/\/bru-zane.com\/fr\/partiture\/","name":"Partitions du Palazzetto Bru Zane","isPartOf":{"@id":"https:\/\/bru-zane.com\/fr\/#website"},"primaryImageOfPage":{"@id":"https:\/\/bru-zane.com\/fr\/partiture\/#primaryimage"},"image":{"@id":"https:\/\/bru-zane.com\/partiture\/#primaryimage"},"thumbnailUrl":"https:\/\/bru-zane.com\/wp-content\/uploads\/2020\/10\/bru-zane-partiture.jpg","datePublished":"2019-06-24T15:16:15+00:00","dateModified":"2020-10-19T07:42:11+00:00","description":"Partitions, partitions d'orchestre et r\u00e9ductions pour voix et piano. Oeuvres disponibles de Gounod, Dukas, David, Godard, H\u00e9rold, Plantade, Saint-Sa\u00ebns et autres.","breadcrumb":{"@id":"https:\/\/bru-zane.com\/fr\/partiture\/#breadcrumb"},"inLanguage":"fr-FR","potentialAction":[{"@type":"ReadAction","target":[["https:\/\/bru-zane.com\/fr\/partiture\/"]]}]},{"@type":"ImageObject","inLanguage":"fr-FR","@id":"https:\/\/bru-zane.com\/fr\/partiture\/#primaryimage","url":"https:\/\/bru-zane.com\/wp-content\/uploads\/2020\/10\/bru-zane-partiture.jpg","contentUrl":"https:\/\/bru-zane.com\/wp-content\/uploads\/2020\/10\/bru-zane-partiture.jpg","width":2016,"height":1344},{"@type":"BreadcrumbList","@id":"https:\/\/bru-zane.com\/fr\/partiture\/#breadcrumb","itemListElement":[{"@type":"ListItem","position":1,"name":"Home","item":"https:\/\/bru-zane.com\/fr\/"},{"@type":"ListItem","position":2,"name":"Partiture"}]},{"@type":"WebSite","@id":"https:\/\/bru-zane.com\/fr\/#website","url":"https:\/\/bru-zane.com\/fr\/","name":"Palazzetto Bru Zane","description":"","publisher":{"@id":"https:\/\/bru-zane.com\/fr\/#organization"},"potentialAction":[{"@type":"SearchAction","target":{"@type":"EntryPoint","urlTemplate":"https:\/\/bru-zane.com\/fr\/?s={search_term_string}"},"query-input":{"@type":"PropertyValueSpecification","valueRequired":true,"valueName":"search_term_string"}}],"inLanguage":"fr-FR"},{"@type":"Organization","@id":"https:\/\/bru-zane.com\/fr\/#organization","name":"Palazzetto Bru Zane","url":"https:\/\/bru-zane.com\/fr\/","logo":{"@type":"ImageObject","inLanguage":"fr-FR","@id":"https:\/\/bru-zane.com\/fr\/#\/schema\/logo\/image\/","url":"https:\/\/bru-zane.com\/wp-content\/uploads\/2019\/03\/logobruzane.png","contentUrl":"https:\/\/bru-zane.com\/wp-content\/uploads\/2019\/03\/logobruzane.png","width":740,"height":1458,"caption":"Palazzetto Bru Zane"},"image":{"@id":"https:\/\/bru-zane.com\/fr\/#\/schema\/logo\/image\/"},"sameAs":["https:\/\/www.facebook.com\/PalazzettoBruZane\/","https:\/\/x.com\/BruZane","https:\/\/www.instagram.com\/palazzettobruzane\/","https:\/\/it.linkedin.com\/company\/palazzetto-bru-zane---centre-de-musique-romantique-fran-aise","https:\/\/www.youtube.com\/user\/PalazzettoBruZane","https:\/\/it.wikipedia.org\/wiki\/Palazzetto_Bru_Zane_-_Centre_de_musique_romantique_fran\u00e7aise"]}]}},"_links":{"self":[{"href":"https:\/\/bru-zane.com\/fr\/wp-json\/wp\/v2\/pages\/1865","targetHints":{"allow":["GET"]}}],"collection":[{"href":"https:\/\/bru-zane.com\/fr\/wp-json\/wp\/v2\/pages"}],"about":[{"href":"https:\/\/bru-zane.com\/fr\/wp-json\/wp\/v2\/types\/page"}],"author":[{"embeddable":true,"href":"https:\/\/bru-zane.com\/fr\/wp-json\/wp\/v2\/users\/1"}],"replies":[{"embeddable":true,"href":"https:\/\/bru-zane.com\/fr\/wp-json\/wp\/v2\/comments?post=1865"}],"version-history":[{"count":2,"href":"https:\/\/bru-zane.com\/fr\/wp-json\/wp\/v2\/pages\/1865\/revisions"}],"predecessor-version":[{"id":3405,"href":"https:\/\/bru-zane.com\/fr\/wp-json\/wp\/v2\/pages\/1865\/revisions\/3405"}],"wp:featuredmedia":[{"embeddable":true,"href":"https:\/\/bru-zane.com\/fr\/wp-json\/wp\/v2\/media\/4365"}],"wp:attachment":[{"href":"https:\/\/bru-zane.com\/fr\/wp-json\/wp\/v2\/media?parent=1865"}],"curies":[{"name":"wp","href":"https:\/\/api.w.org\/{rel}","templated":true}]}}