{"id":1853,"date":"2019-06-03T18:33:47","date_gmt":"2019-06-03T16:33:47","guid":{"rendered":"https:\/\/bru-zane.com\/?page_id=1853"},"modified":"2019-10-23T12:57:54","modified_gmt":"2019-10-23T10:57:54","slug":"help","status":"publish","type":"page","link":"https:\/\/bru-zane.com\/fr\/classical-radio\/help\/","title":{"rendered":"Help"},"content":{"rendered":"<p>Qui potrete trovare la soluzione ai problemi pi\u00f9 comuni di ricezione e di ascolto.<br \/>\r\nPer ogni altra necessit\u00e0 o curiosit\u00e0 relativa alla programmazione vi invitiamo a scrivere a<br \/>\r\n<a href=\"http:\/\/contact@bru-zane.com\">contact@bru-zane.com<\/a><\/p>\r\n<article class=\"faq-item\">\t\t\t\t\t\t\r\n\t<h6>Come ascoltare la radio<\/h6>\r\n\t<div class=\"faq-item__content\">\r\n\t\t<p>Bru Zane Classical Radio \u00e8 una webradio, pertanto la si pu\u00f2 ascoltare in ogni luogo, ove sia presente una connessione internet tradizionale o wireless, e con ogni dispositivo: pc, smartphone e tablet.<\/p>\r\n\t\t<p>Ecco tutte le modalit\u00e0 per ascoltare Bru Zane Classical Radio:<\/p>\r\n\t\t<p><strong>Bru Zane Player<br \/><\/strong>Il Bru Zane Player permette l&#8217;ascolto della radio con tutte le informazioni sulla musica trasmessa (Compositore, Titolo, Movimenti, Interprete, Cd e Copertina del CD) e consente l&#8217;accesso diretto alle pagine di Amazon e Itunes per acquistare il cd. E\u2019 presente anche un link per accedere a Bru Zane Mediabase, il sito di risorse digitali per approfondire la conoscenza degli autori e delle opere. Compatibile con pc Windows, Mac e Linux (nei browser meno recenti \u00e8 necessario installare il plugin Adobe Flash) e con smartpone e tablet.<\/p>\r\n\t\t<p><strong>Player tradizionali<br \/><\/strong>L&#8217;ascolto di Bru Zane Classical Radio \u00e8 possibile anche utilizzando i player tradizionali. Ecco una lista dei pi\u00f9 comuni:<\/p>\r\n\t\t<p>iTunes \u00e8 il famoso programma per l&#8217;acquisizione e l&#8217;ascolto della musica sviluppato da Apple. E&#8217; disponibile per Windows e Mac.<br \/>Winamp \u00e8 uno dei player pi\u00f9 diffusi. Esiste nella versione per Windows, Mac (si chiama MacAmp) e Linux (denominata XMMS).<br \/>Mediaplayer \u00e8 il player predefinito dei sistemi Windows.<br \/>Real Player \u00e8 stato uno dei primi player multimediali. E&#8217; disponibile per Windows, Mac e Linux.<br \/>VideoLan (VLC) \u00e8 noto per la sua capacit\u00e0 di leggere praticamente ogni formato. E&#8217; disponibile per Windows, Mac e Linux.<\/p>\r\n\t\t<p><strong>Dispositivi mobili<br \/><\/strong>Bru Zane Classical Radio \u00e8 presente nelle seguenti applicazioni, disponibili gratuitamente nei rispettivi App Store:<br \/>iPhone, iPad, Android, Windows Mobile, Blackberry, Palm, Samsung Bada.<br \/>TuneIn \u00e8 una delle applicazioni pi\u00f9 conosciute per l&#8217;ascolto di un numero elevatissimo di webradio da tutto il mondo. Dopo averla scaricata e installata sul proprio dispositivo, avviarla e selezionare l&#8217;icona a forma di lente in alto a destra; inserire nella casella di ricerca il nome \u2018Bru Zane Classical Radio&#8217; e, successivamente, selezionare la finestra con il logo e il nome della radio che compare come risultato della ricerca. La ricezione ha inizio! Selezionando l&#8217;icona a forma di cuore, Bru Zane Classical Radio sar\u00e0 sempre disponibile ad ogni apertura dell&#8217;applicazione nella sezione &#8216;Miei preferiti&#8217;.<\/p>\r\n\t\t<p><strong>Android<br \/><\/strong>Xiialive \u00e8 un&#8217;ottima applicazione basata sulla lista delle radio di Shoutcast, particolarmente consigliata per l&#8217;ascolto in movimento. Dopo averla scaricata e installata sul dispositivo Android, avviarla e selezionare &#8216;Ricerca&#8217;; inserire il nome \u2018Bru Zane Classical Radio\u2019 e, successivamente, selezionare la finestra con il nome della radio che compare come risultato della ricerca. La ricezione ha inizio! Selezionando il simbolo &#8216;+&#8217; che compare in basso a sinistra, Bru Zane Classical Radio sar\u00e0 sempre disponibile ad ogni apertura dell&#8217;applicazione nella sezione &#8216;Preferiti&#8217;.<\/p>\r\n\t\t<p>Per l&#8217;ascolto di Bru Zane Classical Radio in movimento, consigliamo di utilizzare la versione a pagamento perch\u00e9 \u00e8 in grado di ricollegarsi automaticamente allo streaming dopo una caduta di linea senza bloccarsi (la versione gratuita effettua cinque tentativi e poi si ferma).<\/p>\r\n\t<\/div>\r\n<\/article>\r\n<article class=\"faq-item\">\t\t\t\t\t\t\r\n    <h6>Assistenza per i problemi di ricezione e di ascolto<\/h6>\r\n    <div class=\"faq-item__content\">\r\n    \t<p>Qui potrete trovare la soluzione ai problemi pi\u00f9 comuni di ricezione e di ascolto.<br \/>Per ogni altra necessit\u00e0 o curiosit\u00e0 relativa alla programmazione vi invitiamo a scrivere a<br \/><a href=\"http:\/\/contact@bru-zane.com\">contact@bru-zane.com<\/a><\/p>\r\n    <\/div>\r\n<\/article>\r\n<article class=\"faq-item\">\t\t\t\t\t\t\r\n    <h6>Non so come ascoltare Bru Zane Classical Radio<\/h6>\r\n    <div class=\"faq-item__content\"><p>Bru Zane Classical Radio \u00e8 una webradio, pertanto si pu\u00f2 ascoltare in ogni luogo, ove sia presente una connessione internet, mediante pc, smartphone, tablet o webricevitori. Premendo il tasto &#8216;Play&#8217;, si aprir\u00e0 il nostro player personalizzato, compatibile con la quasi totalit\u00e0 dei pc esistenti, e si comincer\u00e0 ad ascoltare Bru Zane Classical Radio. Per gli altri dispositivi vi consigliamo di consultare la guida disponibile in questa pagina.<\/p>\r\n<\/div>\r\n<\/article>\r\n<article class=\"faq-item\">\t\t\t\t\t\t\r\n    <h6>Premo sull'icona 'Play', ma il player non compare<\/h6>\r\n    <div class=\"faq-item__content\"><p>In alcuni programmi di navigazione o &#8216;browser&#8217; \u00e8 presente un blocco pop up per prevenire l&#8217;apertura di pagine pubblicitarie indesiderate. Cliccando su &#8216;Play&#8217; \u00e8 possibile che questo blocco intervenga e impedisca alla finestra del player di aprirsi; in tal caso compare un avviso per consentire l&#8217;apertura della finestra. Il blocco pop up pu\u00f2 essere attivo anche in alcune toolbar (es.: la toolbar di Google).<\/p>\r\n<\/div>\r\n<\/article>\r\n<article class=\"faq-item\">\t\t\t\t\t\t\r\n    <h6>Premo sull'icona 'Play, la finestra si apre, ma compare un avviso che mi chiede di scaricare il software Adobe Flash (\u00ae)<\/h6>\r\n    <div class=\"faq-item__content\"><p>Il player di Bru Zane Classical Radio \u00e8 un&#8217;applicazione web, perci\u00f2 non richiede alcuna installazione. La sua funzionalit\u00e0 \u00e8 basata sul codice html5 che \u00e8 supportato da tutti i browser pi\u00f9 moderni. Tuttavia nelle versioni pi\u00f9 datate \u00e8 necessario l\u2019utilizzo del plugin Adobe Flash che \u00e8 presente nella maggioranza dei computer esistenti. Qualora il pc ne fosse sprovvisto, lo si pu\u00f2 scaricare gratuitamente presso il sito della Adobe a <a href=\"https:\/\/get.adobe.com\/it\/flashplayer\/\" target=\"_blank\" rel=\"noopener noreferrer\">questo link<\/a>.<\/p>\r\n<\/div>\r\n<\/article>\r\n<article class=\"faq-item\">\t\t\t\t\t\t\r\n    <h6>La ricezione \u00e8 difficoltosa, perch\u00e9 si verificano parecchie interruzioni<\/h6>\r\n    <div class=\"faq-item__content\"><p>L&#8217;ascolto di Bru Zane Classical Radio richiede la ricezione di un flusso di dati continuo (il cosiddetto streaming) a 128 kbit per secondo. Ci\u00f2 non comporta problemi per una comune linea ADSL, ma potrebbe essere difficoltoso per una connessione tramite router wireless o attraverso la rete UMTS. In questi ultimi casi, infatti, la velocit\u00e0 della connessione dipende, oltre che dalla sua capacit\u00e0 nominale (cio\u00e8 quella dichiarata dal provider), anche dall&#8217;intensit\u00e0 del segnale ricevuto. Se il dispositivo ricevente \u00e8 molto lontano dal router (o si \u00e8 in una zona sfavorita per il segnale UMTS), la velocit\u00e0 della connessione cala sensibilmente e non \u00e8 pi\u00f9 in grado di garantire la ricezione continua dello streaming, causando frequenti interruzioni nel segnale audio. Spesso il problema si risolve cambiando posizione al router wireless oppure collegando al dispositivo ricevente (se in esso \u00e8 prevista questa possibilit\u00e0) un&#8217;antenna direttiva ad alto guadagno puntata in direzione dello stesso router. Per maggiori informazioni, potete contattare il nostro servizio tecnico.<\/p>\r\n<\/div>\r\n<\/article>\r\n<article class=\"faq-item\">\t\t\t\t\t\t\r\n    <h6>La ricezione \u00e8 sempre stata buona, ma oggi si verificano parecchie interruzioni o non si sente nulla<\/h6>\r\n    <div class=\"faq-item__content\"><p>La diffusione dello streaming avviene dal nostro server a tutti i ricevitori sparsi per il mondo attraverso la rete internet, che idealmente \u00e8 strutturata come i rami di un albero: in corrispondenza di ogni ramificazione \u00e8 presente un nodo. Se un nodo non funziona correttamente, lo streaming si interrompe, causando problemi al ricevitore. Ecco perch\u00e9 a volte la ricezione \u00e8 difficoltosa, anche se normalmente avviene con regolarit\u00e0. Noi siamo in grado di controllare il funzionamento del server di diffusione, ma non quello dei singoli nodi sparsi per il mondo. In ogni caso, se riscontrate problemi di ricezione, vi preghiamo di segnalarli al nostro servizio tecnico che provveder\u00e0 a effettuare i controlli opportuni.<br \/>\r\nUn&#8217;altra causa pu\u00f2 essere attribuita al traffico presente nella rete domestica: il download di alcuni file (per es: un allegato di posta di dimensioni piuttosto grandi) o un decoder per la ricezione on-demand della tv via internet pu\u00f2 saturare la capacit\u00e0 della banda disponibile, con conseguenti interruzioni nella ricezione dello streaming.<\/p>\r\n<\/div>\r\n<\/article>\r\n<article class=\"faq-item\">\t\t\t\t\t\t\r\n    <h6>Utilizzando il 'Bru Zane Player' si verifica una breve interruzione di circa un secondo<\/h6>\r\n    <div class=\"faq-item__content\"><p>L&#8217;interruzione dello streaming che si verifica ogni due ore per circa un secondo, utilizzando il Bru Zane Player (ma solo quando il browser utilizza il plugin Adobe Flash), \u00e8 un nostro accorgimento al fine di svuotare la memoria cache del browser ed evitare, cos\u00ec, problemi di rallentamento o instabilit\u00e0 del pc. Ci\u00f2, pertanto, non costituisce un&#8217;anomalia, ma rientra nella normale funzionalit\u00e0 del player.<\/p>\r\n\t<\/div>\r\n<\/article>","protected":false},"excerpt":{"rendered":"<p>Qui potrete trovare la soluzione ai problemi pi\u00f9 comuni di ricezione e di ascolto. Per ogni altra necessit\u00e0 o curiosit\u00e0 relativa alla programmazione vi invitiamo a scrivere a contact@bru-zane.com Come ascoltare la radio Bru Zane Classical Radio \u00e8 una webradio, pertanto la si pu\u00f2 ascoltare in ogni luogo, ove sia presente una connessione internet tradizionale [&hellip;]<\/p>\n","protected":false},"author":1,"featured_media":0,"parent":1837,"menu_order":0,"comment_status":"closed","ping_status":"closed","template":"template\/page-radio-interna.php","meta":{"footnotes":""},"class_list":["post-1853","page","type-page","status-publish","hentry"],"yoast_head":"<!-- This site is optimized with the Yoast SEO plugin v27.3 - https:\/\/yoast.com\/product\/yoast-seo-wordpress\/ -->\n<title>Help - Bru Zane Classical Radio<\/title>\n<meta name=\"description\" content=\"La soluzione ai problemi pi\u00f9 comuni di ricezione e di ascolto della web radio &quot;Bru Zane Classical Radio&quot;.\" \/>\n<meta name=\"robots\" content=\"index, follow, max-snippet:-1, max-image-preview:large, max-video-preview:-1\" \/>\n<link rel=\"canonical\" href=\"https:\/\/bru-zane.com\/fr\/classical-radio\/help\/\" \/>\n<meta property=\"og:locale\" content=\"fr_FR\" \/>\n<meta property=\"og:type\" content=\"article\" \/>\n<meta property=\"og:title\" content=\"Help - Bru Zane Classical Radio\" \/>\n<meta property=\"og:description\" content=\"La soluzione ai problemi pi\u00f9 comuni di ricezione e di ascolto della web radio &quot;Bru Zane Classical Radio&quot;.\" \/>\n<meta property=\"og:url\" content=\"https:\/\/bru-zane.com\/fr\/classical-radio\/help\/\" \/>\n<meta property=\"og:site_name\" content=\"Palazzetto Bru Zane\" \/>\n<meta property=\"article:publisher\" content=\"https:\/\/www.facebook.com\/PalazzettoBruZane\/\" \/>\n<meta property=\"article:modified_time\" content=\"2019-10-23T10:57:54+00:00\" \/>\n<meta property=\"og:image\" content=\"https:\/\/bru-zane.com\/wp-content\/uploads\/2020\/06\/PBZ-Giardino-c-Matteo-De-Fina-1024x756.jpg\" \/>\n\t<meta property=\"og:image:width\" content=\"1024\" \/>\n\t<meta property=\"og:image:height\" content=\"756\" \/>\n\t<meta property=\"og:image:type\" content=\"image\/jpeg\" \/>\n<meta name=\"twitter:card\" content=\"summary_large_image\" \/>\n<meta name=\"twitter:site\" content=\"@BruZane\" \/>\n<meta name=\"twitter:label1\" content=\"Dur\u00e9e de lecture estim\u00e9e\" \/>\n\t<meta name=\"twitter:data1\" content=\"19 minutes\" \/>\n<script type=\"application\/ld+json\" class=\"yoast-schema-graph\">{\"@context\":\"https:\\\/\\\/schema.org\",\"@graph\":[{\"@type\":\"WebPage\",\"@id\":\"https:\\\/\\\/bru-zane.com\\\/fr\\\/classical-radio\\\/help\\\/\",\"url\":\"https:\\\/\\\/bru-zane.com\\\/fr\\\/classical-radio\\\/help\\\/\",\"name\":\"Help - Bru Zane Classical Radio\",\"isPartOf\":{\"@id\":\"https:\\\/\\\/bru-zane.com\\\/fr\\\/#website\"},\"datePublished\":\"2019-06-03T16:33:47+00:00\",\"dateModified\":\"2019-10-23T10:57:54+00:00\",\"description\":\"La soluzione ai problemi pi\u00f9 comuni di ricezione e di ascolto della web radio \\\"Bru Zane Classical Radio\\\".\",\"breadcrumb\":{\"@id\":\"https:\\\/\\\/bru-zane.com\\\/fr\\\/classical-radio\\\/help\\\/#breadcrumb\"},\"inLanguage\":\"fr-FR\",\"potentialAction\":[{\"@type\":\"ReadAction\",\"target\":[[\"https:\\\/\\\/bru-zane.com\\\/fr\\\/classical-radio\\\/help\\\/\"]]}]},{\"@type\":\"BreadcrumbList\",\"@id\":\"https:\\\/\\\/bru-zane.com\\\/fr\\\/classical-radio\\\/help\\\/#breadcrumb\",\"itemListElement\":[{\"@type\":\"ListItem\",\"position\":1,\"name\":\"Home\",\"item\":\"https:\\\/\\\/bru-zane.com\\\/fr\\\/\"},{\"@type\":\"ListItem\",\"position\":2,\"name\":\"Bru Zane Classical Radio\",\"item\":\"https:\\\/\\\/bru-zane.com\\\/fr\\\/classical-radio\\\/\"},{\"@type\":\"ListItem\",\"position\":3,\"name\":\"Help\"}]},{\"@type\":\"WebSite\",\"@id\":\"https:\\\/\\\/bru-zane.com\\\/fr\\\/#website\",\"url\":\"https:\\\/\\\/bru-zane.com\\\/fr\\\/\",\"name\":\"Palazzetto Bru Zane\",\"description\":\"\",\"publisher\":{\"@id\":\"https:\\\/\\\/bru-zane.com\\\/fr\\\/#organization\"},\"potentialAction\":[{\"@type\":\"SearchAction\",\"target\":{\"@type\":\"EntryPoint\",\"urlTemplate\":\"https:\\\/\\\/bru-zane.com\\\/fr\\\/?s={search_term_string}\"},\"query-input\":{\"@type\":\"PropertyValueSpecification\",\"valueRequired\":true,\"valueName\":\"search_term_string\"}}],\"inLanguage\":\"fr-FR\"},{\"@type\":\"Organization\",\"@id\":\"https:\\\/\\\/bru-zane.com\\\/fr\\\/#organization\",\"name\":\"Palazzetto Bru Zane\",\"url\":\"https:\\\/\\\/bru-zane.com\\\/fr\\\/\",\"logo\":{\"@type\":\"ImageObject\",\"inLanguage\":\"fr-FR\",\"@id\":\"https:\\\/\\\/bru-zane.com\\\/fr\\\/#\\\/schema\\\/logo\\\/image\\\/\",\"url\":\"https:\\\/\\\/bru-zane.com\\\/wp-content\\\/uploads\\\/2019\\\/03\\\/logobruzane.png\",\"contentUrl\":\"https:\\\/\\\/bru-zane.com\\\/wp-content\\\/uploads\\\/2019\\\/03\\\/logobruzane.png\",\"width\":740,\"height\":1458,\"caption\":\"Palazzetto Bru Zane\"},\"image\":{\"@id\":\"https:\\\/\\\/bru-zane.com\\\/fr\\\/#\\\/schema\\\/logo\\\/image\\\/\"},\"sameAs\":[\"https:\\\/\\\/www.facebook.com\\\/PalazzettoBruZane\\\/\",\"https:\\\/\\\/x.com\\\/BruZane\",\"https:\\\/\\\/www.instagram.com\\\/palazzettobruzane\\\/\",\"https:\\\/\\\/it.linkedin.com\\\/company\\\/palazzetto-bru-zane---centre-de-musique-romantique-fran-aise\",\"https:\\\/\\\/www.youtube.com\\\/user\\\/PalazzettoBruZane\",\"https:\\\/\\\/it.wikipedia.org\\\/wiki\\\/Palazzetto_Bru_Zane_-_Centre_de_musique_romantique_fran\u00e7aise\"]}]}<\/script>\n<!-- \/ Yoast SEO plugin. -->","yoast_head_json":{"title":"Help - Bru Zane Classical Radio","description":"La soluzione ai problemi pi\u00f9 comuni di ricezione e di ascolto della web radio \"Bru Zane Classical Radio\".","robots":{"index":"index","follow":"follow","max-snippet":"max-snippet:-1","max-image-preview":"max-image-preview:large","max-video-preview":"max-video-preview:-1"},"canonical":"https:\/\/bru-zane.com\/fr\/classical-radio\/help\/","og_locale":"fr_FR","og_type":"article","og_title":"Help - Bru Zane Classical Radio","og_description":"La soluzione ai problemi pi\u00f9 comuni di ricezione e di ascolto della web radio \"Bru Zane Classical Radio\".","og_url":"https:\/\/bru-zane.com\/fr\/classical-radio\/help\/","og_site_name":"Palazzetto Bru Zane","article_publisher":"https:\/\/www.facebook.com\/PalazzettoBruZane\/","article_modified_time":"2019-10-23T10:57:54+00:00","og_image":[{"width":1024,"height":756,"url":"https:\/\/bru-zane.com\/wp-content\/uploads\/2020\/06\/PBZ-Giardino-c-Matteo-De-Fina-1024x756.jpg","type":"image\/jpeg"}],"twitter_card":"summary_large_image","twitter_site":"@BruZane","twitter_misc":{"Dur\u00e9e de lecture estim\u00e9e":"19 minutes"},"schema":{"@context":"https:\/\/schema.org","@graph":[{"@type":"WebPage","@id":"https:\/\/bru-zane.com\/fr\/classical-radio\/help\/","url":"https:\/\/bru-zane.com\/fr\/classical-radio\/help\/","name":"Help - Bru Zane Classical Radio","isPartOf":{"@id":"https:\/\/bru-zane.com\/fr\/#website"},"datePublished":"2019-06-03T16:33:47+00:00","dateModified":"2019-10-23T10:57:54+00:00","description":"La soluzione ai problemi pi\u00f9 comuni di ricezione e di ascolto della web radio \"Bru Zane Classical Radio\".","breadcrumb":{"@id":"https:\/\/bru-zane.com\/fr\/classical-radio\/help\/#breadcrumb"},"inLanguage":"fr-FR","potentialAction":[{"@type":"ReadAction","target":[["https:\/\/bru-zane.com\/fr\/classical-radio\/help\/"]]}]},{"@type":"BreadcrumbList","@id":"https:\/\/bru-zane.com\/fr\/classical-radio\/help\/#breadcrumb","itemListElement":[{"@type":"ListItem","position":1,"name":"Home","item":"https:\/\/bru-zane.com\/fr\/"},{"@type":"ListItem","position":2,"name":"Bru Zane Classical Radio","item":"https:\/\/bru-zane.com\/fr\/classical-radio\/"},{"@type":"ListItem","position":3,"name":"Help"}]},{"@type":"WebSite","@id":"https:\/\/bru-zane.com\/fr\/#website","url":"https:\/\/bru-zane.com\/fr\/","name":"Palazzetto Bru Zane","description":"","publisher":{"@id":"https:\/\/bru-zane.com\/fr\/#organization"},"potentialAction":[{"@type":"SearchAction","target":{"@type":"EntryPoint","urlTemplate":"https:\/\/bru-zane.com\/fr\/?s={search_term_string}"},"query-input":{"@type":"PropertyValueSpecification","valueRequired":true,"valueName":"search_term_string"}}],"inLanguage":"fr-FR"},{"@type":"Organization","@id":"https:\/\/bru-zane.com\/fr\/#organization","name":"Palazzetto Bru Zane","url":"https:\/\/bru-zane.com\/fr\/","logo":{"@type":"ImageObject","inLanguage":"fr-FR","@id":"https:\/\/bru-zane.com\/fr\/#\/schema\/logo\/image\/","url":"https:\/\/bru-zane.com\/wp-content\/uploads\/2019\/03\/logobruzane.png","contentUrl":"https:\/\/bru-zane.com\/wp-content\/uploads\/2019\/03\/logobruzane.png","width":740,"height":1458,"caption":"Palazzetto Bru Zane"},"image":{"@id":"https:\/\/bru-zane.com\/fr\/#\/schema\/logo\/image\/"},"sameAs":["https:\/\/www.facebook.com\/PalazzettoBruZane\/","https:\/\/x.com\/BruZane","https:\/\/www.instagram.com\/palazzettobruzane\/","https:\/\/it.linkedin.com\/company\/palazzetto-bru-zane---centre-de-musique-romantique-fran-aise","https:\/\/www.youtube.com\/user\/PalazzettoBruZane","https:\/\/it.wikipedia.org\/wiki\/Palazzetto_Bru_Zane_-_Centre_de_musique_romantique_fran\u00e7aise"]}]}},"_links":{"self":[{"href":"https:\/\/bru-zane.com\/fr\/wp-json\/wp\/v2\/pages\/1853","targetHints":{"allow":["GET"]}}],"collection":[{"href":"https:\/\/bru-zane.com\/fr\/wp-json\/wp\/v2\/pages"}],"about":[{"href":"https:\/\/bru-zane.com\/fr\/wp-json\/wp\/v2\/types\/page"}],"author":[{"embeddable":true,"href":"https:\/\/bru-zane.com\/fr\/wp-json\/wp\/v2\/users\/1"}],"replies":[{"embeddable":true,"href":"https:\/\/bru-zane.com\/fr\/wp-json\/wp\/v2\/comments?post=1853"}],"version-history":[{"count":2,"href":"https:\/\/bru-zane.com\/fr\/wp-json\/wp\/v2\/pages\/1853\/revisions"}],"predecessor-version":[{"id":3681,"href":"https:\/\/bru-zane.com\/fr\/wp-json\/wp\/v2\/pages\/1853\/revisions\/3681"}],"up":[{"embeddable":true,"href":"https:\/\/bru-zane.com\/fr\/wp-json\/wp\/v2\/pages\/1837"}],"wp:attachment":[{"href":"https:\/\/bru-zane.com\/fr\/wp-json\/wp\/v2\/media?parent=1853"}],"curies":[{"name":"wp","href":"https:\/\/api.w.org\/{rel}","templated":true}]}}