{"id":1837,"date":"2020-04-28T16:39:47","date_gmt":"2020-04-28T14:39:47","guid":{"rendered":"https:\/\/bru-zane.com\/?page_id=1837"},"modified":"2021-12-15T16:14:08","modified_gmt":"2021-12-15T15:14:08","slug":"classical-radio","status":"publish","type":"page","link":"https:\/\/bru-zane.com\/fr\/classical-radio\/","title":{"rendered":"Bru Zane Classical Radio"},"content":{"rendered":"","protected":false},"excerpt":{"rendered":"","protected":false},"author":1,"featured_media":4975,"parent":0,"menu_order":0,"comment_status":"closed","ping_status":"closed","template":"template\/classicalradio.php","meta":{"footnotes":""},"class_list":["post-1837","page","type-page","status-publish","has-post-thumbnail","hentry"],"yoast_head":"<!-- This site is optimized with the Yoast SEO plugin v27.3 - https:\/\/yoast.com\/product\/yoast-seo-wordpress\/ -->\n<title>Bru Zane Classical Radio: musique romantique fran\u00e7aise - \u00c9couter<\/title>\n<meta name=\"description\" content=\"La red\u00e9couverte de la musique romantique fran\u00e7aise. \u00c9coutez maintenant Bru Zane Radio classique!\" \/>\n<meta name=\"robots\" content=\"index, follow, max-snippet:-1, max-image-preview:large, max-video-preview:-1\" \/>\n<link rel=\"canonical\" href=\"https:\/\/bru-zane.com\/fr\/classical-radio\/\" \/>\n<meta property=\"og:locale\" content=\"fr_FR\" \/>\n<meta property=\"og:type\" content=\"article\" \/>\n<meta property=\"og:title\" content=\"Bru Zane Classical Radio\" \/>\n<meta property=\"og:description\" content=\"Listen to Bru Zane Classical Radio and discover all the variety of the French Romantic music repertoire! The Palazzetto Bru Zane&#039;s webradio\" \/>\n<meta property=\"og:url\" content=\"https:\/\/bru-zane.com\/fr\/classical-radio\/\" \/>\n<meta property=\"og:site_name\" content=\"Palazzetto Bru Zane\" \/>\n<meta property=\"article:publisher\" content=\"https:\/\/www.facebook.com\/PalazzettoBruZane\/\" \/>\n<meta property=\"article:modified_time\" content=\"2021-12-15T15:14:08+00:00\" \/>\n<meta property=\"og:image\" content=\"https:\/\/bru-zane.com\/wp-content\/uploads\/2021\/12\/Miniatura-sito-web.jpg\" \/>\n\t<meta property=\"og:image:width\" content=\"1512\" \/>\n\t<meta property=\"og:image:height\" content=\"1512\" \/>\n\t<meta property=\"og:image:type\" content=\"image\/jpeg\" \/>\n<meta name=\"twitter:card\" content=\"summary_large_image\" \/>\n<meta name=\"twitter:title\" content=\"Bru Zane Classical Radio\" \/>\n<meta name=\"twitter:description\" content=\"Listen to Bru Zane Classical Radio and discover all the variety of the French Romantic music repertoire! The Palazzetto Bru Zane&#039;s webradio\" \/>\n<meta name=\"twitter:image\" content=\"https:\/\/bru-zane.com\/wp-content\/uploads\/2021\/12\/Miniatura-sito-web.jpg\" \/>\n<meta name=\"twitter:site\" content=\"@BruZane\" \/>\n<script type=\"application\/ld+json\" class=\"yoast-schema-graph\">{\"@context\":\"https:\\\/\\\/schema.org\",\"@graph\":[{\"@type\":\"WebPage\",\"@id\":\"https:\\\/\\\/bru-zane.com\\\/fr\\\/classical-radio\\\/\",\"url\":\"https:\\\/\\\/bru-zane.com\\\/fr\\\/classical-radio\\\/\",\"name\":\"Bru Zane Classical Radio: musique romantique fran\u00e7aise - \u00c9couter\",\"isPartOf\":{\"@id\":\"https:\\\/\\\/bru-zane.com\\\/fr\\\/#website\"},\"primaryImageOfPage\":{\"@id\":\"https:\\\/\\\/bru-zane.com\\\/fr\\\/classical-radio\\\/#primaryimage\"},\"image\":{\"@id\":\"https:\\\/\\\/bru-zane.com\\\/classical-radio\\\/#primaryimage\"},\"thumbnailUrl\":\"https:\\\/\\\/bru-zane.com\\\/wp-content\\\/uploads\\\/2021\\\/12\\\/Miniatura-sito-web.jpg\",\"datePublished\":\"2020-04-28T14:39:47+00:00\",\"dateModified\":\"2021-12-15T15:14:08+00:00\",\"description\":\"La red\u00e9couverte de la musique romantique fran\u00e7aise. \u00c9coutez maintenant Bru Zane Radio classique!\",\"breadcrumb\":{\"@id\":\"https:\\\/\\\/bru-zane.com\\\/fr\\\/classical-radio\\\/#breadcrumb\"},\"inLanguage\":\"fr-FR\",\"potentialAction\":[{\"@type\":\"ReadAction\",\"target\":[[\"https:\\\/\\\/bru-zane.com\\\/fr\\\/classical-radio\\\/\"]]}]},{\"@type\":\"ImageObject\",\"inLanguage\":\"fr-FR\",\"@id\":\"https:\\\/\\\/bru-zane.com\\\/fr\\\/classical-radio\\\/#primaryimage\",\"url\":\"https:\\\/\\\/bru-zane.com\\\/wp-content\\\/uploads\\\/2021\\\/12\\\/Miniatura-sito-web.jpg\",\"contentUrl\":\"https:\\\/\\\/bru-zane.com\\\/wp-content\\\/uploads\\\/2021\\\/12\\\/Miniatura-sito-web.jpg\",\"width\":1512,\"height\":1512},{\"@type\":\"BreadcrumbList\",\"@id\":\"https:\\\/\\\/bru-zane.com\\\/fr\\\/classical-radio\\\/#breadcrumb\",\"itemListElement\":[{\"@type\":\"ListItem\",\"position\":1,\"name\":\"Home\",\"item\":\"https:\\\/\\\/bru-zane.com\\\/fr\\\/\"},{\"@type\":\"ListItem\",\"position\":2,\"name\":\"Bru Zane Classical Radio\"}]},{\"@type\":\"WebSite\",\"@id\":\"https:\\\/\\\/bru-zane.com\\\/fr\\\/#website\",\"url\":\"https:\\\/\\\/bru-zane.com\\\/fr\\\/\",\"name\":\"Palazzetto Bru Zane\",\"description\":\"\",\"publisher\":{\"@id\":\"https:\\\/\\\/bru-zane.com\\\/fr\\\/#organization\"},\"potentialAction\":[{\"@type\":\"SearchAction\",\"target\":{\"@type\":\"EntryPoint\",\"urlTemplate\":\"https:\\\/\\\/bru-zane.com\\\/fr\\\/?s={search_term_string}\"},\"query-input\":{\"@type\":\"PropertyValueSpecification\",\"valueRequired\":true,\"valueName\":\"search_term_string\"}}],\"inLanguage\":\"fr-FR\"},{\"@type\":\"Organization\",\"@id\":\"https:\\\/\\\/bru-zane.com\\\/fr\\\/#organization\",\"name\":\"Palazzetto Bru Zane\",\"url\":\"https:\\\/\\\/bru-zane.com\\\/fr\\\/\",\"logo\":{\"@type\":\"ImageObject\",\"inLanguage\":\"fr-FR\",\"@id\":\"https:\\\/\\\/bru-zane.com\\\/fr\\\/#\\\/schema\\\/logo\\\/image\\\/\",\"url\":\"https:\\\/\\\/bru-zane.com\\\/wp-content\\\/uploads\\\/2019\\\/03\\\/logobruzane.png\",\"contentUrl\":\"https:\\\/\\\/bru-zane.com\\\/wp-content\\\/uploads\\\/2019\\\/03\\\/logobruzane.png\",\"width\":740,\"height\":1458,\"caption\":\"Palazzetto Bru Zane\"},\"image\":{\"@id\":\"https:\\\/\\\/bru-zane.com\\\/fr\\\/#\\\/schema\\\/logo\\\/image\\\/\"},\"sameAs\":[\"https:\\\/\\\/www.facebook.com\\\/PalazzettoBruZane\\\/\",\"https:\\\/\\\/x.com\\\/BruZane\",\"https:\\\/\\\/www.instagram.com\\\/palazzettobruzane\\\/\",\"https:\\\/\\\/it.linkedin.com\\\/company\\\/palazzetto-bru-zane---centre-de-musique-romantique-fran-aise\",\"https:\\\/\\\/www.youtube.com\\\/user\\\/PalazzettoBruZane\",\"https:\\\/\\\/it.wikipedia.org\\\/wiki\\\/Palazzetto_Bru_Zane_-_Centre_de_musique_romantique_fran\u00e7aise\"]}]}<\/script>\n<!-- \/ Yoast SEO plugin. -->","yoast_head_json":{"title":"Bru Zane Classical Radio: musique romantique fran\u00e7aise - \u00c9couter","description":"La red\u00e9couverte de la musique romantique fran\u00e7aise. \u00c9coutez maintenant Bru Zane Radio classique!","robots":{"index":"index","follow":"follow","max-snippet":"max-snippet:-1","max-image-preview":"max-image-preview:large","max-video-preview":"max-video-preview:-1"},"canonical":"https:\/\/bru-zane.com\/fr\/classical-radio\/","og_locale":"fr_FR","og_type":"article","og_title":"Bru Zane Classical Radio","og_description":"Listen to Bru Zane Classical Radio and discover all the variety of the French Romantic music repertoire! The Palazzetto Bru Zane's webradio","og_url":"https:\/\/bru-zane.com\/fr\/classical-radio\/","og_site_name":"Palazzetto Bru Zane","article_publisher":"https:\/\/www.facebook.com\/PalazzettoBruZane\/","article_modified_time":"2021-12-15T15:14:08+00:00","og_image":[{"width":1512,"height":1512,"url":"https:\/\/bru-zane.com\/wp-content\/uploads\/2021\/12\/Miniatura-sito-web.jpg","type":"image\/jpeg"}],"twitter_card":"summary_large_image","twitter_title":"Bru Zane Classical Radio","twitter_description":"Listen to Bru Zane Classical Radio and discover all the variety of the French Romantic music repertoire! The Palazzetto Bru Zane's webradio","twitter_image":"https:\/\/bru-zane.com\/wp-content\/uploads\/2021\/12\/Miniatura-sito-web.jpg","twitter_site":"@BruZane","schema":{"@context":"https:\/\/schema.org","@graph":[{"@type":"WebPage","@id":"https:\/\/bru-zane.com\/fr\/classical-radio\/","url":"https:\/\/bru-zane.com\/fr\/classical-radio\/","name":"Bru Zane Classical Radio: musique romantique fran\u00e7aise - \u00c9couter","isPartOf":{"@id":"https:\/\/bru-zane.com\/fr\/#website"},"primaryImageOfPage":{"@id":"https:\/\/bru-zane.com\/fr\/classical-radio\/#primaryimage"},"image":{"@id":"https:\/\/bru-zane.com\/classical-radio\/#primaryimage"},"thumbnailUrl":"https:\/\/bru-zane.com\/wp-content\/uploads\/2021\/12\/Miniatura-sito-web.jpg","datePublished":"2020-04-28T14:39:47+00:00","dateModified":"2021-12-15T15:14:08+00:00","description":"La red\u00e9couverte de la musique romantique fran\u00e7aise. \u00c9coutez maintenant Bru Zane Radio classique!","breadcrumb":{"@id":"https:\/\/bru-zane.com\/fr\/classical-radio\/#breadcrumb"},"inLanguage":"fr-FR","potentialAction":[{"@type":"ReadAction","target":[["https:\/\/bru-zane.com\/fr\/classical-radio\/"]]}]},{"@type":"ImageObject","inLanguage":"fr-FR","@id":"https:\/\/bru-zane.com\/fr\/classical-radio\/#primaryimage","url":"https:\/\/bru-zane.com\/wp-content\/uploads\/2021\/12\/Miniatura-sito-web.jpg","contentUrl":"https:\/\/bru-zane.com\/wp-content\/uploads\/2021\/12\/Miniatura-sito-web.jpg","width":1512,"height":1512},{"@type":"BreadcrumbList","@id":"https:\/\/bru-zane.com\/fr\/classical-radio\/#breadcrumb","itemListElement":[{"@type":"ListItem","position":1,"name":"Home","item":"https:\/\/bru-zane.com\/fr\/"},{"@type":"ListItem","position":2,"name":"Bru Zane Classical Radio"}]},{"@type":"WebSite","@id":"https:\/\/bru-zane.com\/fr\/#website","url":"https:\/\/bru-zane.com\/fr\/","name":"Palazzetto Bru Zane","description":"","publisher":{"@id":"https:\/\/bru-zane.com\/fr\/#organization"},"potentialAction":[{"@type":"SearchAction","target":{"@type":"EntryPoint","urlTemplate":"https:\/\/bru-zane.com\/fr\/?s={search_term_string}"},"query-input":{"@type":"PropertyValueSpecification","valueRequired":true,"valueName":"search_term_string"}}],"inLanguage":"fr-FR"},{"@type":"Organization","@id":"https:\/\/bru-zane.com\/fr\/#organization","name":"Palazzetto Bru Zane","url":"https:\/\/bru-zane.com\/fr\/","logo":{"@type":"ImageObject","inLanguage":"fr-FR","@id":"https:\/\/bru-zane.com\/fr\/#\/schema\/logo\/image\/","url":"https:\/\/bru-zane.com\/wp-content\/uploads\/2019\/03\/logobruzane.png","contentUrl":"https:\/\/bru-zane.com\/wp-content\/uploads\/2019\/03\/logobruzane.png","width":740,"height":1458,"caption":"Palazzetto Bru Zane"},"image":{"@id":"https:\/\/bru-zane.com\/fr\/#\/schema\/logo\/image\/"},"sameAs":["https:\/\/www.facebook.com\/PalazzettoBruZane\/","https:\/\/x.com\/BruZane","https:\/\/www.instagram.com\/palazzettobruzane\/","https:\/\/it.linkedin.com\/company\/palazzetto-bru-zane---centre-de-musique-romantique-fran-aise","https:\/\/www.youtube.com\/user\/PalazzettoBruZane","https:\/\/it.wikipedia.org\/wiki\/Palazzetto_Bru_Zane_-_Centre_de_musique_romantique_fran\u00e7aise"]}]}},"_links":{"self":[{"href":"https:\/\/bru-zane.com\/fr\/wp-json\/wp\/v2\/pages\/1837","targetHints":{"allow":["GET"]}}],"collection":[{"href":"https:\/\/bru-zane.com\/fr\/wp-json\/wp\/v2\/pages"}],"about":[{"href":"https:\/\/bru-zane.com\/fr\/wp-json\/wp\/v2\/types\/page"}],"author":[{"embeddable":true,"href":"https:\/\/bru-zane.com\/fr\/wp-json\/wp\/v2\/users\/1"}],"replies":[{"embeddable":true,"href":"https:\/\/bru-zane.com\/fr\/wp-json\/wp\/v2\/comments?post=1837"}],"version-history":[{"count":1,"href":"https:\/\/bru-zane.com\/fr\/wp-json\/wp\/v2\/pages\/1837\/revisions"}],"predecessor-version":[{"id":1838,"href":"https:\/\/bru-zane.com\/fr\/wp-json\/wp\/v2\/pages\/1837\/revisions\/1838"}],"wp:featuredmedia":[{"embeddable":true,"href":"https:\/\/bru-zane.com\/fr\/wp-json\/wp\/v2\/media\/4975"}],"wp:attachment":[{"href":"https:\/\/bru-zane.com\/fr\/wp-json\/wp\/v2\/media?parent=1837"}],"curies":[{"name":"wp","href":"https:\/\/api.w.org\/{rel}","templated":true}]}}