{"id":1625,"date":"2019-05-24T17:55:12","date_gmt":"2019-05-24T15:55:12","guid":{"rendered":"https:\/\/bru-zane.com\/?page_id=1625"},"modified":"2026-02-13T12:09:02","modified_gmt":"2026-02-13T11:09:02","slug":"visite-guidate","status":"publish","type":"page","link":"https:\/\/bru-zane.com\/fr\/scopri\/visite-guidate\/","title":{"rendered":"Visites guid\u00e9es"},"content":{"rendered":"<p>Petit bijou de l\u2019architecture v\u00e9nitienne de la fin du XVII<sup>e<\/sup> si\u00e8cle, le Palazzetto Bru Zane ouvre ses portes au public, tous <strong>les jeudis apr\u00e8s-midi<\/strong>, pour des visites guid\u00e9es gratuites.<\/p>\n<p>Pour r\u00e9server votre visite guid\u00e9e gratuite, veuillez cliquer sur les liens suivants :<br \/>\n<a href=\"https:\/\/www.eventbrite.it\/e\/visites-guidees-en-francais-du-palazzetto-bru-zane-tickets-1410319285949?aff=oddtdtcreator\">Visite guid\u00e9e gratuite en fran\u00e7ais<\/a><br \/>\n<a href=\"https:\/\/www.eventbrite.it\/e\/visite-guidate-in-italiano-del-palazzetto-bru-zane-tickets-1408794615619?aff=oddtdtcreator\">Visite guid\u00e9e gratuite en italien<\/a><br \/>\n<a href=\"https:\/\/www.eventbrite.it\/e\/guided-tours-of-the-palazzetto-bru-zane-tickets-1410377660549?aff=oddtdtcreator\">Visite guid\u00e9e gratuite en anglais<\/a><\/p>","protected":false},"excerpt":{"rendered":"<p>Petit bijou de l\u2019architecture v\u00e9nitienne de la fin du XVIIe si\u00e8cle, le Palazzetto Bru Zane ouvre ses portes au public, tous les jeudis apr\u00e8s-midi, pour des visites guid\u00e9es gratuites. Pour r\u00e9server votre visite guid\u00e9e gratuite, veuillez cliquer sur les liens suivants : Visite guid\u00e9e gratuite en fran\u00e7ais Visite guid\u00e9e gratuite en italien Visite guid\u00e9e gratuite [&hellip;]<\/p>\n","protected":false},"author":1,"featured_media":1809,"parent":703,"menu_order":0,"comment_status":"closed","ping_status":"closed","template":"template\/page-visite.php","meta":{"footnotes":""},"class_list":["post-1625","page","type-page","status-publish","has-post-thumbnail","hentry"],"yoast_head":"<!-- This site is optimized with the Yoast SEO plugin v27.3 - https:\/\/yoast.com\/product\/yoast-seo-wordpress\/ -->\n<title>Visites guid\u00e9es du Palazzetto Bru Zane<\/title>\n<meta name=\"description\" content=\"Le Palazzetto Bru Zane est ouvert au public tous les jeudis apr\u00e8s-midi avec des visites guid\u00e9es gratuites. D\u00e9couvrez les horaires et les informations pour r\u00e9server votre visite.\" \/>\n<meta name=\"robots\" content=\"index, follow, max-snippet:-1, max-image-preview:large, max-video-preview:-1\" \/>\n<link rel=\"canonical\" href=\"https:\/\/bru-zane.com\/fr\/scopri\/visite-guidate\/\" \/>\n<meta property=\"og:locale\" content=\"fr_FR\" \/>\n<meta property=\"og:type\" content=\"article\" \/>\n<meta property=\"og:title\" content=\"Visites guid\u00e9es du Palazzetto Bru Zane\" \/>\n<meta property=\"og:description\" content=\"Le Palazzetto Bru Zane est ouvert au public tous les jeudis apr\u00e8s-midi avec des visites guid\u00e9es gratuites. D\u00e9couvrez les horaires et les informations pour r\u00e9server votre visite.\" \/>\n<meta property=\"og:url\" content=\"https:\/\/bru-zane.com\/fr\/scopri\/visite-guidate\/\" \/>\n<meta property=\"og:site_name\" content=\"Palazzetto Bru Zane\" \/>\n<meta property=\"article:publisher\" content=\"https:\/\/www.facebook.com\/PalazzettoBruZane\/\" \/>\n<meta property=\"article:modified_time\" content=\"2026-02-13T11:09:02+00:00\" \/>\n<meta property=\"og:image\" content=\"https:\/\/bru-zane.com\/wp-content\/uploads\/2019\/05\/palazzetto-affresco.jpg\" \/>\n\t<meta property=\"og:image:width\" content=\"1200\" \/>\n\t<meta property=\"og:image:height\" content=\"800\" \/>\n\t<meta property=\"og:image:type\" content=\"image\/jpeg\" \/>\n<meta name=\"twitter:card\" content=\"summary_large_image\" \/>\n<meta name=\"twitter:site\" content=\"@BruZane\" \/>\n<meta name=\"twitter:label1\" content=\"Dur\u00e9e de lecture estim\u00e9e\" \/>\n\t<meta name=\"twitter:data1\" content=\"1 minute\" \/>\n<script type=\"application\/ld+json\" class=\"yoast-schema-graph\">{\"@context\":\"https:\\\/\\\/schema.org\",\"@graph\":[{\"@type\":\"WebPage\",\"@id\":\"https:\\\/\\\/bru-zane.com\\\/fr\\\/scopri\\\/visite-guidate\\\/\",\"url\":\"https:\\\/\\\/bru-zane.com\\\/fr\\\/scopri\\\/visite-guidate\\\/\",\"name\":\"Visites guid\u00e9es du Palazzetto Bru Zane\",\"isPartOf\":{\"@id\":\"https:\\\/\\\/bru-zane.com\\\/fr\\\/#website\"},\"primaryImageOfPage\":{\"@id\":\"https:\\\/\\\/bru-zane.com\\\/fr\\\/scopri\\\/visite-guidate\\\/#primaryimage\"},\"image\":{\"@id\":\"https:\\\/\\\/bru-zane.com\\\/scopri\\\/visite-guidate\\\/#primaryimage\"},\"thumbnailUrl\":\"https:\\\/\\\/bru-zane.com\\\/wp-content\\\/uploads\\\/2019\\\/05\\\/palazzetto-affresco.jpg\",\"datePublished\":\"2019-05-24T15:55:12+00:00\",\"dateModified\":\"2026-02-13T11:09:02+00:00\",\"description\":\"Le Palazzetto Bru Zane est ouvert au public tous les jeudis apr\u00e8s-midi avec des visites guid\u00e9es gratuites. D\u00e9couvrez les horaires et les informations pour r\u00e9server votre visite.\",\"breadcrumb\":{\"@id\":\"https:\\\/\\\/bru-zane.com\\\/fr\\\/scopri\\\/visite-guidate\\\/#breadcrumb\"},\"inLanguage\":\"fr-FR\",\"potentialAction\":[{\"@type\":\"ReadAction\",\"target\":[[\"https:\\\/\\\/bru-zane.com\\\/fr\\\/scopri\\\/visite-guidate\\\/\"]]}]},{\"@type\":\"ImageObject\",\"inLanguage\":\"fr-FR\",\"@id\":\"https:\\\/\\\/bru-zane.com\\\/fr\\\/scopri\\\/visite-guidate\\\/#primaryimage\",\"url\":\"https:\\\/\\\/bru-zane.com\\\/wp-content\\\/uploads\\\/2019\\\/05\\\/palazzetto-affresco.jpg\",\"contentUrl\":\"https:\\\/\\\/bru-zane.com\\\/wp-content\\\/uploads\\\/2019\\\/05\\\/palazzetto-affresco.jpg\",\"width\":1200,\"height\":800},{\"@type\":\"BreadcrumbList\",\"@id\":\"https:\\\/\\\/bru-zane.com\\\/fr\\\/scopri\\\/visite-guidate\\\/#breadcrumb\",\"itemListElement\":[{\"@type\":\"ListItem\",\"position\":1,\"name\":\"Home\",\"item\":\"https:\\\/\\\/bru-zane.com\\\/fr\\\/\"},{\"@type\":\"ListItem\",\"position\":2,\"name\":\"D\u00e9couvrir\",\"item\":\"https:\\\/\\\/bru-zane.com\\\/fr\\\/scopri\\\/\"},{\"@type\":\"ListItem\",\"position\":3,\"name\":\"Visite guidate\"}]},{\"@type\":\"WebSite\",\"@id\":\"https:\\\/\\\/bru-zane.com\\\/fr\\\/#website\",\"url\":\"https:\\\/\\\/bru-zane.com\\\/fr\\\/\",\"name\":\"Palazzetto Bru Zane\",\"description\":\"\",\"publisher\":{\"@id\":\"https:\\\/\\\/bru-zane.com\\\/fr\\\/#organization\"},\"potentialAction\":[{\"@type\":\"SearchAction\",\"target\":{\"@type\":\"EntryPoint\",\"urlTemplate\":\"https:\\\/\\\/bru-zane.com\\\/fr\\\/?s={search_term_string}\"},\"query-input\":{\"@type\":\"PropertyValueSpecification\",\"valueRequired\":true,\"valueName\":\"search_term_string\"}}],\"inLanguage\":\"fr-FR\"},{\"@type\":\"Organization\",\"@id\":\"https:\\\/\\\/bru-zane.com\\\/fr\\\/#organization\",\"name\":\"Palazzetto Bru Zane\",\"url\":\"https:\\\/\\\/bru-zane.com\\\/fr\\\/\",\"logo\":{\"@type\":\"ImageObject\",\"inLanguage\":\"fr-FR\",\"@id\":\"https:\\\/\\\/bru-zane.com\\\/fr\\\/#\\\/schema\\\/logo\\\/image\\\/\",\"url\":\"https:\\\/\\\/bru-zane.com\\\/wp-content\\\/uploads\\\/2019\\\/03\\\/logobruzane.png\",\"contentUrl\":\"https:\\\/\\\/bru-zane.com\\\/wp-content\\\/uploads\\\/2019\\\/03\\\/logobruzane.png\",\"width\":740,\"height\":1458,\"caption\":\"Palazzetto Bru Zane\"},\"image\":{\"@id\":\"https:\\\/\\\/bru-zane.com\\\/fr\\\/#\\\/schema\\\/logo\\\/image\\\/\"},\"sameAs\":[\"https:\\\/\\\/www.facebook.com\\\/PalazzettoBruZane\\\/\",\"https:\\\/\\\/x.com\\\/BruZane\",\"https:\\\/\\\/www.instagram.com\\\/palazzettobruzane\\\/\",\"https:\\\/\\\/it.linkedin.com\\\/company\\\/palazzetto-bru-zane---centre-de-musique-romantique-fran-aise\",\"https:\\\/\\\/www.youtube.com\\\/user\\\/PalazzettoBruZane\",\"https:\\\/\\\/it.wikipedia.org\\\/wiki\\\/Palazzetto_Bru_Zane_-_Centre_de_musique_romantique_fran\u00e7aise\"]}]}<\/script>\n<!-- \/ Yoast SEO plugin. -->","yoast_head_json":{"title":"Visites guid\u00e9es du Palazzetto Bru Zane","description":"Le Palazzetto Bru Zane est ouvert au public tous les jeudis apr\u00e8s-midi avec des visites guid\u00e9es gratuites. D\u00e9couvrez les horaires et les informations pour r\u00e9server votre visite.","robots":{"index":"index","follow":"follow","max-snippet":"max-snippet:-1","max-image-preview":"max-image-preview:large","max-video-preview":"max-video-preview:-1"},"canonical":"https:\/\/bru-zane.com\/fr\/scopri\/visite-guidate\/","og_locale":"fr_FR","og_type":"article","og_title":"Visites guid\u00e9es du Palazzetto Bru Zane","og_description":"Le Palazzetto Bru Zane est ouvert au public tous les jeudis apr\u00e8s-midi avec des visites guid\u00e9es gratuites. D\u00e9couvrez les horaires et les informations pour r\u00e9server votre visite.","og_url":"https:\/\/bru-zane.com\/fr\/scopri\/visite-guidate\/","og_site_name":"Palazzetto Bru Zane","article_publisher":"https:\/\/www.facebook.com\/PalazzettoBruZane\/","article_modified_time":"2026-02-13T11:09:02+00:00","og_image":[{"width":1200,"height":800,"url":"https:\/\/bru-zane.com\/wp-content\/uploads\/2019\/05\/palazzetto-affresco.jpg","type":"image\/jpeg"}],"twitter_card":"summary_large_image","twitter_site":"@BruZane","twitter_misc":{"Dur\u00e9e de lecture estim\u00e9e":"1 minute"},"schema":{"@context":"https:\/\/schema.org","@graph":[{"@type":"WebPage","@id":"https:\/\/bru-zane.com\/fr\/scopri\/visite-guidate\/","url":"https:\/\/bru-zane.com\/fr\/scopri\/visite-guidate\/","name":"Visites guid\u00e9es du Palazzetto Bru Zane","isPartOf":{"@id":"https:\/\/bru-zane.com\/fr\/#website"},"primaryImageOfPage":{"@id":"https:\/\/bru-zane.com\/fr\/scopri\/visite-guidate\/#primaryimage"},"image":{"@id":"https:\/\/bru-zane.com\/scopri\/visite-guidate\/#primaryimage"},"thumbnailUrl":"https:\/\/bru-zane.com\/wp-content\/uploads\/2019\/05\/palazzetto-affresco.jpg","datePublished":"2019-05-24T15:55:12+00:00","dateModified":"2026-02-13T11:09:02+00:00","description":"Le Palazzetto Bru Zane est ouvert au public tous les jeudis apr\u00e8s-midi avec des visites guid\u00e9es gratuites. D\u00e9couvrez les horaires et les informations pour r\u00e9server votre visite.","breadcrumb":{"@id":"https:\/\/bru-zane.com\/fr\/scopri\/visite-guidate\/#breadcrumb"},"inLanguage":"fr-FR","potentialAction":[{"@type":"ReadAction","target":[["https:\/\/bru-zane.com\/fr\/scopri\/visite-guidate\/"]]}]},{"@type":"ImageObject","inLanguage":"fr-FR","@id":"https:\/\/bru-zane.com\/fr\/scopri\/visite-guidate\/#primaryimage","url":"https:\/\/bru-zane.com\/wp-content\/uploads\/2019\/05\/palazzetto-affresco.jpg","contentUrl":"https:\/\/bru-zane.com\/wp-content\/uploads\/2019\/05\/palazzetto-affresco.jpg","width":1200,"height":800},{"@type":"BreadcrumbList","@id":"https:\/\/bru-zane.com\/fr\/scopri\/visite-guidate\/#breadcrumb","itemListElement":[{"@type":"ListItem","position":1,"name":"Home","item":"https:\/\/bru-zane.com\/fr\/"},{"@type":"ListItem","position":2,"name":"D\u00e9couvrir","item":"https:\/\/bru-zane.com\/fr\/scopri\/"},{"@type":"ListItem","position":3,"name":"Visite guidate"}]},{"@type":"WebSite","@id":"https:\/\/bru-zane.com\/fr\/#website","url":"https:\/\/bru-zane.com\/fr\/","name":"Palazzetto Bru Zane","description":"","publisher":{"@id":"https:\/\/bru-zane.com\/fr\/#organization"},"potentialAction":[{"@type":"SearchAction","target":{"@type":"EntryPoint","urlTemplate":"https:\/\/bru-zane.com\/fr\/?s={search_term_string}"},"query-input":{"@type":"PropertyValueSpecification","valueRequired":true,"valueName":"search_term_string"}}],"inLanguage":"fr-FR"},{"@type":"Organization","@id":"https:\/\/bru-zane.com\/fr\/#organization","name":"Palazzetto Bru Zane","url":"https:\/\/bru-zane.com\/fr\/","logo":{"@type":"ImageObject","inLanguage":"fr-FR","@id":"https:\/\/bru-zane.com\/fr\/#\/schema\/logo\/image\/","url":"https:\/\/bru-zane.com\/wp-content\/uploads\/2019\/03\/logobruzane.png","contentUrl":"https:\/\/bru-zane.com\/wp-content\/uploads\/2019\/03\/logobruzane.png","width":740,"height":1458,"caption":"Palazzetto Bru Zane"},"image":{"@id":"https:\/\/bru-zane.com\/fr\/#\/schema\/logo\/image\/"},"sameAs":["https:\/\/www.facebook.com\/PalazzettoBruZane\/","https:\/\/x.com\/BruZane","https:\/\/www.instagram.com\/palazzettobruzane\/","https:\/\/it.linkedin.com\/company\/palazzetto-bru-zane---centre-de-musique-romantique-fran-aise","https:\/\/www.youtube.com\/user\/PalazzettoBruZane","https:\/\/it.wikipedia.org\/wiki\/Palazzetto_Bru_Zane_-_Centre_de_musique_romantique_fran\u00e7aise"]}]}},"_links":{"self":[{"href":"https:\/\/bru-zane.com\/fr\/wp-json\/wp\/v2\/pages\/1625","targetHints":{"allow":["GET"]}}],"collection":[{"href":"https:\/\/bru-zane.com\/fr\/wp-json\/wp\/v2\/pages"}],"about":[{"href":"https:\/\/bru-zane.com\/fr\/wp-json\/wp\/v2\/types\/page"}],"author":[{"embeddable":true,"href":"https:\/\/bru-zane.com\/fr\/wp-json\/wp\/v2\/users\/1"}],"replies":[{"embeddable":true,"href":"https:\/\/bru-zane.com\/fr\/wp-json\/wp\/v2\/comments?post=1625"}],"version-history":[{"count":3,"href":"https:\/\/bru-zane.com\/fr\/wp-json\/wp\/v2\/pages\/1625\/revisions"}],"predecessor-version":[{"id":7711,"href":"https:\/\/bru-zane.com\/fr\/wp-json\/wp\/v2\/pages\/1625\/revisions\/7711"}],"up":[{"embeddable":true,"href":"https:\/\/bru-zane.com\/fr\/wp-json\/wp\/v2\/pages\/703"}],"wp:featuredmedia":[{"embeddable":true,"href":"https:\/\/bru-zane.com\/fr\/wp-json\/wp\/v2\/media\/1809"}],"wp:attachment":[{"href":"https:\/\/bru-zane.com\/fr\/wp-json\/wp\/v2\/media?parent=1625"}],"curies":[{"name":"wp","href":"https:\/\/api.w.org\/{rel}","templated":true}]}}