{"id":1600,"date":"2019-05-24T17:53:47","date_gmt":"2019-05-24T15:53:47","guid":{"rendered":"https:\/\/bru-zane.com\/?page_id=1600"},"modified":"2021-07-02T15:18:27","modified_gmt":"2021-07-02T13:18:27","slug":"stagione-2020-2021","status":"publish","type":"page","link":"https:\/\/bru-zane.com\/fr\/scopri\/stagione-2020-2021\/","title":{"rendered":"La Saison"},"content":{"rendered":"<p>Apr\u00e8s onze ann\u00e9es d\u2019activit\u00e9, le Palazzetto Bru Zane continue son action en faveur de la (re)d\u00e9couverte et de la diffusion du patrimoine musical fran\u00e7ais du grand XIX<sup>e<\/sup> si\u00e8cle avec de nouvelles aventures enthousiasmantes. Consacr\u00e9e \u00e0 <a href=\"https:\/\/bru-zane.com\/ciclo\/ciclocamille-saint-saens-luomo-orchestra\/\">Camille Saint-Sa\u00ebns<\/a>, la premi\u00e8re th\u00e9matique de la saison permettra de reconsid\u00e9rer plus finement un compositeur dont le catalogue est aussi vari\u00e9 qu\u2019original, avec un festival qui lui sera d\u00e9di\u00e9 \u00e0 Venise en automne et plusieurs rendez-vous qui mettront en lumi\u00e8re toutes les facettes de son r\u00e9pertoire lyrique. <\/p>","protected":false},"excerpt":{"rendered":"<p>Apr\u00e8s onze ann\u00e9es d\u2019activit\u00e9, le Palazzetto Bru Zane continue son action en faveur de la (re)d\u00e9couverte et de la diffusion du patrimoine musical fran\u00e7ais du grand XIXe si\u00e8cle avec de nouvelles aventures enthousiasmantes. Consacr\u00e9e \u00e0 Camille Saint-Sa\u00ebns, la premi\u00e8re th\u00e9matique de la saison permettra de reconsid\u00e9rer plus finement un compositeur dont le catalogue est aussi [&hellip;]<\/p>\n","protected":false},"author":1,"featured_media":4253,"parent":703,"menu_order":0,"comment_status":"closed","ping_status":"closed","template":"template\/page-stagione.php","meta":{"footnotes":""},"class_list":["post-1600","page","type-page","status-publish","has-post-thumbnail","hentry"],"yoast_head":"<!-- This site is optimized with the Yoast SEO plugin v27.5 - https:\/\/yoast.com\/product\/yoast-seo-wordpress\/ -->\n<title>La Saison 2020-2021 - Palazzetto Bru Zane La Stagione al Palazzetto Bru Zane<\/title>\n<meta name=\"description\" content=\"2026 - Dopo undici anni di attivit\u00e0, il Palazzetto Bru Zane continua la propria attivit\u00e0 a favore della (ri)scoperta e della diffusione del patrimonio musicale\" \/>\n<meta name=\"robots\" content=\"index, follow, max-snippet:-1, max-image-preview:large, max-video-preview:-1\" \/>\n<link rel=\"canonical\" href=\"https:\/\/bru-zane.com\/fr\/scopri\/stagione-2020-2021\/\" \/>\n<meta property=\"og:locale\" content=\"fr_FR\" \/>\n<meta property=\"og:type\" content=\"article\" \/>\n<meta property=\"og:title\" content=\"La Saison 2020-2021 - Palazzetto Bru Zane La Stagione al Palazzetto Bru Zane\" \/>\n<meta property=\"og:description\" content=\"2026 - Dopo undici anni di attivit\u00e0, il Palazzetto Bru Zane continua la propria attivit\u00e0 a favore della (ri)scoperta e della diffusione del patrimonio musicale\" \/>\n<meta property=\"og:url\" content=\"https:\/\/bru-zane.com\/fr\/scopri\/stagione-2020-2021\/\" \/>\n<meta property=\"og:site_name\" content=\"Palazzetto Bru Zane\" \/>\n<meta property=\"article:publisher\" content=\"https:\/\/www.facebook.com\/PalazzettoBruZane\/\" \/>\n<meta property=\"article:modified_time\" content=\"2021-07-02T13:18:27+00:00\" \/>\n<meta property=\"og:image\" content=\"https:\/\/bru-zane.com\/wp-content\/uploads\/2020\/08\/bg-stagione-20-21.jpg\" \/>\n\t<meta property=\"og:image:width\" content=\"1920\" \/>\n\t<meta property=\"og:image:height\" content=\"1067\" \/>\n\t<meta property=\"og:image:type\" content=\"image\/jpeg\" \/>\n<meta name=\"twitter:card\" content=\"summary_large_image\" \/>\n<meta name=\"twitter:site\" content=\"@BruZane\" \/>\n<meta name=\"twitter:label1\" content=\"Dur\u00e9e de lecture estim\u00e9e\" \/>\n\t<meta name=\"twitter:data1\" content=\"1 minute\" \/>\n<script type=\"application\/ld+json\" class=\"yoast-schema-graph\">{\"@context\":\"https:\\\/\\\/schema.org\",\"@graph\":[{\"@type\":\"WebPage\",\"@id\":\"https:\\\/\\\/bru-zane.com\\\/fr\\\/scopri\\\/stagione-2020-2021\\\/\",\"url\":\"https:\\\/\\\/bru-zane.com\\\/fr\\\/scopri\\\/stagione-2020-2021\\\/\",\"name\":\"La Saison 2020-2021 - Palazzetto Bru Zane La Stagione al Palazzetto Bru Zane\",\"isPartOf\":{\"@id\":\"https:\\\/\\\/bru-zane.com\\\/fr\\\/#website\"},\"primaryImageOfPage\":{\"@id\":\"https:\\\/\\\/bru-zane.com\\\/fr\\\/scopri\\\/stagione-2020-2021\\\/#primaryimage\"},\"image\":{\"@id\":\"https:\\\/\\\/bru-zane.com\\\/scopri\\\/stagione-2020-2021\\\/#primaryimage\"},\"thumbnailUrl\":\"https:\\\/\\\/bru-zane.com\\\/wp-content\\\/uploads\\\/2020\\\/08\\\/bg-stagione-20-21.jpg\",\"datePublished\":\"2019-05-24T15:53:47+00:00\",\"dateModified\":\"2021-07-02T13:18:27+00:00\",\"description\":\"2026 - Dopo undici anni di attivit\u00e0, il Palazzetto Bru Zane continua la propria attivit\u00e0 a favore della (ri)scoperta e della diffusione del patrimonio musicale\",\"breadcrumb\":{\"@id\":\"https:\\\/\\\/bru-zane.com\\\/fr\\\/scopri\\\/stagione-2020-2021\\\/#breadcrumb\"},\"inLanguage\":\"fr-FR\",\"potentialAction\":[{\"@type\":\"ReadAction\",\"target\":[[\"https:\\\/\\\/bru-zane.com\\\/fr\\\/scopri\\\/stagione-2020-2021\\\/\"]]}]},{\"@type\":\"ImageObject\",\"inLanguage\":\"fr-FR\",\"@id\":\"https:\\\/\\\/bru-zane.com\\\/fr\\\/scopri\\\/stagione-2020-2021\\\/#primaryimage\",\"url\":\"https:\\\/\\\/bru-zane.com\\\/wp-content\\\/uploads\\\/2020\\\/08\\\/bg-stagione-20-21.jpg\",\"contentUrl\":\"https:\\\/\\\/bru-zane.com\\\/wp-content\\\/uploads\\\/2020\\\/08\\\/bg-stagione-20-21.jpg\",\"width\":1920,\"height\":1067},{\"@type\":\"BreadcrumbList\",\"@id\":\"https:\\\/\\\/bru-zane.com\\\/fr\\\/scopri\\\/stagione-2020-2021\\\/#breadcrumb\",\"itemListElement\":[{\"@type\":\"ListItem\",\"position\":1,\"name\":\"Home\",\"item\":\"https:\\\/\\\/bru-zane.com\\\/fr\\\/\"},{\"@type\":\"ListItem\",\"position\":2,\"name\":\"D\u00e9couvrir\",\"item\":\"https:\\\/\\\/bru-zane.com\\\/fr\\\/scopri\\\/\"},{\"@type\":\"ListItem\",\"position\":3,\"name\":\"La Stagione\"}]},{\"@type\":\"WebSite\",\"@id\":\"https:\\\/\\\/bru-zane.com\\\/fr\\\/#website\",\"url\":\"https:\\\/\\\/bru-zane.com\\\/fr\\\/\",\"name\":\"Palazzetto Bru Zane\",\"description\":\"\",\"publisher\":{\"@id\":\"https:\\\/\\\/bru-zane.com\\\/fr\\\/#organization\"},\"potentialAction\":[{\"@type\":\"SearchAction\",\"target\":{\"@type\":\"EntryPoint\",\"urlTemplate\":\"https:\\\/\\\/bru-zane.com\\\/fr\\\/?s={search_term_string}\"},\"query-input\":{\"@type\":\"PropertyValueSpecification\",\"valueRequired\":true,\"valueName\":\"search_term_string\"}}],\"inLanguage\":\"fr-FR\"},{\"@type\":\"Organization\",\"@id\":\"https:\\\/\\\/bru-zane.com\\\/fr\\\/#organization\",\"name\":\"Palazzetto Bru Zane\",\"url\":\"https:\\\/\\\/bru-zane.com\\\/fr\\\/\",\"logo\":{\"@type\":\"ImageObject\",\"inLanguage\":\"fr-FR\",\"@id\":\"https:\\\/\\\/bru-zane.com\\\/fr\\\/#\\\/schema\\\/logo\\\/image\\\/\",\"url\":\"https:\\\/\\\/bru-zane.com\\\/wp-content\\\/uploads\\\/2019\\\/03\\\/logobruzane.png\",\"contentUrl\":\"https:\\\/\\\/bru-zane.com\\\/wp-content\\\/uploads\\\/2019\\\/03\\\/logobruzane.png\",\"width\":740,\"height\":1458,\"caption\":\"Palazzetto Bru Zane\"},\"image\":{\"@id\":\"https:\\\/\\\/bru-zane.com\\\/fr\\\/#\\\/schema\\\/logo\\\/image\\\/\"},\"sameAs\":[\"https:\\\/\\\/www.facebook.com\\\/PalazzettoBruZane\\\/\",\"https:\\\/\\\/x.com\\\/BruZane\",\"https:\\\/\\\/www.instagram.com\\\/palazzettobruzane\\\/\",\"https:\\\/\\\/it.linkedin.com\\\/company\\\/palazzetto-bru-zane---centre-de-musique-romantique-fran-aise\",\"https:\\\/\\\/www.youtube.com\\\/user\\\/PalazzettoBruZane\",\"https:\\\/\\\/it.wikipedia.org\\\/wiki\\\/Palazzetto_Bru_Zane_-_Centre_de_musique_romantique_fran\u00e7aise\"]}]}<\/script>\n<!-- \/ Yoast SEO plugin. -->","yoast_head_json":{"title":"La Saison 2020-2021 - Palazzetto Bru Zane La Stagione al Palazzetto Bru Zane","description":"2026 - Dopo undici anni di attivit\u00e0, il Palazzetto Bru Zane continua la propria attivit\u00e0 a favore della (ri)scoperta e della diffusione del patrimonio musicale","robots":{"index":"index","follow":"follow","max-snippet":"max-snippet:-1","max-image-preview":"max-image-preview:large","max-video-preview":"max-video-preview:-1"},"canonical":"https:\/\/bru-zane.com\/fr\/scopri\/stagione-2020-2021\/","og_locale":"fr_FR","og_type":"article","og_title":"La Saison 2020-2021 - Palazzetto Bru Zane La Stagione al Palazzetto Bru Zane","og_description":"2026 - Dopo undici anni di attivit\u00e0, il Palazzetto Bru Zane continua la propria attivit\u00e0 a favore della (ri)scoperta e della diffusione del patrimonio musicale","og_url":"https:\/\/bru-zane.com\/fr\/scopri\/stagione-2020-2021\/","og_site_name":"Palazzetto Bru Zane","article_publisher":"https:\/\/www.facebook.com\/PalazzettoBruZane\/","article_modified_time":"2021-07-02T13:18:27+00:00","og_image":[{"width":1920,"height":1067,"url":"https:\/\/bru-zane.com\/wp-content\/uploads\/2020\/08\/bg-stagione-20-21.jpg","type":"image\/jpeg"}],"twitter_card":"summary_large_image","twitter_site":"@BruZane","twitter_misc":{"Dur\u00e9e de lecture estim\u00e9e":"1 minute"},"schema":{"@context":"https:\/\/schema.org","@graph":[{"@type":"WebPage","@id":"https:\/\/bru-zane.com\/fr\/scopri\/stagione-2020-2021\/","url":"https:\/\/bru-zane.com\/fr\/scopri\/stagione-2020-2021\/","name":"La Saison 2020-2021 - Palazzetto Bru Zane La Stagione al Palazzetto Bru Zane","isPartOf":{"@id":"https:\/\/bru-zane.com\/fr\/#website"},"primaryImageOfPage":{"@id":"https:\/\/bru-zane.com\/fr\/scopri\/stagione-2020-2021\/#primaryimage"},"image":{"@id":"https:\/\/bru-zane.com\/scopri\/stagione-2020-2021\/#primaryimage"},"thumbnailUrl":"https:\/\/bru-zane.com\/wp-content\/uploads\/2020\/08\/bg-stagione-20-21.jpg","datePublished":"2019-05-24T15:53:47+00:00","dateModified":"2021-07-02T13:18:27+00:00","description":"2026 - Dopo undici anni di attivit\u00e0, il Palazzetto Bru Zane continua la propria attivit\u00e0 a favore della (ri)scoperta e della diffusione del patrimonio musicale","breadcrumb":{"@id":"https:\/\/bru-zane.com\/fr\/scopri\/stagione-2020-2021\/#breadcrumb"},"inLanguage":"fr-FR","potentialAction":[{"@type":"ReadAction","target":[["https:\/\/bru-zane.com\/fr\/scopri\/stagione-2020-2021\/"]]}]},{"@type":"ImageObject","inLanguage":"fr-FR","@id":"https:\/\/bru-zane.com\/fr\/scopri\/stagione-2020-2021\/#primaryimage","url":"https:\/\/bru-zane.com\/wp-content\/uploads\/2020\/08\/bg-stagione-20-21.jpg","contentUrl":"https:\/\/bru-zane.com\/wp-content\/uploads\/2020\/08\/bg-stagione-20-21.jpg","width":1920,"height":1067},{"@type":"BreadcrumbList","@id":"https:\/\/bru-zane.com\/fr\/scopri\/stagione-2020-2021\/#breadcrumb","itemListElement":[{"@type":"ListItem","position":1,"name":"Home","item":"https:\/\/bru-zane.com\/fr\/"},{"@type":"ListItem","position":2,"name":"D\u00e9couvrir","item":"https:\/\/bru-zane.com\/fr\/scopri\/"},{"@type":"ListItem","position":3,"name":"La Stagione"}]},{"@type":"WebSite","@id":"https:\/\/bru-zane.com\/fr\/#website","url":"https:\/\/bru-zane.com\/fr\/","name":"Palazzetto Bru Zane","description":"","publisher":{"@id":"https:\/\/bru-zane.com\/fr\/#organization"},"potentialAction":[{"@type":"SearchAction","target":{"@type":"EntryPoint","urlTemplate":"https:\/\/bru-zane.com\/fr\/?s={search_term_string}"},"query-input":{"@type":"PropertyValueSpecification","valueRequired":true,"valueName":"search_term_string"}}],"inLanguage":"fr-FR"},{"@type":"Organization","@id":"https:\/\/bru-zane.com\/fr\/#organization","name":"Palazzetto Bru Zane","url":"https:\/\/bru-zane.com\/fr\/","logo":{"@type":"ImageObject","inLanguage":"fr-FR","@id":"https:\/\/bru-zane.com\/fr\/#\/schema\/logo\/image\/","url":"https:\/\/bru-zane.com\/wp-content\/uploads\/2019\/03\/logobruzane.png","contentUrl":"https:\/\/bru-zane.com\/wp-content\/uploads\/2019\/03\/logobruzane.png","width":740,"height":1458,"caption":"Palazzetto Bru Zane"},"image":{"@id":"https:\/\/bru-zane.com\/fr\/#\/schema\/logo\/image\/"},"sameAs":["https:\/\/www.facebook.com\/PalazzettoBruZane\/","https:\/\/x.com\/BruZane","https:\/\/www.instagram.com\/palazzettobruzane\/","https:\/\/it.linkedin.com\/company\/palazzetto-bru-zane---centre-de-musique-romantique-fran-aise","https:\/\/www.youtube.com\/user\/PalazzettoBruZane","https:\/\/it.wikipedia.org\/wiki\/Palazzetto_Bru_Zane_-_Centre_de_musique_romantique_fran\u00e7aise"]}]}},"_links":{"self":[{"href":"https:\/\/bru-zane.com\/fr\/wp-json\/wp\/v2\/pages\/1600","targetHints":{"allow":["GET"]}}],"collection":[{"href":"https:\/\/bru-zane.com\/fr\/wp-json\/wp\/v2\/pages"}],"about":[{"href":"https:\/\/bru-zane.com\/fr\/wp-json\/wp\/v2\/types\/page"}],"author":[{"embeddable":true,"href":"https:\/\/bru-zane.com\/fr\/wp-json\/wp\/v2\/users\/1"}],"replies":[{"embeddable":true,"href":"https:\/\/bru-zane.com\/fr\/wp-json\/wp\/v2\/comments?post=1600"}],"version-history":[{"count":2,"href":"https:\/\/bru-zane.com\/fr\/wp-json\/wp\/v2\/pages\/1600\/revisions"}],"predecessor-version":[{"id":4289,"href":"https:\/\/bru-zane.com\/fr\/wp-json\/wp\/v2\/pages\/1600\/revisions\/4289"}],"up":[{"embeddable":true,"href":"https:\/\/bru-zane.com\/fr\/wp-json\/wp\/v2\/pages\/703"}],"wp:featuredmedia":[{"embeddable":true,"href":"https:\/\/bru-zane.com\/fr\/wp-json\/wp\/v2\/media\/4253"}],"wp:attachment":[{"href":"https:\/\/bru-zane.com\/fr\/wp-json\/wp\/v2\/media?parent=1600"}],"curies":[{"name":"wp","href":"https:\/\/api.w.org\/{rel}","templated":true}]}}