{"id":7379,"date":"2025-06-24T11:48:00","date_gmt":"2025-06-24T09:48:00","guid":{"rendered":"https:\/\/bru-zane.com\/?page_id=7379"},"modified":"2025-07-01T10:06:31","modified_gmt":"2025-07-01T08:06:31","slug":"la-stagione-2025-2026","status":"publish","type":"page","link":"https:\/\/bru-zane.com\/en\/scopri\/la-stagione-2025-2026\/","title":{"rendered":"The Season 2025-2026"},"content":{"rendered":"<p>During the 2025-26 season the Palazzetto Bru Zane will be celebrating two extraordinary figures of the nineteenth century: the singer, librettist and composer Herv\u00e9, on the bicentenary of his birth, and the pianist, publisher and composer Louise Farrenc, who died 150 years ago. Two perfectly complementary figures. <em>Op\u00e9rette<\/em> and <em>op\u00e9ra-bouffe<\/em> were Herv\u00e9\u2019s main expressive focus, while Louise Farrenc devoted herself exclusively to serious instrumental genres. Herv\u00e9 remained constantly on the fringes of the official institutions (he dreamed of having a work performed at the Op\u00e9ra-Comique, but that was not to be); Farrenc, however, became a professor at the Paris Conservatoire, was twice winner of the Prix Chartier for her chamber music, and heard her symphonic works performed at the Soci\u00e9t\u00e9 des Concerts du Conservatoire. Through these two very different personalities, we shall be exploring in the course of the season two fascinating chapters in the history of music.<\/p>","protected":false},"excerpt":{"rendered":"<p>During the 2025-26 season the Palazzetto Bru Zane will be celebrating two extraordinary figures of the nineteenth century: the singer, librettist and composer Herv\u00e9, on the bicentenary of his birth, and the pianist, publisher and composer Louise Farrenc, who died 150 years ago. Two perfectly complementary figures. Op\u00e9rette and op\u00e9ra-bouffe were Herv\u00e9\u2019s main expressive focus, [&hellip;]<\/p>\n","protected":false},"author":4,"featured_media":7426,"parent":703,"menu_order":0,"comment_status":"closed","ping_status":"closed","template":"template\/page-stagione.php","meta":{"footnotes":""},"class_list":["post-7379","page","type-page","status-publish","has-post-thumbnail","hentry"],"yoast_head":"<!-- This site is optimized with the Yoast SEO plugin v27.3 - https:\/\/yoast.com\/product\/yoast-seo-wordpress\/ -->\n<title>The Season at the Palazzetto Bru Zane<\/title>\n<meta name=\"description\" content=\"2026 - Nel corso della stagione 2025-2026, il Palazzetto Bru Zane celebra due figure atipiche del XIX secolo che si possono considerare opposte e complementari:\" \/>\n<meta name=\"robots\" content=\"index, follow, max-snippet:-1, max-image-preview:large, max-video-preview:-1\" \/>\n<link rel=\"canonical\" href=\"https:\/\/bru-zane.com\/en\/scopri\/la-stagione-2025-2026\/\" \/>\n<meta property=\"og:locale\" content=\"en_US\" \/>\n<meta property=\"og:type\" content=\"article\" \/>\n<meta property=\"og:title\" content=\"The Season at the Palazzetto Bru Zane\" \/>\n<meta property=\"og:description\" content=\"2026 - Nel corso della stagione 2025-2026, il Palazzetto Bru Zane celebra due figure atipiche del XIX secolo che si possono considerare opposte e complementari:\" \/>\n<meta property=\"og:url\" content=\"https:\/\/bru-zane.com\/en\/scopri\/la-stagione-2025-2026\/\" \/>\n<meta property=\"og:site_name\" content=\"Palazzetto Bru Zane\" \/>\n<meta property=\"article:publisher\" content=\"https:\/\/www.facebook.com\/PalazzettoBruZane\/\" \/>\n<meta property=\"article:modified_time\" content=\"2025-07-01T08:06:31+00:00\" \/>\n<meta property=\"og:image\" content=\"https:\/\/bru-zane.com\/wp-content\/uploads\/2025\/06\/Saison-25-26.jpg\" \/>\n\t<meta property=\"og:image:width\" content=\"1920\" \/>\n\t<meta property=\"og:image:height\" content=\"1080\" \/>\n\t<meta property=\"og:image:type\" content=\"image\/jpeg\" \/>\n<meta name=\"twitter:card\" content=\"summary_large_image\" \/>\n<meta name=\"twitter:site\" content=\"@BruZane\" \/>\n<meta name=\"twitter:label1\" content=\"Est. reading time\" \/>\n\t<meta name=\"twitter:data1\" content=\"1 minute\" \/>\n<script type=\"application\/ld+json\" class=\"yoast-schema-graph\">{\"@context\":\"https:\\\/\\\/schema.org\",\"@graph\":[{\"@type\":\"WebPage\",\"@id\":\"https:\\\/\\\/bru-zane.com\\\/en\\\/scopri\\\/la-stagione-2025-2026\\\/\",\"url\":\"https:\\\/\\\/bru-zane.com\\\/en\\\/scopri\\\/la-stagione-2025-2026\\\/\",\"name\":\"The Season at the Palazzetto Bru Zane\",\"isPartOf\":{\"@id\":\"https:\\\/\\\/bru-zane.com\\\/en\\\/#website\"},\"primaryImageOfPage\":{\"@id\":\"https:\\\/\\\/bru-zane.com\\\/en\\\/scopri\\\/la-stagione-2025-2026\\\/#primaryimage\"},\"image\":{\"@id\":\"https:\\\/\\\/bru-zane.com\\\/scopri\\\/la-stagione-2025-2026\\\/#primaryimage\"},\"thumbnailUrl\":\"https:\\\/\\\/bru-zane.com\\\/wp-content\\\/uploads\\\/2025\\\/06\\\/Saison-25-26.jpg\",\"datePublished\":\"2025-06-24T09:48:00+00:00\",\"dateModified\":\"2025-07-01T08:06:31+00:00\",\"description\":\"2026 - Nel corso della stagione 2025-2026, il Palazzetto Bru Zane celebra due figure atipiche del XIX secolo che si possono considerare opposte e complementari:\",\"breadcrumb\":{\"@id\":\"https:\\\/\\\/bru-zane.com\\\/en\\\/scopri\\\/la-stagione-2025-2026\\\/#breadcrumb\"},\"inLanguage\":\"en-US\",\"potentialAction\":[{\"@type\":\"ReadAction\",\"target\":[[\"https:\\\/\\\/bru-zane.com\\\/en\\\/scopri\\\/la-stagione-2025-2026\\\/\"]]}]},{\"@type\":\"ImageObject\",\"inLanguage\":\"en-US\",\"@id\":\"https:\\\/\\\/bru-zane.com\\\/en\\\/scopri\\\/la-stagione-2025-2026\\\/#primaryimage\",\"url\":\"https:\\\/\\\/bru-zane.com\\\/wp-content\\\/uploads\\\/2025\\\/06\\\/Saison-25-26.jpg\",\"contentUrl\":\"https:\\\/\\\/bru-zane.com\\\/wp-content\\\/uploads\\\/2025\\\/06\\\/Saison-25-26.jpg\",\"width\":1920,\"height\":1080},{\"@type\":\"BreadcrumbList\",\"@id\":\"https:\\\/\\\/bru-zane.com\\\/en\\\/scopri\\\/la-stagione-2025-2026\\\/#breadcrumb\",\"itemListElement\":[{\"@type\":\"ListItem\",\"position\":1,\"name\":\"Home\",\"item\":\"https:\\\/\\\/bru-zane.com\\\/en\\\/\"},{\"@type\":\"ListItem\",\"position\":2,\"name\":\"D\u00e9couvrir\",\"item\":\"https:\\\/\\\/bru-zane.com\\\/en\\\/scopri\\\/\"},{\"@type\":\"ListItem\",\"position\":3,\"name\":\"La Saison 2025-2026\"}]},{\"@type\":\"WebSite\",\"@id\":\"https:\\\/\\\/bru-zane.com\\\/en\\\/#website\",\"url\":\"https:\\\/\\\/bru-zane.com\\\/en\\\/\",\"name\":\"Palazzetto Bru Zane\",\"description\":\"\",\"publisher\":{\"@id\":\"https:\\\/\\\/bru-zane.com\\\/en\\\/#organization\"},\"potentialAction\":[{\"@type\":\"SearchAction\",\"target\":{\"@type\":\"EntryPoint\",\"urlTemplate\":\"https:\\\/\\\/bru-zane.com\\\/en\\\/?s={search_term_string}\"},\"query-input\":{\"@type\":\"PropertyValueSpecification\",\"valueRequired\":true,\"valueName\":\"search_term_string\"}}],\"inLanguage\":\"en-US\"},{\"@type\":\"Organization\",\"@id\":\"https:\\\/\\\/bru-zane.com\\\/en\\\/#organization\",\"name\":\"Palazzetto Bru Zane\",\"url\":\"https:\\\/\\\/bru-zane.com\\\/en\\\/\",\"logo\":{\"@type\":\"ImageObject\",\"inLanguage\":\"en-US\",\"@id\":\"https:\\\/\\\/bru-zane.com\\\/en\\\/#\\\/schema\\\/logo\\\/image\\\/\",\"url\":\"https:\\\/\\\/bru-zane.com\\\/wp-content\\\/uploads\\\/2019\\\/03\\\/logobruzane.png\",\"contentUrl\":\"https:\\\/\\\/bru-zane.com\\\/wp-content\\\/uploads\\\/2019\\\/03\\\/logobruzane.png\",\"width\":740,\"height\":1458,\"caption\":\"Palazzetto Bru Zane\"},\"image\":{\"@id\":\"https:\\\/\\\/bru-zane.com\\\/en\\\/#\\\/schema\\\/logo\\\/image\\\/\"},\"sameAs\":[\"https:\\\/\\\/www.facebook.com\\\/PalazzettoBruZane\\\/\",\"https:\\\/\\\/x.com\\\/BruZane\",\"https:\\\/\\\/www.instagram.com\\\/palazzettobruzane\\\/\",\"https:\\\/\\\/it.linkedin.com\\\/company\\\/palazzetto-bru-zane---centre-de-musique-romantique-fran-aise\",\"https:\\\/\\\/www.youtube.com\\\/user\\\/PalazzettoBruZane\",\"https:\\\/\\\/it.wikipedia.org\\\/wiki\\\/Palazzetto_Bru_Zane_-_Centre_de_musique_romantique_fran\u00e7aise\"]}]}<\/script>\n<!-- \/ Yoast SEO plugin. -->","yoast_head_json":{"title":"The Season at the Palazzetto Bru Zane","description":"2026 - Nel corso della stagione 2025-2026, il Palazzetto Bru Zane celebra due figure atipiche del XIX secolo che si possono considerare opposte e complementari:","robots":{"index":"index","follow":"follow","max-snippet":"max-snippet:-1","max-image-preview":"max-image-preview:large","max-video-preview":"max-video-preview:-1"},"canonical":"https:\/\/bru-zane.com\/en\/scopri\/la-stagione-2025-2026\/","og_locale":"en_US","og_type":"article","og_title":"The Season at the Palazzetto Bru Zane","og_description":"2026 - Nel corso della stagione 2025-2026, il Palazzetto Bru Zane celebra due figure atipiche del XIX secolo che si possono considerare opposte e complementari:","og_url":"https:\/\/bru-zane.com\/en\/scopri\/la-stagione-2025-2026\/","og_site_name":"Palazzetto Bru Zane","article_publisher":"https:\/\/www.facebook.com\/PalazzettoBruZane\/","article_modified_time":"2025-07-01T08:06:31+00:00","og_image":[{"width":1920,"height":1080,"url":"https:\/\/bru-zane.com\/wp-content\/uploads\/2025\/06\/Saison-25-26.jpg","type":"image\/jpeg"}],"twitter_card":"summary_large_image","twitter_site":"@BruZane","twitter_misc":{"Est. reading time":"1 minute"},"schema":{"@context":"https:\/\/schema.org","@graph":[{"@type":"WebPage","@id":"https:\/\/bru-zane.com\/en\/scopri\/la-stagione-2025-2026\/","url":"https:\/\/bru-zane.com\/en\/scopri\/la-stagione-2025-2026\/","name":"The Season at the Palazzetto Bru Zane","isPartOf":{"@id":"https:\/\/bru-zane.com\/en\/#website"},"primaryImageOfPage":{"@id":"https:\/\/bru-zane.com\/en\/scopri\/la-stagione-2025-2026\/#primaryimage"},"image":{"@id":"https:\/\/bru-zane.com\/scopri\/la-stagione-2025-2026\/#primaryimage"},"thumbnailUrl":"https:\/\/bru-zane.com\/wp-content\/uploads\/2025\/06\/Saison-25-26.jpg","datePublished":"2025-06-24T09:48:00+00:00","dateModified":"2025-07-01T08:06:31+00:00","description":"2026 - Nel corso della stagione 2025-2026, il Palazzetto Bru Zane celebra due figure atipiche del XIX secolo che si possono considerare opposte e complementari:","breadcrumb":{"@id":"https:\/\/bru-zane.com\/en\/scopri\/la-stagione-2025-2026\/#breadcrumb"},"inLanguage":"en-US","potentialAction":[{"@type":"ReadAction","target":[["https:\/\/bru-zane.com\/en\/scopri\/la-stagione-2025-2026\/"]]}]},{"@type":"ImageObject","inLanguage":"en-US","@id":"https:\/\/bru-zane.com\/en\/scopri\/la-stagione-2025-2026\/#primaryimage","url":"https:\/\/bru-zane.com\/wp-content\/uploads\/2025\/06\/Saison-25-26.jpg","contentUrl":"https:\/\/bru-zane.com\/wp-content\/uploads\/2025\/06\/Saison-25-26.jpg","width":1920,"height":1080},{"@type":"BreadcrumbList","@id":"https:\/\/bru-zane.com\/en\/scopri\/la-stagione-2025-2026\/#breadcrumb","itemListElement":[{"@type":"ListItem","position":1,"name":"Home","item":"https:\/\/bru-zane.com\/en\/"},{"@type":"ListItem","position":2,"name":"D\u00e9couvrir","item":"https:\/\/bru-zane.com\/en\/scopri\/"},{"@type":"ListItem","position":3,"name":"La Saison 2025-2026"}]},{"@type":"WebSite","@id":"https:\/\/bru-zane.com\/en\/#website","url":"https:\/\/bru-zane.com\/en\/","name":"Palazzetto Bru Zane","description":"","publisher":{"@id":"https:\/\/bru-zane.com\/en\/#organization"},"potentialAction":[{"@type":"SearchAction","target":{"@type":"EntryPoint","urlTemplate":"https:\/\/bru-zane.com\/en\/?s={search_term_string}"},"query-input":{"@type":"PropertyValueSpecification","valueRequired":true,"valueName":"search_term_string"}}],"inLanguage":"en-US"},{"@type":"Organization","@id":"https:\/\/bru-zane.com\/en\/#organization","name":"Palazzetto Bru Zane","url":"https:\/\/bru-zane.com\/en\/","logo":{"@type":"ImageObject","inLanguage":"en-US","@id":"https:\/\/bru-zane.com\/en\/#\/schema\/logo\/image\/","url":"https:\/\/bru-zane.com\/wp-content\/uploads\/2019\/03\/logobruzane.png","contentUrl":"https:\/\/bru-zane.com\/wp-content\/uploads\/2019\/03\/logobruzane.png","width":740,"height":1458,"caption":"Palazzetto Bru Zane"},"image":{"@id":"https:\/\/bru-zane.com\/en\/#\/schema\/logo\/image\/"},"sameAs":["https:\/\/www.facebook.com\/PalazzettoBruZane\/","https:\/\/x.com\/BruZane","https:\/\/www.instagram.com\/palazzettobruzane\/","https:\/\/it.linkedin.com\/company\/palazzetto-bru-zane---centre-de-musique-romantique-fran-aise","https:\/\/www.youtube.com\/user\/PalazzettoBruZane","https:\/\/it.wikipedia.org\/wiki\/Palazzetto_Bru_Zane_-_Centre_de_musique_romantique_fran\u00e7aise"]}]}},"_links":{"self":[{"href":"https:\/\/bru-zane.com\/en\/wp-json\/wp\/v2\/pages\/7379","targetHints":{"allow":["GET"]}}],"collection":[{"href":"https:\/\/bru-zane.com\/en\/wp-json\/wp\/v2\/pages"}],"about":[{"href":"https:\/\/bru-zane.com\/en\/wp-json\/wp\/v2\/types\/page"}],"author":[{"embeddable":true,"href":"https:\/\/bru-zane.com\/en\/wp-json\/wp\/v2\/users\/4"}],"replies":[{"embeddable":true,"href":"https:\/\/bru-zane.com\/en\/wp-json\/wp\/v2\/comments?post=7379"}],"version-history":[{"count":4,"href":"https:\/\/bru-zane.com\/en\/wp-json\/wp\/v2\/pages\/7379\/revisions"}],"predecessor-version":[{"id":7411,"href":"https:\/\/bru-zane.com\/en\/wp-json\/wp\/v2\/pages\/7379\/revisions\/7411"}],"up":[{"embeddable":true,"href":"https:\/\/bru-zane.com\/en\/wp-json\/wp\/v2\/pages\/703"}],"wp:featuredmedia":[{"embeddable":true,"href":"https:\/\/bru-zane.com\/en\/wp-json\/wp\/v2\/media\/7426"}],"wp:attachment":[{"href":"https:\/\/bru-zane.com\/en\/wp-json\/wp\/v2\/media?parent=7379"}],"curies":[{"name":"wp","href":"https:\/\/api.w.org\/{rel}","templated":true}]}}